{"id":2891,"date":"2018-06-22T21:10:34","date_gmt":"2018-06-22T19:10:34","guid":{"rendered":"http:\/\/shop.mittgard.de\/?product=import-placeholder-for-3215"},"modified":"2024-12-15T15:26:03","modified_gmt":"2024-12-15T14:26:03","slug":"gardenstone-ostara-eostre-eostar","status":"publish","type":"product","link":"https:\/\/shop.mittgard.de\/?product=gardenstone-ostara-eostre-eostar","title":{"rendered":"Gardenstone &#8222;Ostara Eostre Eostar&#8220;"},"content":{"rendered":"<p>Gab es eine deutsche G\u00f6ttin Ostara? Wurde das deutsche Osterfest nach ihr benannt? Wurzeln die weit verbreiteten Osterbr\u00e4uche in heidnischen Ritualen?<\/p>\n<p>Die Antworten auf diese Fragen sind auch bei Wissenschaftlern umstritten, Glauben und Tatsachen oft kaum auseinander zu halten. Deshalb wurden in diesem Buch alle erreichbaren Quellen zusammengetragen und erl\u00e4utert, so dass der Leser sich selbst ein Urteil bilden kann.<\/p>\n<p>Der Autor hat sich auf die Suche gemacht nach alten Texten, die m\u00f6glicherweise best\u00e4tigen k\u00f6nnten, dass eine G\u00f6ttin Ostara auf dem europ\u00e4ischen Festland verehrt wurde, ebenso wie Eostre in Britannien, \u00fcber die Beda, englischer M\u00f6nch und Historiker des 7.Jahrhunderts, schreibt und von der das englische &#8222;Easter&#8220; stammen soll. Das Bindeglied w\u00e4ren dann die Sachsen, die vom Festland nach England ausgewandert sind.<\/p>\n<p>Es wird aber den Leser \u00fcberlassen abzuw\u00e4gen, ob in Deutschland auf Grund der Quellenlage Ostara, Ostera oder Eostar als Pendant zur englischen Eostre verehrt wurde.<\/p>\n<p>Broschiert, 116 Seiten<\/p>\n","protected":false},"excerpt":{"rendered":"<p>PB<\/p>\n","protected":false},"featured_media":9557,"template":"","meta":[],"product_brand":[],"product_cat":[193,185],"product_tag":[318,1076,351,224,1075],"class_list":{"0":"post-2891","1":"product","2":"type-product","3":"status-publish","4":"has-post-thumbnail","6":"product_cat-germanen","7":"product_cat-literatur","8":"product_tag-asatru","9":"product_tag-fruehling","10":"product_tag-goetter","11":"product_tag-heidentum","12":"product_tag-ostern","13":"product_shipping_class-paket","15":"first","16":"onbackorder","17":"taxable","18":"shipping-taxable","19":"purchasable","20":"product-type-simple"},"_links":{"self":[{"href":"https:\/\/shop.mittgard.de\/index.php?rest_route=\/wp\/v2\/product\/2891","targetHints":{"allow":["GET"]}}],"collection":[{"href":"https:\/\/shop.mittgard.de\/index.php?rest_route=\/wp\/v2\/product"}],"about":[{"href":"https:\/\/shop.mittgard.de\/index.php?rest_route=\/wp\/v2\/types\/product"}],"wp:featuredmedia":[{"embeddable":true,"href":"https:\/\/shop.mittgard.de\/index.php?rest_route=\/wp\/v2\/media\/9557"}],"wp:attachment":[{"href":"https:\/\/shop.mittgard.de\/index.php?rest_route=%2Fwp%2Fv2%2Fmedia&parent=2891"}],"wp:term":[{"taxonomy":"product_brand","embeddable":true,"href":"https:\/\/shop.mittgard.de\/index.php?rest_route=%2Fwp%2Fv2%2Fproduct_brand&post=2891"},{"taxonomy":"product_cat","embeddable":true,"href":"https:\/\/shop.mittgard.de\/index.php?rest_route=%2Fwp%2Fv2%2Fproduct_cat&post=2891"},{"taxonomy":"product_tag","embeddable":true,"href":"https:\/\/shop.mittgard.de\/index.php?rest_route=%2Fwp%2Fv2%2Fproduct_tag&post=2891"}],"curies":[{"name":"wp","href":"https:\/\/api.w.org\/{rel}","templated":true}]}}