{"id":2894,"date":"2018-06-22T21:10:35","date_gmt":"2018-06-22T19:10:35","guid":{"rendered":"http:\/\/shop.mittgard.de\/?product=import-placeholder-for-3218"},"modified":"2024-12-15T15:28:56","modified_gmt":"2024-12-15T14:28:56","slug":"gorewicz-igor-borek-and-the-slavonic-gods","status":"publish","type":"product","link":"https:\/\/shop.mittgard.de\/?product=gorewicz-igor-borek-and-the-slavonic-gods","title":{"rendered":"Gorewicz, Igor &#8222;Borek and the Slavonic Gods&#8220;"},"content":{"rendered":"<p>auf \u00fcber 150 Seiten werden hier kindgerecht die slawischen G\u00f6tter erkl\u00e4rt mit wundersch\u00f6nen gro\u00dfen farbigen Bildern, wie man es sonst nur von Voenix kennt, leider nur auf englisch lieferbar<\/p>\n<p>Discover Slavonic Mythology!<\/p>\n<p>Find a treasure hidden by holy men of old!<\/p>\n<p>Travel in time with borek and tread mythical lands, sacred groves, wondrous places and the dark underworld. Scud the sky on the back of a proud black horse and beware of the great wild boar and the werewolves. Meet warriors, seers, guardiands of the fire and spinners of fate. Explore the authentic ancient pantheon of the slavonic gods.<\/p>\n<p>The first novel to introduce children and young readers to the old beliefs of the slavs.<\/p>\n<p>Broschiert, 158 Seiten<\/p>\n","protected":false},"excerpt":{"rendered":"<p>PB<\/p>\n","protected":false},"featured_media":4733,"template":"","meta":[],"product_brand":[],"product_cat":[193,185],"product_tag":[877,351,252,353],"class_list":{"0":"post-2894","1":"product","2":"type-product","3":"status-publish","4":"has-post-thumbnail","6":"product_cat-germanen","7":"product_cat-literatur","8":"product_tag-englisch","9":"product_tag-goetter","10":"product_tag-kinder","11":"product_tag-slawen","12":"product_shipping_class-paket","14":"first","15":"instock","16":"taxable","17":"shipping-taxable","18":"purchasable","19":"product-type-simple"},"_links":{"self":[{"href":"https:\/\/shop.mittgard.de\/index.php?rest_route=\/wp\/v2\/product\/2894","targetHints":{"allow":["GET"]}}],"collection":[{"href":"https:\/\/shop.mittgard.de\/index.php?rest_route=\/wp\/v2\/product"}],"about":[{"href":"https:\/\/shop.mittgard.de\/index.php?rest_route=\/wp\/v2\/types\/product"}],"wp:featuredmedia":[{"embeddable":true,"href":"https:\/\/shop.mittgard.de\/index.php?rest_route=\/wp\/v2\/media\/4733"}],"wp:attachment":[{"href":"https:\/\/shop.mittgard.de\/index.php?rest_route=%2Fwp%2Fv2%2Fmedia&parent=2894"}],"wp:term":[{"taxonomy":"product_brand","embeddable":true,"href":"https:\/\/shop.mittgard.de\/index.php?rest_route=%2Fwp%2Fv2%2Fproduct_brand&post=2894"},{"taxonomy":"product_cat","embeddable":true,"href":"https:\/\/shop.mittgard.de\/index.php?rest_route=%2Fwp%2Fv2%2Fproduct_cat&post=2894"},{"taxonomy":"product_tag","embeddable":true,"href":"https:\/\/shop.mittgard.de\/index.php?rest_route=%2Fwp%2Fv2%2Fproduct_tag&post=2894"}],"curies":[{"name":"wp","href":"https:\/\/api.w.org\/{rel}","templated":true}]}}