{"id":2914,"date":"2018-06-22T21:10:37","date_gmt":"2018-06-22T19:10:37","guid":{"rendered":"http:\/\/shop.mittgard.de\/?product=import-placeholder-for-3238"},"modified":"2025-10-06T13:03:08","modified_gmt":"2025-10-06T11:03:08","slug":"kershaw-kris-odin","status":"publish","type":"product","link":"https:\/\/shop.mittgard.de\/?product=kershaw-kris-odin","title":{"rendered":"Kershaw, Kris &#8222;Odin&#8220;"},"content":{"rendered":"<p>Der ein\u00e4ugige Gott und die indogermanischen M\u00e4nnerb\u00fcnde<\/p>\n<p>Odin<\/p>\n<p>\u2026 thront in Walhall, wo er die gefallenen Helden, die Einherier, um sich versammelt;<\/p>\n<p>\u2026 braust als Sturmgott Wotan durch die Nacht, ist der Anf\u00fchrer der Wilden Jagd der Toten;<\/p>\n<p>\u2026h\u00e4ngt sich selbst zum Opfer neun N\u00e4chte an der Weltesche Yggdrasil, um die Weisheit der Runen zu erlangen;<\/p>\n<p>&#8230; raubt den Dichtermet und opfert sogar sein Auge an Mimirs Brunnen, um einen Schluck aus dem Weisheitsborn zu trinken;<\/p>\n<p>&#8230; ist Poet, feuriger Liebhaber, schicksalskundiger Schamane und der ewige, ein\u00e4ugige Wanderer mit Stock, Mantel und Schlapphut.<\/p>\n<p>Kris Kershaw entdeckt in alten Quellen einen &#8218;Ur-Odin&#8216;, der von Island bis nach Indien der g\u00f6ttliche Anf\u00fchrer kriegerisch-religi\u00f6ser M\u00e4nnerb\u00fcnde war.<\/p>\n<p>Gebundene Ausgabe, 312 Seiten<\/p>\n","protected":false},"excerpt":{"rendered":"<p>Br<\/p>\n","protected":false},"featured_media":7233,"template":"","meta":[],"product_brand":[],"product_cat":[193,185],"product_tag":[318,351,224,360,358],"class_list":{"0":"post-2914","1":"product","2":"type-product","3":"status-publish","4":"has-post-thumbnail","6":"product_cat-germanen","7":"product_cat-literatur","8":"product_tag-asatru","9":"product_tag-goetter","10":"product_tag-heidentum","11":"product_tag-maenner","12":"product_tag-odin","13":"product_shipping_class-paket","15":"first","16":"onbackorder","17":"taxable","18":"shipping-taxable","19":"purchasable","20":"product-type-simple"},"_links":{"self":[{"href":"https:\/\/shop.mittgard.de\/index.php?rest_route=\/wp\/v2\/product\/2914","targetHints":{"allow":["GET"]}}],"collection":[{"href":"https:\/\/shop.mittgard.de\/index.php?rest_route=\/wp\/v2\/product"}],"about":[{"href":"https:\/\/shop.mittgard.de\/index.php?rest_route=\/wp\/v2\/types\/product"}],"wp:featuredmedia":[{"embeddable":true,"href":"https:\/\/shop.mittgard.de\/index.php?rest_route=\/wp\/v2\/media\/7233"}],"wp:attachment":[{"href":"https:\/\/shop.mittgard.de\/index.php?rest_route=%2Fwp%2Fv2%2Fmedia&parent=2914"}],"wp:term":[{"taxonomy":"product_brand","embeddable":true,"href":"https:\/\/shop.mittgard.de\/index.php?rest_route=%2Fwp%2Fv2%2Fproduct_brand&post=2914"},{"taxonomy":"product_cat","embeddable":true,"href":"https:\/\/shop.mittgard.de\/index.php?rest_route=%2Fwp%2Fv2%2Fproduct_cat&post=2914"},{"taxonomy":"product_tag","embeddable":true,"href":"https:\/\/shop.mittgard.de\/index.php?rest_route=%2Fwp%2Fv2%2Fproduct_tag&post=2914"}],"curies":[{"name":"wp","href":"https:\/\/api.w.org\/{rel}","templated":true}]}}