{"id":2924,"date":"2018-06-22T21:10:43","date_gmt":"2018-06-22T19:10:43","guid":{"rendered":"http:\/\/shop.mittgard.de\/?product=import-placeholder-for-3248"},"modified":"2024-12-15T15:52:11","modified_gmt":"2024-12-15T14:52:11","slug":"oertel-kurt-gundarsson-kveldulf-hagan-asatru-die-rueckkehr-der-goetter","status":"publish","type":"product","link":"https:\/\/shop.mittgard.de\/?product=oertel-kurt-gundarsson-kveldulf-hagan-asatru-die-rueckkehr-der-goetter","title":{"rendered":"Oertel, Kurt &#038; Gundarsson, Kveldulf Hagan &#8222;\u00c1satr\u00fa &#8211; Die R\u00fcckkehr der G\u00f6tter&#8220;"},"content":{"rendered":"<p>die deutsche \u00dcbersetzung des &#8222;Our Troth&#8220; &#8211; Grundlagenwerk des germanischen Glaubens<\/p>\n<p>\u00c1satr\u00fa &#8211; die Verehrung der germanischen Gottheiten &#8211; findet in zahlreichen L\u00e4ndern verst\u00e4rkten Zulauf. Im Gegensatz zu fr\u00fcheren Ans\u00e4tzen aus v\u00f6lkischen Kreisen st\u00fctzt \u00c1satr\u00fa sich m\u00f6glichst genau auf die historischen Quellen und Ergebnisse fachwissenschaftlicher Forschung.<\/p>\n<p>Kveld\u00falf Gundarsson aber ist nicht nur ein an der renommierten Universit\u00e4t von Cambridge promovierter Altnordist und Sch\u00fcler von H.R. Ellis-Davidson, sondern auch langj\u00e4hriger bekennender und praktizierender Heide, wobei der Text von dem deutschen Herausgeber abermals aktualisiert und erweitert wurde. Der Inhalt ist somit auf bestm\u00f6glichem Wissensstand, wobei zahlreiche internationale Forschungsergebnisse erstmals in Deutsch und allgemein verst\u00e4ndlich vorgestellt werden, w\u00e4hrend die Ann\u00e4herung aus heidnischer Sicht durch die Erfahrungen einer langj\u00e4hrigen Glaubenspraxis untermauert wird. Und diese zweigleisige Behandlung des Themas ist das eigentlich Bemerkenswerte an diesem Buch.<\/p>\n<p>Der Inhalt umfasst die Geschichte religi\u00f6ser Ideen von der Steinzeit bis zur Christianisierung, deren Wiederentdeckung seit dem 19.Jahrhundert, die Darstellung der einzelnen Gottheiten und der Wesen der niederen Mythologie, die alten Vorstellungen \u00fcber Zusammensetzung menschlicher Pers\u00f6nlichkeit, Jenseitsvorstellungen, das Bild der neuen Welten sowie heidnische Tugenden.<\/p>\n<p>Das Buch bezieht klare Position gegen\u00fcber jenen, die das Bild der Germanen wieder auf die verzerrte Vorstellung romantischer Verkl\u00e4rung des 19.Jahrhunderts oder auf v\u00f6lkische Muster zur\u00fcckf\u00fchren und ihre eigenen esoterischen \u00dcberzeugungen oder Utopien auf die vorchristliche Zeit projizieren wollen.<\/p>\n<p>Gebundene Ausgabe: 496 Seiten<\/p>\n","protected":false},"excerpt":{"rendered":"<p>HC<\/p>\n","protected":false},"featured_media":3935,"template":"","meta":[],"product_brand":[],"product_cat":[193,185],"product_tag":[318,327,351,224,248],"class_list":{"0":"post-2924","1":"product","2":"type-product","3":"status-publish","4":"has-post-thumbnail","6":"product_cat-germanen","7":"product_cat-literatur","8":"product_tag-asatru","9":"product_tag-geschichte","10":"product_tag-goetter","11":"product_tag-heidentum","12":"product_tag-ritual","13":"product_shipping_class-paket","15":"first","16":"outofstock","17":"taxable","18":"shipping-taxable","19":"purchasable","20":"product-type-simple"},"_links":{"self":[{"href":"https:\/\/shop.mittgard.de\/index.php?rest_route=\/wp\/v2\/product\/2924","targetHints":{"allow":["GET"]}}],"collection":[{"href":"https:\/\/shop.mittgard.de\/index.php?rest_route=\/wp\/v2\/product"}],"about":[{"href":"https:\/\/shop.mittgard.de\/index.php?rest_route=\/wp\/v2\/types\/product"}],"wp:featuredmedia":[{"embeddable":true,"href":"https:\/\/shop.mittgard.de\/index.php?rest_route=\/wp\/v2\/media\/3935"}],"wp:attachment":[{"href":"https:\/\/shop.mittgard.de\/index.php?rest_route=%2Fwp%2Fv2%2Fmedia&parent=2924"}],"wp:term":[{"taxonomy":"product_brand","embeddable":true,"href":"https:\/\/shop.mittgard.de\/index.php?rest_route=%2Fwp%2Fv2%2Fproduct_brand&post=2924"},{"taxonomy":"product_cat","embeddable":true,"href":"https:\/\/shop.mittgard.de\/index.php?rest_route=%2Fwp%2Fv2%2Fproduct_cat&post=2924"},{"taxonomy":"product_tag","embeddable":true,"href":"https:\/\/shop.mittgard.de\/index.php?rest_route=%2Fwp%2Fv2%2Fproduct_tag&post=2924"}],"curies":[{"name":"wp","href":"https:\/\/api.w.org\/{rel}","templated":true}]}}