{"id":2928,"date":"2018-06-22T21:10:44","date_gmt":"2018-06-22T19:10:44","guid":{"rendered":"http:\/\/shop.mittgard.de\/?product=import-placeholder-for-3252"},"modified":"2024-12-15T15:59:28","modified_gmt":"2024-12-15T14:59:28","slug":"raetsch-christian-der-heilige-hain","status":"publish","type":"product","link":"https:\/\/shop.mittgard.de\/?product=raetsch-christian-der-heilige-hain","title":{"rendered":"R\u00e4tsch, Christian &#8222;Der Heilige Hain&#8220;"},"content":{"rendered":"<p>germanische Zauberpflanzen. heilige B\u00e4ume und schamanische Rituale<\/p>\n<p>Die germanische Kultur wurde von einer schamanischen Mythologie getragen, ihre Spiritualit\u00e4t wurde durch heilige Pflanzen, psychoaktives R\u00e4ucherwerk und Rauschtr\u00e4nke inspiriert. Der Tempel der Germanen war der Wald, der Heilige Hain. Die B\u00e4ume waren Gottheiten, und die Pflanzen hatten Zauberkraft.<\/p>\n<p>Christian R\u00e4tsch &#8211; profunder Kenner der Materie &#8211; berichtet in diesem Buch von germanischen Weltenb\u00e4umen, Narrenschw\u00e4mmen, Zauberpflanzen und Orakelblumen, von R\u00e4ucherwerk, Rauschtr\u00e4nken und Runenzauber. Er \u00f6ffnet die fast vergessenen Tore zum Heiligen Hain und zu seinen Wundergew\u00e4chsen und zeigt Rituale, schamanische Praktiken und den Gebrauch von heimischen Zauberpflanzen.<\/p>\n<p>Ein spannender Zugang zu unserem heidnischen Erbe und zu unseren schamanischen Wurzeln.<\/p>\n<p>Gebundene Ausgabe, 120 Seiten<\/p>\n","protected":false},"excerpt":{"rendered":"<p>Geb<\/p>\n","protected":false},"featured_media":7806,"template":"","meta":[],"product_brand":[],"product_cat":[193,185],"product_tag":[366,223,365],"class_list":{"0":"post-2928","1":"product","2":"type-product","3":"status-publish","4":"has-post-thumbnail","6":"product_cat-germanen","7":"product_cat-literatur","8":"product_tag-kraeuter","9":"product_tag-naturreligion","10":"product_tag-schamanismus","11":"product_shipping_class-paket","13":"first","14":"instock","15":"taxable","16":"shipping-taxable","17":"purchasable","18":"product-type-simple"},"_links":{"self":[{"href":"https:\/\/shop.mittgard.de\/index.php?rest_route=\/wp\/v2\/product\/2928","targetHints":{"allow":["GET"]}}],"collection":[{"href":"https:\/\/shop.mittgard.de\/index.php?rest_route=\/wp\/v2\/product"}],"about":[{"href":"https:\/\/shop.mittgard.de\/index.php?rest_route=\/wp\/v2\/types\/product"}],"wp:featuredmedia":[{"embeddable":true,"href":"https:\/\/shop.mittgard.de\/index.php?rest_route=\/wp\/v2\/media\/7806"}],"wp:attachment":[{"href":"https:\/\/shop.mittgard.de\/index.php?rest_route=%2Fwp%2Fv2%2Fmedia&parent=2928"}],"wp:term":[{"taxonomy":"product_brand","embeddable":true,"href":"https:\/\/shop.mittgard.de\/index.php?rest_route=%2Fwp%2Fv2%2Fproduct_brand&post=2928"},{"taxonomy":"product_cat","embeddable":true,"href":"https:\/\/shop.mittgard.de\/index.php?rest_route=%2Fwp%2Fv2%2Fproduct_cat&post=2928"},{"taxonomy":"product_tag","embeddable":true,"href":"https:\/\/shop.mittgard.de\/index.php?rest_route=%2Fwp%2Fv2%2Fproduct_tag&post=2928"}],"curies":[{"name":"wp","href":"https:\/\/api.w.org\/{rel}","templated":true}]}}