{"id":2930,"date":"2018-06-22T21:10:44","date_gmt":"2018-06-22T19:10:44","guid":{"rendered":"http:\/\/shop.mittgard.de\/?product=import-placeholder-for-3254"},"modified":"2024-12-15T16:11:07","modified_gmt":"2024-12-15T15:11:07","slug":"schweiger-zerling-masken-im-alpenraum","status":"publish","type":"product","link":"https:\/\/shop.mittgard.de\/?product=schweiger-zerling-masken-im-alpenraum","title":{"rendered":"Schweiger\/Zerling &#8222;Masken im Alpenraum&#8220;"},"content":{"rendered":"<p>Perchten, Tresterer, Wilde Leut<\/p>\n<p>Masken spielen in allen Kulturen eine gro\u00dfe Rolle. Auch in Europa sind schon aus der Zeit der griechischen Antike Maskenumz\u00fcge zu Ehren des Gottes Dionysos bekannt. Viele unserer Maskenbr\u00e4uche d\u00fcrften sogar auf vorchristliche keltische und germanische Wurzeln zur\u00fcckgehen. Masken stellen eine Verbindung zum Unterbewussten, zu archaischen Kulturschichten und zur &#8222;Anderswelt&#8220; her. Lebendige Maskenbr\u00e4uche erf\u00fcllen auch in der modernen Welt noch eine vielf\u00e4ltige soziale Funktion. Und gerade das letzte Jahrzehnt ist vom Entstehen neuer Maskenbr\u00e4uche und der Wiederbelebung alter Umz\u00fcge gekennzeichnet.<\/p>\n<p>Das umfassend illustrierte Buch f\u00fchrt den Leser zu den spannendsten Masken und Maskenbr\u00e4uchen im Alpenraum.<\/p>\n<ul>\n<li>Die Gestalten der Frau Perchta, Perchtenumz\u00fcge in Deutschland und \u00d6sterreich.<\/li>\n<li>Tiroler Maskenbr\u00e4uche: Blochzieher in Fiss, Wampeler, Tuxer und Jumos in Axam, Schemenl\u00e4ufer in Imst, Muller und Huttler in Thaur, Schleicher in Telfs und Scheller in Nasserreith&#8230;<\/li>\n<li>S\u00fcdtiroler Maskenbr\u00e4uche zwischen Harlekinade und religi\u00f6sem Schauspiel: Klosen in Stilfs, Egetmannszug in Tramin, Zuccarello und Pieve di teco in Ligurien&#8230;<\/li>\n<li>Schweizer Maskenbr\u00e4uche: Iffeltr\u00e4ger in Surset und K\u00fc\u00dfnacht, Silvesterklausen im Appenzeller Land, Wilde Leute im L\u00f6tschental, Haderpotschete in Interlaken&#8230;<\/li>\n<li>Gl\u00f6ckler im Salzkammergut<\/li>\n<li>Krampusse als Begleiter des Nikolaus<\/li>\n<li>Teufelsmasken gestern und heute<\/li>\n<\/ul>\n<p>Gebundene Ausgabe, 160 Seiten<\/p>\n","protected":false},"excerpt":{"rendered":"<p>Geb<\/p>\n","protected":false},"featured_media":4685,"template":"","meta":[],"product_brand":[],"product_cat":[193,185],"product_tag":[368,367,248],"class_list":{"0":"post-2930","1":"product","2":"type-product","3":"status-publish","4":"has-post-thumbnail","6":"product_cat-germanen","7":"product_cat-literatur","8":"product_tag-alpen","9":"product_tag-archaisch","10":"product_tag-ritual","11":"product_shipping_class-paket","13":"first","14":"onbackorder","15":"taxable","16":"shipping-taxable","17":"purchasable","18":"product-type-simple"},"_links":{"self":[{"href":"https:\/\/shop.mittgard.de\/index.php?rest_route=\/wp\/v2\/product\/2930","targetHints":{"allow":["GET"]}}],"collection":[{"href":"https:\/\/shop.mittgard.de\/index.php?rest_route=\/wp\/v2\/product"}],"about":[{"href":"https:\/\/shop.mittgard.de\/index.php?rest_route=\/wp\/v2\/types\/product"}],"wp:featuredmedia":[{"embeddable":true,"href":"https:\/\/shop.mittgard.de\/index.php?rest_route=\/wp\/v2\/media\/4685"}],"wp:attachment":[{"href":"https:\/\/shop.mittgard.de\/index.php?rest_route=%2Fwp%2Fv2%2Fmedia&parent=2930"}],"wp:term":[{"taxonomy":"product_brand","embeddable":true,"href":"https:\/\/shop.mittgard.de\/index.php?rest_route=%2Fwp%2Fv2%2Fproduct_brand&post=2930"},{"taxonomy":"product_cat","embeddable":true,"href":"https:\/\/shop.mittgard.de\/index.php?rest_route=%2Fwp%2Fv2%2Fproduct_cat&post=2930"},{"taxonomy":"product_tag","embeddable":true,"href":"https:\/\/shop.mittgard.de\/index.php?rest_route=%2Fwp%2Fv2%2Fproduct_tag&post=2930"}],"curies":[{"name":"wp","href":"https:\/\/api.w.org\/{rel}","templated":true}]}}