{"id":2933,"date":"2018-06-22T21:10:44","date_gmt":"2018-06-22T19:10:44","guid":{"rendered":"http:\/\/shop.mittgard.de\/?product=import-placeholder-for-3257"},"modified":"2024-12-15T16:16:42","modified_gmt":"2024-12-15T15:16:42","slug":"simrock-karl-die-edda-2","status":"publish","type":"product","link":"https:\/\/shop.mittgard.de\/?product=simrock-karl-die-edda-2","title":{"rendered":"Simrock, Karl &#8222;Die Edda&#8220;"},"content":{"rendered":"<p>Die G\u00f6tter- und Heldenlieder der Germanen<\/p>\n<p>Die &#8222;Edda&#8220; ist die bedeutendste Sammlung altnordischer G\u00f6tter- und Heldenlieder des Mittelalters. Sie \u00fcberliefert den Glaubens- und Sagenschatz der Wikinger und Germanen und wurde vermutlich im 13. Jahrhundert zusammengetragen. Den gr\u00f6\u00dften Raum nehmen dabei die Erz\u00e4hlungen aus der Nibelungensage ein, die sp\u00e4ter im ber\u00fchmten &#8222;Nibelungenlied&#8220; verarbeitet wurden und auch Richard Wagner zu seinem &#8222;Ring der Nibelungen&#8220; inspirierten. Ein au\u00dfergew\u00f6hnliches Leseerlebnis mit Texten von bet\u00f6render Kraft und lyrischer Dichte in der \u00dcbertragung von Karl Simrock.<\/p>\n<p>Gebundene Ausgabe, 288 Seiten<\/p>\n","protected":false},"excerpt":{"rendered":"<p>Geb<\/p>\n","protected":false},"featured_media":4949,"template":"","meta":[],"product_brand":[],"product_cat":[193,185],"product_tag":[318,348,336,311],"class_list":{"0":"post-2933","1":"product","2":"type-product","3":"status-publish","4":"has-post-thumbnail","6":"product_cat-germanen","7":"product_cat-literatur","8":"product_tag-asatru","9":"product_tag-edda","10":"product_tag-germanen","11":"product_tag-wikinger","12":"product_shipping_class-paket","14":"first","15":"onbackorder","16":"taxable","17":"shipping-taxable","18":"purchasable","19":"product-type-simple"},"_links":{"self":[{"href":"https:\/\/shop.mittgard.de\/index.php?rest_route=\/wp\/v2\/product\/2933","targetHints":{"allow":["GET"]}}],"collection":[{"href":"https:\/\/shop.mittgard.de\/index.php?rest_route=\/wp\/v2\/product"}],"about":[{"href":"https:\/\/shop.mittgard.de\/index.php?rest_route=\/wp\/v2\/types\/product"}],"wp:featuredmedia":[{"embeddable":true,"href":"https:\/\/shop.mittgard.de\/index.php?rest_route=\/wp\/v2\/media\/4949"}],"wp:attachment":[{"href":"https:\/\/shop.mittgard.de\/index.php?rest_route=%2Fwp%2Fv2%2Fmedia&parent=2933"}],"wp:term":[{"taxonomy":"product_brand","embeddable":true,"href":"https:\/\/shop.mittgard.de\/index.php?rest_route=%2Fwp%2Fv2%2Fproduct_brand&post=2933"},{"taxonomy":"product_cat","embeddable":true,"href":"https:\/\/shop.mittgard.de\/index.php?rest_route=%2Fwp%2Fv2%2Fproduct_cat&post=2933"},{"taxonomy":"product_tag","embeddable":true,"href":"https:\/\/shop.mittgard.de\/index.php?rest_route=%2Fwp%2Fv2%2Fproduct_tag&post=2933"}],"curies":[{"name":"wp","href":"https:\/\/api.w.org\/{rel}","templated":true}]}}