{"id":2934,"date":"2018-06-22T21:10:45","date_gmt":"2018-06-22T19:10:45","guid":{"rendered":"http:\/\/shop.mittgard.de\/?product=import-placeholder-for-3258"},"modified":"2025-01-04T09:03:28","modified_gmt":"2025-01-04T08:03:28","slug":"steinbock-fritz-am-anfang-war-die-kuh","status":"publish","type":"product","link":"https:\/\/shop.mittgard.de\/?product=steinbock-fritz-am-anfang-war-die-kuh","title":{"rendered":"Steinbock, Fritz &#8222;Am Anfang war die Kuh&#8220;"},"content":{"rendered":"<p>Das Kultbuch von Fritz Steinbock endlich wieder lieferbar! F\u00fcr alle Heiden, die sich nicht so bierernst nehmen und auch mal \u00fcber sich lachen k\u00f6nnen.<\/p>\n<p>&#8222;Die Geschichten strotzen nur so von Humor und Situationskomik, so da\u00df man sich konstant die Lachtr\u00e4nen aus dem Auge wischen mu\u00df.(\u2026) Solange solche B\u00fccher entstehen und ver\u00f6ffentlicht werden, braucht einem um unser Heidentum nicht bange zu werden.&#8220; &#8211; Kurt Oertel &#8211;<\/p>\n<p>In der Mythologie der Germanen beginnt die Geschichte des Kosmos mit einer Kuh. Sie steht am Anfang des Reigens von kurzen Geschichten, in denen sich die alten G\u00f6tter aus Asgard aller Welt einmal aus etwas anderem Blickwinkel zeigen. Mit Biss und Humor treten sie aus dem Fackelschein mythischer Zeitlosigkeit direkt ins grelle Neonlicht unserer Gegenwart. Sie haben alte und neue Probleme zu l\u00f6sen und schlagen sich mit der verr\u00fccktesten Spezies auf Mutter Erde, den Menschen, herum. Das war schon mit den Helden der Vorzeit schwer und ist heute nicht leichter geworden. Und gerade mit denjenigen, die ihre Wiederkehr am meisten freut, haben die G\u00f6tter oft ihre liebe Not&#8230;<\/p>\n<p>Fritz Steinbock mischt moderne Nacherz\u00e4hlungen traditioneller Mythen mit fantastischen und satirischen Kurzgeschichten, in denen er auf vergn\u00fcgliche Art ein paar Einblicke in die Vielfalt des alten und neuen Heidentums gibt. Dabei spart er nicht mit Selbstironie und Kritik an den Irrwegen, die manche gehen. Er zeigt aber auch, was die Heiden von heute bewegt, und st\u00f6\u00dft T\u00fcren in eine Welt auf, in der Mephistopheles nur ein Pudel ist, ein Rabe den Durchblick hat und ein Kind auf dem Schaukelpferd tiefer blickt als Philosophen und Priester auf hohem Ross&#8230;<\/p>\n<p>Broschiert, 166 Seiten<\/p>\n","protected":false},"excerpt":{"rendered":"<p>PB<\/p>\n","protected":false},"featured_media":3952,"template":"","meta":[],"product_brand":[],"product_cat":[193,185],"product_tag":[318,351,371],"class_list":{"0":"post-2934","1":"product","2":"type-product","3":"status-publish","4":"has-post-thumbnail","6":"product_cat-germanen","7":"product_cat-literatur","8":"product_tag-asatru","9":"product_tag-goetter","10":"product_tag-heidenspass","11":"product_shipping_class-paket","13":"first","14":"instock","15":"taxable","16":"shipping-taxable","17":"purchasable","18":"product-type-simple"},"_links":{"self":[{"href":"https:\/\/shop.mittgard.de\/index.php?rest_route=\/wp\/v2\/product\/2934","targetHints":{"allow":["GET"]}}],"collection":[{"href":"https:\/\/shop.mittgard.de\/index.php?rest_route=\/wp\/v2\/product"}],"about":[{"href":"https:\/\/shop.mittgard.de\/index.php?rest_route=\/wp\/v2\/types\/product"}],"wp:featuredmedia":[{"embeddable":true,"href":"https:\/\/shop.mittgard.de\/index.php?rest_route=\/wp\/v2\/media\/3952"}],"wp:attachment":[{"href":"https:\/\/shop.mittgard.de\/index.php?rest_route=%2Fwp%2Fv2%2Fmedia&parent=2934"}],"wp:term":[{"taxonomy":"product_brand","embeddable":true,"href":"https:\/\/shop.mittgard.de\/index.php?rest_route=%2Fwp%2Fv2%2Fproduct_brand&post=2934"},{"taxonomy":"product_cat","embeddable":true,"href":"https:\/\/shop.mittgard.de\/index.php?rest_route=%2Fwp%2Fv2%2Fproduct_cat&post=2934"},{"taxonomy":"product_tag","embeddable":true,"href":"https:\/\/shop.mittgard.de\/index.php?rest_route=%2Fwp%2Fv2%2Fproduct_tag&post=2934"}],"curies":[{"name":"wp","href":"https:\/\/api.w.org\/{rel}","templated":true}]}}