{"id":2938,"date":"2018-06-22T21:10:45","date_gmt":"2018-06-22T19:10:45","guid":{"rendered":"http:\/\/shop.mittgard.de\/?product=import-placeholder-for-3262"},"modified":"2025-10-15T13:56:13","modified_gmt":"2025-10-15T11:56:13","slug":"sturluson-snorri-heimskringla-sagen-der-nordischen-koenige","status":"publish","type":"product","link":"https:\/\/shop.mittgard.de\/?product=sturluson-snorri-heimskringla-sagen-der-nordischen-koenige","title":{"rendered":"Sturluson, Snorri &#8222;Heimskringla &#8211; Sagen der nordischen K\u00f6nige&#8220;"},"content":{"rendered":"<p>Beginnend mit der Ynglinga Saga \u00fcber die Olafs Saga, von Harald Sch\u00f6nhaar, Hakkon den Guten, Harald Tryggvason, Magnus den Guten, Harald den Harten und vielen anderen gro\u00dfen nordischen K\u00f6nigen<\/p>\n<p>Die K\u00f6nigsmythen der nordischen V\u00f6lker<\/p>\n<p>In Snorri Sturlusons monumentalen Werk Heimskringla begegnen uns die sch\u00f6nsten und wichtigsten K\u00f6nigssagen des nordischen Mittelalters, beginnend mit der Ynglinga Saga \u00fcber die mythische Urgeschichte des Nordens, sich fortsetzend in mehr als einem Dutzend gro\u00dfartiger, literarisch eigenst\u00e4ndiger, chronologisch zusammenh\u00e4ngender K\u00f6nigssagen, die bis in die Zeit um 1177 reichen.<\/p>\n<p>Dialogreich und spannend erz\u00e4hlt sind diese Sagen, in deren Zentrum die ber\u00fchmte und sehr umfangreiche Olavs Saga steht. Weitere bekannte Geschichten sind jene \u00fcber Harald Sch\u00f6nhaar, Hakon den Guten, Harald Tryggvason, Magnus den Guten, Harald den Harten, Magnus Barfu\u00df, Sigurd den Jerusalemsfahrer, Magnus den Blinden und Harald Hille, Hakon Breitschulter und Magnus Erlingsson, um nur die wichtigsten zu nennen. Diese nordischen Abenteurer brachten einen reichen Schatz skandinavischer Traditionen mit, und im Laufe der folgenden Jahrhunderte wurde Island zur Schatzkammer der Wikinger-\u00dcberlieferung.<\/p>\n<p>Gebundene Ausgabe, 768 Seiten<\/p>\n","protected":false},"excerpt":{"rendered":"<p>Geb<\/p>\n","protected":false},"featured_media":3959,"template":"","meta":[],"product_brand":[],"product_cat":[193,185],"product_tag":[357,305,359,311],"class_list":{"0":"post-2938","1":"product","2":"type-product","3":"status-publish","4":"has-post-thumbnail","6":"product_cat-germanen","7":"product_cat-literatur","8":"product_tag-island","9":"product_tag-sagen","10":"product_tag-skandinavien","11":"product_tag-wikinger","12":"product_shipping_class-paket","14":"first","15":"outofstock","16":"taxable","17":"shipping-taxable","18":"purchasable","19":"product-type-simple"},"_links":{"self":[{"href":"https:\/\/shop.mittgard.de\/index.php?rest_route=\/wp\/v2\/product\/2938","targetHints":{"allow":["GET"]}}],"collection":[{"href":"https:\/\/shop.mittgard.de\/index.php?rest_route=\/wp\/v2\/product"}],"about":[{"href":"https:\/\/shop.mittgard.de\/index.php?rest_route=\/wp\/v2\/types\/product"}],"wp:featuredmedia":[{"embeddable":true,"href":"https:\/\/shop.mittgard.de\/index.php?rest_route=\/wp\/v2\/media\/3959"}],"wp:attachment":[{"href":"https:\/\/shop.mittgard.de\/index.php?rest_route=%2Fwp%2Fv2%2Fmedia&parent=2938"}],"wp:term":[{"taxonomy":"product_brand","embeddable":true,"href":"https:\/\/shop.mittgard.de\/index.php?rest_route=%2Fwp%2Fv2%2Fproduct_brand&post=2938"},{"taxonomy":"product_cat","embeddable":true,"href":"https:\/\/shop.mittgard.de\/index.php?rest_route=%2Fwp%2Fv2%2Fproduct_cat&post=2938"},{"taxonomy":"product_tag","embeddable":true,"href":"https:\/\/shop.mittgard.de\/index.php?rest_route=%2Fwp%2Fv2%2Fproduct_tag&post=2938"}],"curies":[{"name":"wp","href":"https:\/\/api.w.org\/{rel}","templated":true}]}}