{"id":2941,"date":"2018-06-22T21:10:46","date_gmt":"2018-06-22T19:10:46","guid":{"rendered":"http:\/\/shop.mittgard.de\/?product=import-placeholder-for-3265"},"modified":"2024-12-15T12:37:51","modified_gmt":"2024-12-15T11:37:51","slug":"ulbrich-bjoern-romana-dein-name-sei","status":"publish","type":"product","link":"https:\/\/shop.mittgard.de\/?product=ulbrich-bjoern-romana-dein-name-sei","title":{"rendered":"Ulbrich, Bj\u00f6rn &#038; Romana &#8222;Dein Name sei&#8220;"},"content":{"rendered":"<p>Rituale &amp; Zeremonien zu Geburt &amp; Namensgebung<\/p>\n<p>Romana und Bj\u00f6rn Ulbricht zeigen praxisnah, wie man heute die Geburt eines Kindes sinnvoll und (natur-) spirituell feiern kann. Der Schwerpunkt des Buches liegt auf leicht verst\u00e4ndlichen Texten, aussagekr\u00e4ftigen Bildern und einer \u00e4sthetischen Gestaltung. &#8222;Dein Name sei&#8220; ist ein Kompendium zeitgem\u00e4\u00dfer Geburts- und Taufriten und ein hilfreicher Leitfaden zur Ausgestaltung der eigenen Feierlichkeit. Die Autoren sch\u00f6pfen dabei nicht nur aus der eigenen Erfahrung, sondern f\u00fchren beispielhafte Geburtsfeiern aus den verschiedenen naturspirituellen Str\u00f6mungen an. Ein umfangreicher Anhang (Bedeutung einheimischer Vornamen und B\u00e4ume) rundet das Buch ab.<\/p>\n<p>Broschiert, 128 Seiten<\/p>\n","protected":false},"excerpt":{"rendered":"<p>Br<\/p>\n","protected":false},"featured_media":7248,"template":"","meta":[],"product_brand":[],"product_cat":[186,193,185],"product_tag":[224,225,252,248],"class_list":{"0":"post-2941","1":"product","2":"type-product","3":"status-publish","4":"has-post-thumbnail","6":"product_cat-alternativ-leben","7":"product_cat-germanen","8":"product_cat-literatur","9":"product_tag-heidentum","10":"product_tag-jahreskreis","11":"product_tag-kinder","12":"product_tag-ritual","13":"product_shipping_class-paket","15":"first","16":"instock","17":"taxable","18":"shipping-taxable","19":"purchasable","20":"product-type-simple"},"_links":{"self":[{"href":"https:\/\/shop.mittgard.de\/index.php?rest_route=\/wp\/v2\/product\/2941","targetHints":{"allow":["GET"]}}],"collection":[{"href":"https:\/\/shop.mittgard.de\/index.php?rest_route=\/wp\/v2\/product"}],"about":[{"href":"https:\/\/shop.mittgard.de\/index.php?rest_route=\/wp\/v2\/types\/product"}],"wp:featuredmedia":[{"embeddable":true,"href":"https:\/\/shop.mittgard.de\/index.php?rest_route=\/wp\/v2\/media\/7248"}],"wp:attachment":[{"href":"https:\/\/shop.mittgard.de\/index.php?rest_route=%2Fwp%2Fv2%2Fmedia&parent=2941"}],"wp:term":[{"taxonomy":"product_brand","embeddable":true,"href":"https:\/\/shop.mittgard.de\/index.php?rest_route=%2Fwp%2Fv2%2Fproduct_brand&post=2941"},{"taxonomy":"product_cat","embeddable":true,"href":"https:\/\/shop.mittgard.de\/index.php?rest_route=%2Fwp%2Fv2%2Fproduct_cat&post=2941"},{"taxonomy":"product_tag","embeddable":true,"href":"https:\/\/shop.mittgard.de\/index.php?rest_route=%2Fwp%2Fv2%2Fproduct_tag&post=2941"}],"curies":[{"name":"wp","href":"https:\/\/api.w.org\/{rel}","templated":true}]}}