{"id":2943,"date":"2018-06-22T21:10:46","date_gmt":"2018-06-22T19:10:46","guid":{"rendered":"http:\/\/shop.mittgard.de\/?product=import-placeholder-for-3267"},"modified":"2024-12-15T16:25:49","modified_gmt":"2024-12-15T15:25:49","slug":"voenix-asgard-sagen-band-1-bragis-lange-heimkehr","status":"publish","type":"product","link":"https:\/\/shop.mittgard.de\/?product=voenix-asgard-sagen-band-1-bragis-lange-heimkehr","title":{"rendered":"Voenix &#8222;Asgard Sagen Band 1 : Bragis lange Heimkehr&#8220;"},"content":{"rendered":"<p>endlich der 5. Roman der G\u00f6ttergeschichten behandelt den Werdegang von Bragi, dem Dichtergott<\/p>\n<p>Unter Tage bei Zwergen aufgewachsen, wird Bragi, ein Sohn des G\u00f6ttervaters Odin, als Knabe von seiner Mutter auf einem Boot ausgesetzt, um sein Gl\u00fcck in der Welt zu finden.<\/p>\n<p>Nach einem Sturm gestrandet, findet ihn ein alter Mann, der Bragi in das Wesen des nordischen Skaldentums einf\u00fchrt.<\/p>\n<p>Nach und nach seine F\u00e4higkeiten schulend, wird Bragi schlie\u00dflich zum gefeierten S\u00e4nger, der mit seinem Spiel wahre Wunder zu vollbringen imstande ist.<\/p>\n<p>Doch bis ihn sein Vater heim nach Asgard holt, hat Bragi noch viele Pr\u00fcfungen und Abenteuer zu bestehen&#8230;<\/p>\n<p>Gebundene Ausgabe, 592 Seiten<\/p>\n","protected":false},"excerpt":{"rendered":"<p>HC<\/p>\n","protected":false},"featured_media":3963,"template":"","meta":[],"product_brand":[],"product_cat":[193,185],"product_tag":[348,336,351],"class_list":{"0":"post-2943","1":"product","2":"type-product","3":"status-publish","4":"has-post-thumbnail","6":"product_cat-germanen","7":"product_cat-literatur","8":"product_tag-edda","9":"product_tag-germanen","10":"product_tag-goetter","11":"product_shipping_class-paket","13":"first","14":"instock","15":"taxable","16":"shipping-taxable","17":"purchasable","18":"product-type-simple"},"_links":{"self":[{"href":"https:\/\/shop.mittgard.de\/index.php?rest_route=\/wp\/v2\/product\/2943","targetHints":{"allow":["GET"]}}],"collection":[{"href":"https:\/\/shop.mittgard.de\/index.php?rest_route=\/wp\/v2\/product"}],"about":[{"href":"https:\/\/shop.mittgard.de\/index.php?rest_route=\/wp\/v2\/types\/product"}],"wp:featuredmedia":[{"embeddable":true,"href":"https:\/\/shop.mittgard.de\/index.php?rest_route=\/wp\/v2\/media\/3963"}],"wp:attachment":[{"href":"https:\/\/shop.mittgard.de\/index.php?rest_route=%2Fwp%2Fv2%2Fmedia&parent=2943"}],"wp:term":[{"taxonomy":"product_brand","embeddable":true,"href":"https:\/\/shop.mittgard.de\/index.php?rest_route=%2Fwp%2Fv2%2Fproduct_brand&post=2943"},{"taxonomy":"product_cat","embeddable":true,"href":"https:\/\/shop.mittgard.de\/index.php?rest_route=%2Fwp%2Fv2%2Fproduct_cat&post=2943"},{"taxonomy":"product_tag","embeddable":true,"href":"https:\/\/shop.mittgard.de\/index.php?rest_route=%2Fwp%2Fv2%2Fproduct_tag&post=2943"}],"curies":[{"name":"wp","href":"https:\/\/api.w.org\/{rel}","templated":true}]}}