{"id":2955,"date":"2018-06-22T21:10:52","date_gmt":"2018-06-22T19:10:52","guid":{"rendered":"http:\/\/shop.mittgard.de\/?product=import-placeholder-for-3279"},"modified":"2025-08-22T13:13:58","modified_gmt":"2025-08-22T11:13:58","slug":"boecklmanfred-ceridwen","status":"publish","type":"product","link":"https:\/\/shop.mittgard.de\/?product=boecklmanfred-ceridwen","title":{"rendered":"B\u00f6ckl, Manfred &#8222;Ceridwen&#8220;"},"content":{"rendered":"<p>Die R\u00fcckkehr der dreifaltigen G\u00f6ttin<\/p>\n<p>Ceridwen ist der walisische Name der Gro\u00dfen Mutterg\u00f6ttin, die unter vielen Namen verehrt wurde (und wird). Fern blo\u00df akademischen Interesses, bringt uns Manfred B\u00f6ckl \u00fcber seine eigenen Erfahrungen in einen lebendigen Kontakt mit Ceridwen (sprich: Kerridwen) in ihren vielen Erscheinungen.<\/p>\n<p>Sie ist sowohl wirkende Naturkraft als auch innere Seelenkraft, kein angestaubtes Museumsst\u00fcck, sondern die sich immer wieder wandelnd erneuernde, unzerst\u00f6rbare Lebenskraft.<\/p>\n<p>In mitrei\u00dfender Erz\u00e4hlweise nimmt uns der Autor mit auf seine vielen Reisen in altes keltisches Land, wo wir mit seinen Augen die Relikte einer fr\u00fchen Kultur mit ihrer Huldigung der Natur und des Lebens betrachten und an seinen Erlebnissen teilhaben.<\/p>\n<p>Von hier aus schl\u00e4gt Manfred B\u00f6ckl immer wieder die Br\u00fccke zur\u00fcck zu dem Wissen um Br\u00e4uche und \u00dcberlieferungen wie auch nach vorne in die Zukunft &#8211; zu der Bedeutung, die die Hinwendung zu Ceridwen f\u00fcr uns Heutige hat.<\/p>\n<p>Broschiert, 224 Seiten<\/p>\n","protected":false},"excerpt":{"rendered":"<p>PB<\/p>\n","protected":false},"featured_media":15952,"template":"","meta":[],"product_brand":[],"product_cat":[194,185],"product_tag":[351,313,364],"class_list":{"0":"post-2955","1":"product","2":"type-product","3":"status-publish","4":"has-post-thumbnail","6":"product_cat-kelten","7":"product_cat-literatur","8":"product_tag-goetter","9":"product_tag-kelten","10":"product_tag-spiritualitaet","11":"product_shipping_class-paket","13":"first","14":"instock","15":"taxable","16":"shipping-taxable","17":"purchasable","18":"product-type-simple"},"_links":{"self":[{"href":"https:\/\/shop.mittgard.de\/index.php?rest_route=\/wp\/v2\/product\/2955","targetHints":{"allow":["GET"]}}],"collection":[{"href":"https:\/\/shop.mittgard.de\/index.php?rest_route=\/wp\/v2\/product"}],"about":[{"href":"https:\/\/shop.mittgard.de\/index.php?rest_route=\/wp\/v2\/types\/product"}],"wp:featuredmedia":[{"embeddable":true,"href":"https:\/\/shop.mittgard.de\/index.php?rest_route=\/wp\/v2\/media\/15952"}],"wp:attachment":[{"href":"https:\/\/shop.mittgard.de\/index.php?rest_route=%2Fwp%2Fv2%2Fmedia&parent=2955"}],"wp:term":[{"taxonomy":"product_brand","embeddable":true,"href":"https:\/\/shop.mittgard.de\/index.php?rest_route=%2Fwp%2Fv2%2Fproduct_brand&post=2955"},{"taxonomy":"product_cat","embeddable":true,"href":"https:\/\/shop.mittgard.de\/index.php?rest_route=%2Fwp%2Fv2%2Fproduct_cat&post=2955"},{"taxonomy":"product_tag","embeddable":true,"href":"https:\/\/shop.mittgard.de\/index.php?rest_route=%2Fwp%2Fv2%2Fproduct_tag&post=2955"}],"curies":[{"name":"wp","href":"https:\/\/api.w.org\/{rel}","templated":true}]}}