{"id":2956,"date":"2018-06-22T21:10:52","date_gmt":"2018-06-22T19:10:52","guid":{"rendered":"http:\/\/shop.mittgard.de\/?product=import-placeholder-for-3280"},"modified":"2025-08-22T13:15:24","modified_gmt":"2025-08-22T11:15:24","slug":"boecklmanfred-die-botschaft-der-druiden","status":"publish","type":"product","link":"https:\/\/shop.mittgard.de\/?product=boecklmanfred-die-botschaft-der-druiden","title":{"rendered":"B\u00f6ckl, Manfred &#8222;Die Botschaft der Druiden&#8220;"},"content":{"rendered":"<p>Weisheit aus der Anderswelt<\/p>\n<p>Vor 2500 Jahren vermochten die Druiden das &#8222;Tor in die Anderswelt&#8220; sowohl geistig als auch real zu \u00f6ffnen. Ziel dieses \u00dcberschreitens der &#8222;Br\u00fccke von Avalon&#8220; war das Erkennen einer vierten Dimension, die mit den drei bekannten unsichtbar und dennoch greifbar verflochten ist. So schufen die weisen Frauen und M\u00e4nner der Kelten eine Kosmologie, die Mensch, Natur und Weltall harmonisch in Einklang bringt. Brutal wurde dieses &#8222;Gro\u00dfe Wissen&#8220; sp\u00e4ter von Rom unterdr\u00fcckt. Doch verborgen lebte die Botschaft der Druiden weiter &#8211; und kann nach ihrer Wiederentdeckung zum Ausweg aus dem gegenw\u00e4rtigen Dilemma der Menschheit werden.<\/p>\n<p>Broschiert, 192 Seiten<\/p>\n","protected":false},"excerpt":{"rendered":"<p>PB<\/p>\n","protected":false},"featured_media":15956,"template":"","meta":[],"product_brand":[],"product_cat":[194,185],"product_tag":[313,364],"class_list":{"0":"post-2956","1":"product","2":"type-product","3":"status-publish","4":"has-post-thumbnail","6":"product_cat-kelten","7":"product_cat-literatur","8":"product_tag-kelten","9":"product_tag-spiritualitaet","10":"product_shipping_class-paket","12":"first","13":"instock","14":"taxable","15":"shipping-taxable","16":"purchasable","17":"product-type-simple"},"_links":{"self":[{"href":"https:\/\/shop.mittgard.de\/index.php?rest_route=\/wp\/v2\/product\/2956","targetHints":{"allow":["GET"]}}],"collection":[{"href":"https:\/\/shop.mittgard.de\/index.php?rest_route=\/wp\/v2\/product"}],"about":[{"href":"https:\/\/shop.mittgard.de\/index.php?rest_route=\/wp\/v2\/types\/product"}],"wp:featuredmedia":[{"embeddable":true,"href":"https:\/\/shop.mittgard.de\/index.php?rest_route=\/wp\/v2\/media\/15956"}],"wp:attachment":[{"href":"https:\/\/shop.mittgard.de\/index.php?rest_route=%2Fwp%2Fv2%2Fmedia&parent=2956"}],"wp:term":[{"taxonomy":"product_brand","embeddable":true,"href":"https:\/\/shop.mittgard.de\/index.php?rest_route=%2Fwp%2Fv2%2Fproduct_brand&post=2956"},{"taxonomy":"product_cat","embeddable":true,"href":"https:\/\/shop.mittgard.de\/index.php?rest_route=%2Fwp%2Fv2%2Fproduct_cat&post=2956"},{"taxonomy":"product_tag","embeddable":true,"href":"https:\/\/shop.mittgard.de\/index.php?rest_route=%2Fwp%2Fv2%2Fproduct_tag&post=2956"}],"curies":[{"name":"wp","href":"https:\/\/api.w.org\/{rel}","templated":true}]}}