{"id":2957,"date":"2018-06-22T21:10:52","date_gmt":"2018-06-22T19:10:52","guid":{"rendered":"http:\/\/shop.mittgard.de\/?product=import-placeholder-for-3281"},"modified":"2024-12-16T09:09:46","modified_gmt":"2024-12-16T08:09:46","slug":"carr-gomm-philip-der-weg-des-druiden","status":"publish","type":"product","link":"https:\/\/shop.mittgard.de\/?product=carr-gomm-philip-der-weg-des-druiden","title":{"rendered":"Carr-Gomm, Philip &#8222;Der Weg des Druiden&#8220;"},"content":{"rendered":"<p>Eine Reise durch die keltische Spiritualit\u00e4t<\/p>\n<p>Ausgehend von einer pers\u00f6nlichen spirituellen Pilgerreise zu den uralten Druidenheiligt\u00fcmern S\u00fcdenglands beschreibt Philip Carr-Gomm die Wurzeln, Lehren und Rituale der druidischen Tradition.<\/p>\n<p>Altes Wissen wird von Carr-Gomm lebendig in unseren Alltag \u00fcberf\u00fchrt, der Zauber des Landes selbst &#8211; Riesen, Drachen, Ahnen, B\u00e4ume, Steine, Wolken, Wind und die Jahreszeiten &#8211; erscheint vor dem inneren Auge des Lesers und dringt auf direktem Weg in sein Herz vor.<\/p>\n<p>Der Weg des Druiden verwebt Seele und Land, Wissen und Weisheit, Gott und G\u00f6ttin, Spiritualit\u00e4t und Umweltbewu\u00dftsein &#8211; und \u00f6ffnet eine Geisteswelt, von der unsere Moderne viel Wertvolles lernen kann.<\/p>\n<p>Gebundene Ausgabe, 208 Seiten<\/p>\n","protected":false},"excerpt":{"rendered":"<p>HC<\/p>\n","protected":false},"featured_media":3975,"template":"","meta":[],"product_brand":[],"product_cat":[194,185],"product_tag":[313,364],"class_list":{"0":"post-2957","1":"product","2":"type-product","3":"status-publish","4":"has-post-thumbnail","6":"product_cat-kelten","7":"product_cat-literatur","8":"product_tag-kelten","9":"product_tag-spiritualitaet","10":"product_shipping_class-paket","12":"first","13":"instock","14":"taxable","15":"shipping-taxable","16":"purchasable","17":"product-type-simple"},"_links":{"self":[{"href":"https:\/\/shop.mittgard.de\/index.php?rest_route=\/wp\/v2\/product\/2957","targetHints":{"allow":["GET"]}}],"collection":[{"href":"https:\/\/shop.mittgard.de\/index.php?rest_route=\/wp\/v2\/product"}],"about":[{"href":"https:\/\/shop.mittgard.de\/index.php?rest_route=\/wp\/v2\/types\/product"}],"wp:featuredmedia":[{"embeddable":true,"href":"https:\/\/shop.mittgard.de\/index.php?rest_route=\/wp\/v2\/media\/3975"}],"wp:attachment":[{"href":"https:\/\/shop.mittgard.de\/index.php?rest_route=%2Fwp%2Fv2%2Fmedia&parent=2957"}],"wp:term":[{"taxonomy":"product_brand","embeddable":true,"href":"https:\/\/shop.mittgard.de\/index.php?rest_route=%2Fwp%2Fv2%2Fproduct_brand&post=2957"},{"taxonomy":"product_cat","embeddable":true,"href":"https:\/\/shop.mittgard.de\/index.php?rest_route=%2Fwp%2Fv2%2Fproduct_cat&post=2957"},{"taxonomy":"product_tag","embeddable":true,"href":"https:\/\/shop.mittgard.de\/index.php?rest_route=%2Fwp%2Fv2%2Fproduct_tag&post=2957"}],"curies":[{"name":"wp","href":"https:\/\/api.w.org\/{rel}","templated":true}]}}