{"id":2964,"date":"2018-06-22T21:10:53","date_gmt":"2018-06-22T19:10:53","guid":{"rendered":"http:\/\/shop.mittgard.de\/?product=import-placeholder-for-3288"},"modified":"2024-12-16T09:25:26","modified_gmt":"2024-12-16T08:25:26","slug":"kraemer-claus-die-heilkunst-der-kelten","status":"publish","type":"product","link":"https:\/\/shop.mittgard.de\/?product=kraemer-claus-die-heilkunst-der-kelten","title":{"rendered":"Kr\u00e4mer, Claus &#8222;Die Heilkunst der Kelten&#8220;"},"content":{"rendered":"<p>Die Druiden &#8211; die mistelschneidenden &#8222;Schamanen&#8220; der Kelten &#8211; kennen wir alle aus einem kleinen gallischen Dorf. Tats\u00e4chlich hatten sie ein profundes Wissen um die Kr\u00e4fte der Natur. Es ist erstaunlich, welche hoch entwickelten Heilmethoden sie bereits vor Hunderten von Jahren anwandten. Ihre enge Verbundenheit mit der Natur erlaubte ihnen Einblicke in die Zusammenh\u00e4nge allen Seins. Sie arbeiteten mit Kr\u00e4utern und B\u00e4umen, Steinen, Symbolen und reisten in die Anderswelt &#8211; Techniken, die heute wieder an Bedeutung gewinnen.<\/p>\n<p>Claus Kr\u00e4mer schl\u00e4gt mit &#8222;Der Heilkunst der Kelten&#8220; die Br\u00fccke zwischen dem Wissen unserer europ\u00e4ischen Vorfahren und den Erkenntnissen der Moderne dar\u00fcber, wie man gesund wird und bleibt. Dank leicht umsetzbarer Anregungen und \u00dcbungen k\u00f6nnen die Kr\u00e4fte alter Zeiten in uns wirken &#8211; als h\u00e4tten wir ein Schl\u00fcckchen vom ber\u00fchmten &#8222;Zaubertrank&#8220; probiert.<\/p>\n<p>Broschiert, 288 Seiten<\/p>\n<p>&nbsp;<\/p>\n","protected":false},"excerpt":{"rendered":"<p>PB<\/p>\n","protected":false},"featured_media":9777,"template":"","meta":[],"product_brand":[],"product_cat":[194,185],"product_tag":[374,313,366,364],"class_list":{"0":"post-2964","1":"product","2":"type-product","3":"status-publish","4":"has-post-thumbnail","6":"product_cat-kelten","7":"product_cat-literatur","8":"product_tag-heilkunde","9":"product_tag-kelten","10":"product_tag-kraeuter","11":"product_tag-spiritualitaet","12":"product_shipping_class-paket","14":"first","15":"onbackorder","16":"taxable","17":"shipping-taxable","18":"purchasable","19":"product-type-simple"},"_links":{"self":[{"href":"https:\/\/shop.mittgard.de\/index.php?rest_route=\/wp\/v2\/product\/2964","targetHints":{"allow":["GET"]}}],"collection":[{"href":"https:\/\/shop.mittgard.de\/index.php?rest_route=\/wp\/v2\/product"}],"about":[{"href":"https:\/\/shop.mittgard.de\/index.php?rest_route=\/wp\/v2\/types\/product"}],"wp:featuredmedia":[{"embeddable":true,"href":"https:\/\/shop.mittgard.de\/index.php?rest_route=\/wp\/v2\/media\/9777"}],"wp:attachment":[{"href":"https:\/\/shop.mittgard.de\/index.php?rest_route=%2Fwp%2Fv2%2Fmedia&parent=2964"}],"wp:term":[{"taxonomy":"product_brand","embeddable":true,"href":"https:\/\/shop.mittgard.de\/index.php?rest_route=%2Fwp%2Fv2%2Fproduct_brand&post=2964"},{"taxonomy":"product_cat","embeddable":true,"href":"https:\/\/shop.mittgard.de\/index.php?rest_route=%2Fwp%2Fv2%2Fproduct_cat&post=2964"},{"taxonomy":"product_tag","embeddable":true,"href":"https:\/\/shop.mittgard.de\/index.php?rest_route=%2Fwp%2Fv2%2Fproduct_tag&post=2964"}],"curies":[{"name":"wp","href":"https:\/\/api.w.org\/{rel}","templated":true}]}}