{"id":2980,"date":"2018-06-22T21:11:00","date_gmt":"2018-06-22T19:11:00","guid":{"rendered":"http:\/\/shop.mittgard.de\/?product=import-placeholder-for-3304"},"modified":"2024-12-15T17:10:46","modified_gmt":"2024-12-15T16:10:46","slug":"appel-grosser-ahnenreise","status":"publish","type":"product","link":"https:\/\/shop.mittgard.de\/?product=appel-grosser-ahnenreise","title":{"rendered":"Appel &#038; Grosser &#8222;Ahnenreise&#8220;"},"content":{"rendered":"<p>schamanisch-meditative Wege zu unseren Wurzeln<\/p>\n<p>Meine Ahnen, nah und fern. Schenkt mir heute eure Kraft und eure Weisheit, so da\u00df ich meinen Weg nicht alleine gehen mu\u00df.<\/p>\n<p>Dieses Set aus Buch und CD l\u00e4\u00dft uns die Spur unserer Ahnen zur\u00fcckverfolgen und der urspr\u00fcnglichen Kraft des Lebens begegnen.<\/p>\n<p>Das Buch konzentriert sich auf das zugrundeliegende schamanische Weltbild und die Rolle der Ahnen. Die CD enth\u00e4lt je eine Meditation f\u00fcr Frauen und f\u00fcr M\u00e4nner, welche sich durch unterschiedliche Energien und eigene Archetypen auszeichnen.<\/p>\n<p>Unterst\u00fctzt werden die Mediationen durch die warmen Kl\u00e4nge der von Alf Jetzer einf\u00fchlsam gespielten Erdklangfl\u00f6te.<\/p>\n<p>Ein erdendes Trommelst\u00fcck rundet die CD ab.<\/p>\n<p>Gebundene Ausgabe, 43 Seiten + CD<\/p>\n","protected":false},"excerpt":{"rendered":"<p>HC &amp; CD<\/p>\n","protected":false},"featured_media":11338,"template":"","meta":[],"product_brand":[],"product_cat":[195,185],"product_tag":[251,365,373],"class_list":{"0":"post-2980","1":"product","2":"type-product","3":"status-publish","4":"has-post-thumbnail","6":"product_cat-hexentum-schamanismus","7":"product_cat-literatur","8":"product_tag-meditation","9":"product_tag-schamanismus","10":"product_tag-trancereisen","11":"product_shipping_class-paket","13":"first","14":"onbackorder","15":"taxable","16":"shipping-taxable","17":"purchasable","18":"product-type-simple"},"_links":{"self":[{"href":"https:\/\/shop.mittgard.de\/index.php?rest_route=\/wp\/v2\/product\/2980","targetHints":{"allow":["GET"]}}],"collection":[{"href":"https:\/\/shop.mittgard.de\/index.php?rest_route=\/wp\/v2\/product"}],"about":[{"href":"https:\/\/shop.mittgard.de\/index.php?rest_route=\/wp\/v2\/types\/product"}],"wp:featuredmedia":[{"embeddable":true,"href":"https:\/\/shop.mittgard.de\/index.php?rest_route=\/wp\/v2\/media\/11338"}],"wp:attachment":[{"href":"https:\/\/shop.mittgard.de\/index.php?rest_route=%2Fwp%2Fv2%2Fmedia&parent=2980"}],"wp:term":[{"taxonomy":"product_brand","embeddable":true,"href":"https:\/\/shop.mittgard.de\/index.php?rest_route=%2Fwp%2Fv2%2Fproduct_brand&post=2980"},{"taxonomy":"product_cat","embeddable":true,"href":"https:\/\/shop.mittgard.de\/index.php?rest_route=%2Fwp%2Fv2%2Fproduct_cat&post=2980"},{"taxonomy":"product_tag","embeddable":true,"href":"https:\/\/shop.mittgard.de\/index.php?rest_route=%2Fwp%2Fv2%2Fproduct_tag&post=2980"}],"curies":[{"name":"wp","href":"https:\/\/api.w.org\/{rel}","templated":true}]}}