{"id":2998,"date":"2018-06-22T21:11:03","date_gmt":"2018-06-22T19:11:03","guid":{"rendered":"http:\/\/shop.mittgard.de\/?product=import-placeholder-for-3322"},"modified":"2025-11-12T11:23:31","modified_gmt":"2025-11-12T10:23:31","slug":"gabriel-anderson-seelenpfade","status":"publish","type":"product","link":"https:\/\/shop.mittgard.de\/?product=gabriel-anderson-seelenpfade","title":{"rendered":"Gabriel\/Anderson &#8222;Seelenpfade&#8220;"},"content":{"rendered":"<p>Schamanische Wege zur Heilung von K\u00f6rper &amp; Geist<\/p>\n<p>Dieses Buch pr\u00e4sentiert eine Vielzahl schamanischer Techniken, die der Heilung von K\u00f6rper und Seele wie auch dem Pers\u00f6nlichkeitswachstum dienen.<\/p>\n<p>Darin geht es weit \u00fcber andere Werke hinaus &#8211; einige der dargestellten Techniken, \u00dcbungen und Zeremonien sind zuvor noch nie ver\u00f6ffentlicht worden.<\/p>\n<p>Das Buch bietet einen breiten Fundus an Werkzeugen, die sowohl f\u00fcr Therapeuten als auch den selbstverantwortlich an seiner eigenen Heilung arbeitenden Laien geeignet sind und sich ebenso an Einzelpersonen wie auch an schamanisch arbeitende Gruppen richten.<\/p>\n<p>Darunter befindet sich:<\/p>\n<p>ein europ\u00e4isches Medizinrad<br \/>\nStellungsarbeit auf dem Medizinrad<br \/>\nReinigungs- und Zentrierungstechniken<br \/>\nKrafttier-Arbeit im Alltag<br \/>\nBewegungsarbeit in Trance und Trancereisen<br \/>\nSeelenr\u00fcckholung<br \/>\nShape-Shifting<br \/>\nschamanische Traumarbeit<br \/>\nRedestabrituale<br \/>\nSchwitzh\u00fctte &amp; vielf\u00e4ltige andere Naturzeremonien&#8230;<\/p>\n<p>Ein umfassender Leitfaden zu schamanischer Kraft- und Wachstumsarbeit!<\/p>\n<p>Broschiert, 400 Seiten<\/p>\n","protected":false},"excerpt":{"rendered":"<p>Br<\/p>\n","protected":false},"featured_media":5493,"template":"","meta":[],"product_brand":[],"product_cat":[195,185],"product_tag":[223,365,364],"class_list":{"0":"post-2998","1":"product","2":"type-product","3":"status-publish","4":"has-post-thumbnail","6":"product_cat-hexentum-schamanismus","7":"product_cat-literatur","8":"product_tag-naturreligion","9":"product_tag-schamanismus","10":"product_tag-spiritualitaet","11":"product_shipping_class-paket","13":"first","14":"onbackorder","15":"taxable","16":"shipping-taxable","17":"purchasable","18":"product-type-simple"},"_links":{"self":[{"href":"https:\/\/shop.mittgard.de\/index.php?rest_route=\/wp\/v2\/product\/2998","targetHints":{"allow":["GET"]}}],"collection":[{"href":"https:\/\/shop.mittgard.de\/index.php?rest_route=\/wp\/v2\/product"}],"about":[{"href":"https:\/\/shop.mittgard.de\/index.php?rest_route=\/wp\/v2\/types\/product"}],"wp:featuredmedia":[{"embeddable":true,"href":"https:\/\/shop.mittgard.de\/index.php?rest_route=\/wp\/v2\/media\/5493"}],"wp:attachment":[{"href":"https:\/\/shop.mittgard.de\/index.php?rest_route=%2Fwp%2Fv2%2Fmedia&parent=2998"}],"wp:term":[{"taxonomy":"product_brand","embeddable":true,"href":"https:\/\/shop.mittgard.de\/index.php?rest_route=%2Fwp%2Fv2%2Fproduct_brand&post=2998"},{"taxonomy":"product_cat","embeddable":true,"href":"https:\/\/shop.mittgard.de\/index.php?rest_route=%2Fwp%2Fv2%2Fproduct_cat&post=2998"},{"taxonomy":"product_tag","embeddable":true,"href":"https:\/\/shop.mittgard.de\/index.php?rest_route=%2Fwp%2Fv2%2Fproduct_tag&post=2998"}],"curies":[{"name":"wp","href":"https:\/\/api.w.org\/{rel}","templated":true}]}}