{"id":2999,"date":"2018-06-22T21:11:03","date_gmt":"2018-06-22T19:11:03","guid":{"rendered":"http:\/\/shop.mittgard.de\/?product=import-placeholder-for-3323"},"modified":"2025-11-12T11:22:21","modified_gmt":"2025-11-12T10:22:21","slug":"gabriel-anderson-seelenpfade-2","status":"publish","type":"product","link":"https:\/\/shop.mittgard.de\/?product=gabriel-anderson-seelenpfade-2","title":{"rendered":"Gabriel\/Anderson &#8222;Seelenpfade&#8220; SET"},"content":{"rendered":"<p>Schamanische Wege zur Heilung von K\u00f6rper &amp; Geist<\/p>\n<p>Die \u201eSeelenpfade\u201c waren urspr\u00fcnglich als Ausbildungsbuch f\u00fcr die Gruppen von Vicky Gabriel und William Anderson geplant, entwickelten sich aber aufgrund ihrer praktischen Anwendbarkeit und ihrem breiten Fundus an hilfreichen Werkzeugen zu einem Bestseller sowohl f\u00fcr Therapeuten als auch f\u00fcr an ihrer eigenen Heilung arbeitenden Laien.<br \/>\nMit dem vorliegenden Seelenpfade Praxis-Set besteht nun die M\u00f6glichkeit, noch einfacher und tiefer in die Arbeit einzutauchen und den eigenen schamanisch inspirierten Weg weiterzugehen. Die wichtigsten \u00dcbungen und Meditationen sind von den Autoren zusammengestellt worden und liegen hier nun in einer H\u00f6rfassung vor, einf\u00fchlsam gesprochen und mit rein akustischen Instrumenten passend untermalt. Die erg\u00e4nzende und im Buch nicht enthaltende \u00dcbung \u201eDer innere Verbannte\u201c hat sich aus der Praxis in Einzel- und Gruppenarbeit entwickelt und als \u00e4u\u00dferst kraftvoll entpuppt. Sie wird hier zum ersten Mal einer breiteren \u00d6ffentlichkeit zug\u00e4nglich gemacht.<br \/>\nEin Set aus Buch und CD, das neue Wege \u00f6ffnet und die heilende Weite der schamanischen Arbeit erlebbar macht!<\/p>\n<p>Broschiert, 48 Seiten + CD<\/p>\n","protected":false},"excerpt":{"rendered":"<p>HC&amp;CD<\/p>\n","protected":false},"featured_media":10010,"template":"","meta":[],"product_brand":[],"product_cat":[195,185],"product_tag":[223,365,364],"class_list":{"0":"post-2999","1":"product","2":"type-product","3":"status-publish","4":"has-post-thumbnail","6":"product_cat-hexentum-schamanismus","7":"product_cat-literatur","8":"product_tag-naturreligion","9":"product_tag-schamanismus","10":"product_tag-spiritualitaet","11":"product_shipping_class-paket","13":"first","14":"onbackorder","15":"taxable","16":"shipping-taxable","17":"purchasable","18":"product-type-simple"},"_links":{"self":[{"href":"https:\/\/shop.mittgard.de\/index.php?rest_route=\/wp\/v2\/product\/2999","targetHints":{"allow":["GET"]}}],"collection":[{"href":"https:\/\/shop.mittgard.de\/index.php?rest_route=\/wp\/v2\/product"}],"about":[{"href":"https:\/\/shop.mittgard.de\/index.php?rest_route=\/wp\/v2\/types\/product"}],"wp:featuredmedia":[{"embeddable":true,"href":"https:\/\/shop.mittgard.de\/index.php?rest_route=\/wp\/v2\/media\/10010"}],"wp:attachment":[{"href":"https:\/\/shop.mittgard.de\/index.php?rest_route=%2Fwp%2Fv2%2Fmedia&parent=2999"}],"wp:term":[{"taxonomy":"product_brand","embeddable":true,"href":"https:\/\/shop.mittgard.de\/index.php?rest_route=%2Fwp%2Fv2%2Fproduct_brand&post=2999"},{"taxonomy":"product_cat","embeddable":true,"href":"https:\/\/shop.mittgard.de\/index.php?rest_route=%2Fwp%2Fv2%2Fproduct_cat&post=2999"},{"taxonomy":"product_tag","embeddable":true,"href":"https:\/\/shop.mittgard.de\/index.php?rest_route=%2Fwp%2Fv2%2Fproduct_tag&post=2999"}],"curies":[{"name":"wp","href":"https:\/\/api.w.org\/{rel}","templated":true}]}}