{"id":3004,"date":"2018-06-22T21:11:04","date_gmt":"2018-06-22T19:11:04","guid":{"rendered":"http:\/\/shop.mittgard.de\/?product=import-placeholder-for-3328"},"modified":"2024-12-15T17:35:56","modified_gmt":"2024-12-15T16:35:56","slug":"kalweit-holger-erdmutter-will-rituale","status":"publish","type":"product","link":"https:\/\/shop.mittgard.de\/?product=kalweit-holger-erdmutter-will-rituale","title":{"rendered":"Kalweit, Holger &#8222;Erdmutter will Rituale&#8220;"},"content":{"rendered":"<p>Einweihung ins Ged\u00e4chtnis der Erde<\/p>\n<p>Es g\u00e4rt etwas tief im Menschen. In jeder Generation aufs Neue. Sehnsucht nach Naturumarmung. Einweihung ins Ged\u00e4chtnis der Erde. Denn: Menschenwissen befriedigt nie. Wir sp\u00fcren: &#8222;Natur ist st\u00e4rker als Erziehung&#8220;, aber wir getrauen uns nicht, die Natur anzurufen. Alle alten V\u00f6lker dagegen hatten erkannt: Pan will uns nackt und einsam schulen in der Wildnis!<\/p>\n<p>In diesem Buch geht es um Extremerfahrungen in der Natur: Einsamkeitsschulungen, langes Sitzen in W\u00fcsten, H\u00f6hlenmeditationen, lange Dunkelheitsaufenthalte, Visionssuchen am Meer. Aber wir halten nur durch, wenn wir Rituale zu Hilfe nehmen. Die Erdmutter erwacht nur durch den Ritus!<\/p>\n<p>Der Mensch kommt nur in Ber\u00fchrung mit der ihn tragenden G\u00f6ttin durch Opferrituale, Hingebungszeremonien, Naturfeiern. Es geht um die Neugeburt des Rituals!<\/p>\n<p>Broschiert, 206 Seiten<\/p>\n","protected":false},"excerpt":{"rendered":"<p>Br<\/p>\n","protected":false},"featured_media":15936,"template":"","meta":[],"product_brand":[],"product_cat":[195,185],"product_tag":[380,223,248,365,364,381],"class_list":{"0":"post-3004","1":"product","2":"type-product","3":"status-publish","4":"has-post-thumbnail","6":"product_cat-hexentum-schamanismus","7":"product_cat-literatur","8":"product_tag-einweihung","9":"product_tag-naturreligion","10":"product_tag-ritual","11":"product_tag-schamanismus","12":"product_tag-spiritualitaet","13":"product_tag-visionssuche","14":"product_shipping_class-paket","16":"first","17":"onbackorder","18":"taxable","19":"shipping-taxable","20":"purchasable","21":"product-type-simple"},"_links":{"self":[{"href":"https:\/\/shop.mittgard.de\/index.php?rest_route=\/wp\/v2\/product\/3004","targetHints":{"allow":["GET"]}}],"collection":[{"href":"https:\/\/shop.mittgard.de\/index.php?rest_route=\/wp\/v2\/product"}],"about":[{"href":"https:\/\/shop.mittgard.de\/index.php?rest_route=\/wp\/v2\/types\/product"}],"wp:featuredmedia":[{"embeddable":true,"href":"https:\/\/shop.mittgard.de\/index.php?rest_route=\/wp\/v2\/media\/15936"}],"wp:attachment":[{"href":"https:\/\/shop.mittgard.de\/index.php?rest_route=%2Fwp%2Fv2%2Fmedia&parent=3004"}],"wp:term":[{"taxonomy":"product_brand","embeddable":true,"href":"https:\/\/shop.mittgard.de\/index.php?rest_route=%2Fwp%2Fv2%2Fproduct_brand&post=3004"},{"taxonomy":"product_cat","embeddable":true,"href":"https:\/\/shop.mittgard.de\/index.php?rest_route=%2Fwp%2Fv2%2Fproduct_cat&post=3004"},{"taxonomy":"product_tag","embeddable":true,"href":"https:\/\/shop.mittgard.de\/index.php?rest_route=%2Fwp%2Fv2%2Fproduct_tag&post=3004"}],"curies":[{"name":"wp","href":"https:\/\/api.w.org\/{rel}","templated":true}]}}