{"id":3022,"date":"2018-06-22T21:11:11","date_gmt":"2018-06-22T19:11:11","guid":{"rendered":"http:\/\/shop.mittgard.de\/?product=import-placeholder-for-3346"},"modified":"2025-11-12T11:53:34","modified_gmt":"2025-11-12T10:53:34","slug":"viatores-donnerseele","status":"publish","type":"product","link":"https:\/\/shop.mittgard.de\/?product=viatores-donnerseele","title":{"rendered":"viatores &#8222;Donnerseele&#8220;"},"content":{"rendered":"<p>Eine Trommelreise zu den m\u00e4nnlichen Archetypen<\/p>\n<p>Wer hat eigentlich gesagt, dass spirituelle Musik immer soft und entspannend sein muss? Die Musik der viatores ist dagegen eher wie ein reinigendes Gewitter. Trommeln voller Kraft und Dynamik f\u00fchren uns in die Energie der m\u00e4nnlichen Archetypen: Krieger, Magier, Liebhaber, K\u00f6nig, Narr, Gr\u00fcner Mann, J\u00e4ger und Weiser tanzen um ein gro\u00dfes Feuer, schwitzen, schreien und lachen gemeinsam, laden jeden Mann ein, sich zu ihnen zu gesellen und diesen Ausdruck m\u00e4nnlicher Spiritualit\u00e4t zu genie\u00dfen. Djembe, Darbuka, Cajon und Rasseln mischen sich mit Floor-Toms, Powwow-Drums und Handclaps, mit schamanischem Gesang, mit heiserem Rufen und druidischen Mantren. Die Trommeln dr\u00e4ngen, flie\u00dfen, treiben, fliegen wie Wolken \u00fcber den Himmel, donnern und blitzen, branden wie Wellen an eine schroffe K\u00fcste, singen das Lied der Seele und atmen den Duft fruchtbarer Erde. Man kann den Spa\u00df h\u00f6ren, die Energie f\u00fchlen, die leidenschaftliche Verbindung des eigenen Herzens zu etwas unbeschreiblich Gr\u00f6\u00dferem erahnen.<\/p>\n<p>Gebundene Ausgabe, 45 Seiten + CD<\/p>\n","protected":false},"excerpt":{"rendered":"<p>HC+CD<\/p>\n","protected":false},"featured_media":5499,"template":"","meta":[],"product_brand":[],"product_cat":[195,185],"product_tag":[377,360,383,248],"class_list":{"0":"post-3022","1":"product","2":"type-product","3":"status-publish","4":"has-post-thumbnail","6":"product_cat-hexentum-schamanismus","7":"product_cat-literatur","8":"product_tag-archetypen","9":"product_tag-maenner","10":"product_tag-musik","11":"product_tag-ritual","12":"product_shipping_class-paket","14":"first","15":"onbackorder","16":"taxable","17":"shipping-taxable","18":"purchasable","19":"product-type-simple"},"_links":{"self":[{"href":"https:\/\/shop.mittgard.de\/index.php?rest_route=\/wp\/v2\/product\/3022","targetHints":{"allow":["GET"]}}],"collection":[{"href":"https:\/\/shop.mittgard.de\/index.php?rest_route=\/wp\/v2\/product"}],"about":[{"href":"https:\/\/shop.mittgard.de\/index.php?rest_route=\/wp\/v2\/types\/product"}],"wp:featuredmedia":[{"embeddable":true,"href":"https:\/\/shop.mittgard.de\/index.php?rest_route=\/wp\/v2\/media\/5499"}],"wp:attachment":[{"href":"https:\/\/shop.mittgard.de\/index.php?rest_route=%2Fwp%2Fv2%2Fmedia&parent=3022"}],"wp:term":[{"taxonomy":"product_brand","embeddable":true,"href":"https:\/\/shop.mittgard.de\/index.php?rest_route=%2Fwp%2Fv2%2Fproduct_brand&post=3022"},{"taxonomy":"product_cat","embeddable":true,"href":"https:\/\/shop.mittgard.de\/index.php?rest_route=%2Fwp%2Fv2%2Fproduct_cat&post=3022"},{"taxonomy":"product_tag","embeddable":true,"href":"https:\/\/shop.mittgard.de\/index.php?rest_route=%2Fwp%2Fv2%2Fproduct_tag&post=3022"}],"curies":[{"name":"wp","href":"https:\/\/api.w.org\/{rel}","templated":true}]}}