{"id":3055,"date":"2018-06-22T21:11:20","date_gmt":"2018-06-22T19:11:20","guid":{"rendered":"http:\/\/shop.mittgard.de\/?product=import-placeholder-for-3379"},"modified":"2024-12-16T10:01:23","modified_gmt":"2024-12-16T09:01:23","slug":"frommherz-bieder-kinderwerkstatt-baeume","status":"publish","type":"product","link":"https:\/\/shop.mittgard.de\/?product=frommherz-bieder-kinderwerkstatt-baeume","title":{"rendered":"Frommherz\/Bieder &#8222;Kinderwerkstatt: B\u00e4ume&#8220;"},"content":{"rendered":"<p>Mit Kindern die Zauberwelt der B\u00e4ume und Str\u00e4ucher entdecken<\/p>\n<p>B\u00e4ume sind eindrucksvolle Wesen. Ihr Geheimnis, ihr Zauber und ihre Lebensweisheit ziehen die Menschen seit je in ihren Bann.<\/p>\n<p>Welcher Baum gibt uns Kraft? Wer kennt Bl\u00e4tter und Bl\u00fcten, die zu heilenden Salben und wohlschmeckenden Tees verarbeitet werden k\u00f6nnen? Welchem Baum k\u00f6nnen Geheimnisse anvertraut werden? Wer kennt ein Spiel mit Runenst\u00e4ben? Wie w\u00fcrden wir selbst als Baum aussehen?<\/p>\n<p>13 bei uns h\u00e4ufige B\u00e4ume werden mit allen Sinnen erlebbar und begreifbar gemacht:<\/p>\n<p>&#8211; Rituale rund um B\u00e4ume<br \/>\n&#8211; Rezepte mit einfachen Zutaten f\u00fcr K\u00fcche, Hausapotheke und den sonstigen allt\u00e4glichen Gebrauch<br \/>\n&#8211; Geschichten, Spiele, Basteleien und Lieder<br \/>\n&#8211; Schl\u00fcsselkompetenzen, welche die verschiedenen B\u00e4ume uns vermitteln k\u00f6nnen<\/p>\n<p>Ein sinnliches, reich bebildertes Praxisbuch f\u00fcr Kinder und Erwachsene, in dem Erfahren und Erleben im Mittelpunkt stehen.<\/p>\n<p>Gebundene Ausgabe,\u00a0 144 Seiten<\/p>\n","protected":false},"excerpt":{"rendered":"<p>Geb<\/p>\n","protected":false},"featured_media":5004,"template":"","meta":[],"product_brand":[],"product_cat":[197,185],"product_tag":[226,374,252,235,243],"class_list":{"0":"post-3055","1":"product","2":"type-product","3":"status-publish","4":"has-post-thumbnail","6":"product_cat-kinderbuecher","7":"product_cat-literatur","8":"product_tag-basteln","9":"product_tag-heilkunde","10":"product_tag-kinder","11":"product_tag-kinderbetreuung","12":"product_tag-natur","13":"product_shipping_class-paket","15":"first","16":"instock","17":"taxable","18":"shipping-taxable","19":"purchasable","20":"product-type-simple"},"_links":{"self":[{"href":"https:\/\/shop.mittgard.de\/index.php?rest_route=\/wp\/v2\/product\/3055","targetHints":{"allow":["GET"]}}],"collection":[{"href":"https:\/\/shop.mittgard.de\/index.php?rest_route=\/wp\/v2\/product"}],"about":[{"href":"https:\/\/shop.mittgard.de\/index.php?rest_route=\/wp\/v2\/types\/product"}],"wp:featuredmedia":[{"embeddable":true,"href":"https:\/\/shop.mittgard.de\/index.php?rest_route=\/wp\/v2\/media\/5004"}],"wp:attachment":[{"href":"https:\/\/shop.mittgard.de\/index.php?rest_route=%2Fwp%2Fv2%2Fmedia&parent=3055"}],"wp:term":[{"taxonomy":"product_brand","embeddable":true,"href":"https:\/\/shop.mittgard.de\/index.php?rest_route=%2Fwp%2Fv2%2Fproduct_brand&post=3055"},{"taxonomy":"product_cat","embeddable":true,"href":"https:\/\/shop.mittgard.de\/index.php?rest_route=%2Fwp%2Fv2%2Fproduct_cat&post=3055"},{"taxonomy":"product_tag","embeddable":true,"href":"https:\/\/shop.mittgard.de\/index.php?rest_route=%2Fwp%2Fv2%2Fproduct_tag&post=3055"}],"curies":[{"name":"wp","href":"https:\/\/api.w.org\/{rel}","templated":true}]}}