{"id":3065,"date":"2018-06-22T21:11:22","date_gmt":"2018-06-22T19:11:22","guid":{"rendered":"http:\/\/shop.mittgard.de\/?product=import-placeholder-for-3389"},"modified":"2024-12-16T10:03:19","modified_gmt":"2024-12-16T09:03:19","slug":"immler-felix-werken-mit-dem-taschenmesser","status":"publish","type":"product","link":"https:\/\/shop.mittgard.de\/?product=immler-felix-werken-mit-dem-taschenmesser","title":{"rendered":"Immler, Felix &#8222;Werken mit dem Taschenmesser&#8220;"},"content":{"rendered":"<p>15 Schnitzanleitungen vom Kreisel bis zur Schilffl\u00f6te<\/p>\n<p>Ein einfaches Victorinox-Taschenmesser mit Holzs\u00e4ge und dieses kleine Buch in der Tasche &#8211; so sind Sie bestens ausger\u00fcstet, um zusammen mit Kindern spannende Werkprojekte zu realisieren.<\/p>\n<p>15 praxiserprobte, reich bebilderte Schritt-f\u00fcr-Schritt-Anleitungen zeigen, wie Klangst\u00e4be, Kreisel, Segelboote, Wasserr\u00e4der und vieles mehr gelingen.<\/p>\n<p>Dazu die wichtigsten Anwendungstechniken, die Pflege des Messers und alles \u00fcber die notwendigen Sicherheitsregeln.<\/p>\n<p>Broschiert, 112 Seiten<\/p>\n","protected":false},"excerpt":{"rendered":"<p>Br<\/p>\n","protected":false},"featured_media":4992,"template":"","meta":[],"product_brand":[],"product_cat":[197,185],"product_tag":[226,275,252,265],"class_list":{"0":"post-3065","1":"product","2":"type-product","3":"status-publish","4":"has-post-thumbnail","6":"product_cat-kinderbuecher","7":"product_cat-literatur","8":"product_tag-basteln","9":"product_tag-holzbearbeitung","10":"product_tag-kinder","11":"product_tag-schnitzen","12":"product_shipping_class-paket","14":"first","15":"onbackorder","16":"taxable","17":"shipping-taxable","18":"purchasable","19":"product-type-simple"},"_links":{"self":[{"href":"https:\/\/shop.mittgard.de\/index.php?rest_route=\/wp\/v2\/product\/3065","targetHints":{"allow":["GET"]}}],"collection":[{"href":"https:\/\/shop.mittgard.de\/index.php?rest_route=\/wp\/v2\/product"}],"about":[{"href":"https:\/\/shop.mittgard.de\/index.php?rest_route=\/wp\/v2\/types\/product"}],"wp:featuredmedia":[{"embeddable":true,"href":"https:\/\/shop.mittgard.de\/index.php?rest_route=\/wp\/v2\/media\/4992"}],"wp:attachment":[{"href":"https:\/\/shop.mittgard.de\/index.php?rest_route=%2Fwp%2Fv2%2Fmedia&parent=3065"}],"wp:term":[{"taxonomy":"product_brand","embeddable":true,"href":"https:\/\/shop.mittgard.de\/index.php?rest_route=%2Fwp%2Fv2%2Fproduct_brand&post=3065"},{"taxonomy":"product_cat","embeddable":true,"href":"https:\/\/shop.mittgard.de\/index.php?rest_route=%2Fwp%2Fv2%2Fproduct_cat&post=3065"},{"taxonomy":"product_tag","embeddable":true,"href":"https:\/\/shop.mittgard.de\/index.php?rest_route=%2Fwp%2Fv2%2Fproduct_tag&post=3065"}],"curies":[{"name":"wp","href":"https:\/\/api.w.org\/{rel}","templated":true}]}}