{"id":3078,"date":"2018-06-22T21:11:29","date_gmt":"2018-06-22T19:11:29","guid":{"rendered":"http:\/\/shop.mittgard.de\/?product=import-placeholder-for-3402"},"modified":"2024-12-16T10:06:37","modified_gmt":"2024-12-16T09:06:37","slug":"jonsson-schoene-wickie-und-die-starken-maenner","status":"publish","type":"product","link":"https:\/\/shop.mittgard.de\/?product=jonsson-schoene-wickie-und-die-starken-maenner","title":{"rendered":"Jonsson\/Sch\u00f6ne &#8222;Wickie und die starken M\u00e4nner&#8220;"},"content":{"rendered":"<p>Mutig? Nein, mutig ist Wickie nun wirklich nicht. Selbst vor den ungef\u00e4hrlichsten W\u00f6lfen rennt er davon! Und wenn er mit seinem Vater Halvar und den anderen Wikingern auf Beutefahrt ist, zittern seine Knie wie Pudding und seine Z\u00e4hne schlagen vor Angst aufeinander. Aber wenn es brenzlig wird, dann spr\u00fchen bei Wickie die Funken. Und je mehr Funken spr\u00fchen, desto besser sind seine Ideen!<\/p>\n<p>So schafft er es, den d\u00e4nischen Zoll zu \u00fcberlisten, seinen Vater aus einem Burgverlies zu befreien, und er rettet die Wikinger sogar vor dem Schrecklichen Sven!<\/p>\n<p>Die Abenteuer von Wickie und den starken M\u00e4nnern sind neu \u00fcbersetzt von Maike D\u00f6rries und mit vielen lustigen Bildern von Christoph Sch\u00f6ne illustriert.<\/p>\n<p>Besonders geeignet zum Vorlesen<\/p>\n<p>Gebundene Ausgabe, 128 Seiten<\/p>\n","protected":false},"excerpt":{"rendered":"<p>Geb<\/p>\n","protected":false},"featured_media":5986,"template":"","meta":[],"product_brand":[],"product_cat":[197,185],"product_tag":[252,311],"class_list":{"0":"post-3078","1":"product","2":"type-product","3":"status-publish","4":"has-post-thumbnail","6":"product_cat-kinderbuecher","7":"product_cat-literatur","8":"product_tag-kinder","9":"product_tag-wikinger","10":"product_shipping_class-paket","12":"first","13":"onbackorder","14":"taxable","15":"shipping-taxable","16":"purchasable","17":"product-type-simple"},"_links":{"self":[{"href":"https:\/\/shop.mittgard.de\/index.php?rest_route=\/wp\/v2\/product\/3078","targetHints":{"allow":["GET"]}}],"collection":[{"href":"https:\/\/shop.mittgard.de\/index.php?rest_route=\/wp\/v2\/product"}],"about":[{"href":"https:\/\/shop.mittgard.de\/index.php?rest_route=\/wp\/v2\/types\/product"}],"wp:featuredmedia":[{"embeddable":true,"href":"https:\/\/shop.mittgard.de\/index.php?rest_route=\/wp\/v2\/media\/5986"}],"wp:attachment":[{"href":"https:\/\/shop.mittgard.de\/index.php?rest_route=%2Fwp%2Fv2%2Fmedia&parent=3078"}],"wp:term":[{"taxonomy":"product_brand","embeddable":true,"href":"https:\/\/shop.mittgard.de\/index.php?rest_route=%2Fwp%2Fv2%2Fproduct_brand&post=3078"},{"taxonomy":"product_cat","embeddable":true,"href":"https:\/\/shop.mittgard.de\/index.php?rest_route=%2Fwp%2Fv2%2Fproduct_cat&post=3078"},{"taxonomy":"product_tag","embeddable":true,"href":"https:\/\/shop.mittgard.de\/index.php?rest_route=%2Fwp%2Fv2%2Fproduct_tag&post=3078"}],"curies":[{"name":"wp","href":"https:\/\/api.w.org\/{rel}","templated":true}]}}