{"id":3084,"date":"2018-06-22T21:11:29","date_gmt":"2018-06-22T19:11:29","guid":{"rendered":"http:\/\/shop.mittgard.de\/?product=import-placeholder-for-3408"},"modified":"2024-12-16T10:06:59","modified_gmt":"2024-12-16T09:06:59","slug":"knieriemen-krampfer-kinderwerkstatt-naturfarben-und-lehm","status":"publish","type":"product","link":"https:\/\/shop.mittgard.de\/?product=knieriemen-krampfer-kinderwerkstatt-naturfarben-und-lehm","title":{"rendered":"Knieriemen\/Krampfer &#8222;Kinderwerkstatt: Naturfarben und Lehm&#8220;"},"content":{"rendered":"<p>Welches Kind matscht nicht gern im Dreck? Mit diesem Buch lenkt man das Tun in eine handwerklich k\u00fcnstlerisch kreative Richtung.<\/p>\n<p>Unter unseren F\u00fc\u00dfen, im Wald oder am Wegesrand findet sich eine Vielfalt an Naturmaterialien, die die Fantasie anregen und zum Spielen und Experimentieren einladen. Lehm l\u00e4\u00dft sich kneten, zu Kugeln oder Ziegeln formen. Harz klebt nicht nur an den Fingern, sondern ist auch ein bew\u00e4hrtes Bindemittel. Roter Ton f\u00e4rbt Fingerfarben und Malkreiden. Aus Salzteig oder Fensterkitt entsteht Modellier- und Knetmasse. Mit Rainfarn, Walnuss- oder Zwiebelschalen kann man auf einfache Art Stoff f\u00e4rben.<\/p>\n<p>Vielf\u00e4ltige Anregungen und eine F\u00fclle von Ideen f\u00fcr Spiel und lustvolle Erfahrungen mit Lehm und Ton, Naturfarben, Wachs, Kohle, Kreide und anderen nat\u00fcrlichen, ungiftigen Materialien. F\u00fcr die Arbeit mit Kindern vom Vorschulalter bis zu Jugendlichen.<\/p>\n<p>Gebundene Ausgabe, 144 Seiten<\/p>\n","protected":false},"excerpt":{"rendered":"<p>PB<\/p>\n","protected":false},"featured_media":5001,"template":"","meta":[],"product_brand":[],"product_cat":[197,185],"product_tag":[226,235,243],"class_list":{"0":"post-3084","1":"product","2":"type-product","3":"status-publish","4":"has-post-thumbnail","6":"product_cat-kinderbuecher","7":"product_cat-literatur","8":"product_tag-basteln","9":"product_tag-kinderbetreuung","10":"product_tag-natur","11":"product_shipping_class-paket","13":"first","14":"onbackorder","15":"taxable","16":"shipping-taxable","17":"purchasable","18":"product-type-simple"},"_links":{"self":[{"href":"https:\/\/shop.mittgard.de\/index.php?rest_route=\/wp\/v2\/product\/3084","targetHints":{"allow":["GET"]}}],"collection":[{"href":"https:\/\/shop.mittgard.de\/index.php?rest_route=\/wp\/v2\/product"}],"about":[{"href":"https:\/\/shop.mittgard.de\/index.php?rest_route=\/wp\/v2\/types\/product"}],"wp:featuredmedia":[{"embeddable":true,"href":"https:\/\/shop.mittgard.de\/index.php?rest_route=\/wp\/v2\/media\/5001"}],"wp:attachment":[{"href":"https:\/\/shop.mittgard.de\/index.php?rest_route=%2Fwp%2Fv2%2Fmedia&parent=3084"}],"wp:term":[{"taxonomy":"product_brand","embeddable":true,"href":"https:\/\/shop.mittgard.de\/index.php?rest_route=%2Fwp%2Fv2%2Fproduct_brand&post=3084"},{"taxonomy":"product_cat","embeddable":true,"href":"https:\/\/shop.mittgard.de\/index.php?rest_route=%2Fwp%2Fv2%2Fproduct_cat&post=3084"},{"taxonomy":"product_tag","embeddable":true,"href":"https:\/\/shop.mittgard.de\/index.php?rest_route=%2Fwp%2Fv2%2Fproduct_tag&post=3084"}],"curies":[{"name":"wp","href":"https:\/\/api.w.org\/{rel}","templated":true}]}}