{"id":3089,"date":"2018-06-22T21:11:30","date_gmt":"2018-06-22T19:11:30","guid":{"rendered":"http:\/\/shop.mittgard.de\/?product=import-placeholder-for-3413"},"modified":"2024-12-16T10:14:33","modified_gmt":"2024-12-16T09:14:33","slug":"lagerloef-selma-nils-holgerssons-wunderbare-reise-mit-den-wildgaensen","status":"publish","type":"product","link":"https:\/\/shop.mittgard.de\/?product=lagerloef-selma-nils-holgerssons-wunderbare-reise-mit-den-wildgaensen","title":{"rendered":"Luhn, Usch &#8222;Nils Holgerssons&#8220;"},"content":{"rendered":"<p>Mein Kultbuch als Kind!<\/p>\n<p>Der kleine Nils Holgersson wohnt mit seinen Eltern auf einem Bauernhof in Schweden. St\u00e4ndig heckt er gemeine Streiche aus, bis er schlie\u00dflich zur Strafe in einen D\u00e4umling verwandelt wird. Zusammen mit dem zahmen G\u00e4nserich Martin schlie\u00dft Nils sich den Wildg\u00e4nsen an. Eine wunderbare und abenteuerliche Reise beginnt&#8230;<\/p>\n<p>Der Kinderbuch-Klassiker von Selma Lagerl\u00f6f ist eines der beliebtesten Kinderb\u00fccher der Welt. Die Geschichte liegt hier in einer extra f\u00fcr Vorlesekinder neu erz\u00e4hlten Fassung von Usch Luhn vor &#8211; mit vielen atmosph\u00e4rischen Bildern von Joelle Tourlonias.<\/p>\n<p>Ein echtes Vorlesevergn\u00fcgen f\u00fcr Kinder ab vier Jahren!<\/p>\n<p>Gebundene Ausgabe, 128 Seiten<\/p>\n","protected":false},"excerpt":{"rendered":"<p>Geb<\/p>\n","protected":false},"featured_media":10829,"template":"","meta":[],"product_brand":[],"product_cat":[197,185],"product_tag":[252,394],"class_list":{"0":"post-3089","1":"product","2":"type-product","3":"status-publish","4":"has-post-thumbnail","6":"product_cat-kinderbuecher","7":"product_cat-literatur","8":"product_tag-kinder","9":"product_tag-schweden","10":"product_shipping_class-paket","12":"first","13":"onbackorder","14":"taxable","15":"shipping-taxable","16":"purchasable","17":"product-type-simple"},"_links":{"self":[{"href":"https:\/\/shop.mittgard.de\/index.php?rest_route=\/wp\/v2\/product\/3089","targetHints":{"allow":["GET"]}}],"collection":[{"href":"https:\/\/shop.mittgard.de\/index.php?rest_route=\/wp\/v2\/product"}],"about":[{"href":"https:\/\/shop.mittgard.de\/index.php?rest_route=\/wp\/v2\/types\/product"}],"wp:featuredmedia":[{"embeddable":true,"href":"https:\/\/shop.mittgard.de\/index.php?rest_route=\/wp\/v2\/media\/10829"}],"wp:attachment":[{"href":"https:\/\/shop.mittgard.de\/index.php?rest_route=%2Fwp%2Fv2%2Fmedia&parent=3089"}],"wp:term":[{"taxonomy":"product_brand","embeddable":true,"href":"https:\/\/shop.mittgard.de\/index.php?rest_route=%2Fwp%2Fv2%2Fproduct_brand&post=3089"},{"taxonomy":"product_cat","embeddable":true,"href":"https:\/\/shop.mittgard.de\/index.php?rest_route=%2Fwp%2Fv2%2Fproduct_cat&post=3089"},{"taxonomy":"product_tag","embeddable":true,"href":"https:\/\/shop.mittgard.de\/index.php?rest_route=%2Fwp%2Fv2%2Fproduct_tag&post=3089"}],"curies":[{"name":"wp","href":"https:\/\/api.w.org\/{rel}","templated":true}]}}