{"id":3099,"date":"2018-06-22T21:11:37","date_gmt":"2018-06-22T19:11:37","guid":{"rendered":"http:\/\/shop.mittgard.de\/?product=import-placeholder-for-3423"},"modified":"2024-12-16T10:12:55","modified_gmt":"2024-12-16T09:12:55","slug":"lindgren-astrid-ronja-raeubertochter-2","status":"publish","type":"product","link":"https:\/\/shop.mittgard.de\/?product=lindgren-astrid-ronja-raeubertochter-2","title":{"rendered":"Lindgren, Astrid &#8222;Ronja R\u00e4ubertochter&#8220;"},"content":{"rendered":"<p>Das Kultbuch unserer Kindheit! Ab 10 Jahre<\/p>\n<p>&#8222;In der Nacht, als Ronja geboren wurde, rollte der Donner \u00fcber die Berge. Ja, es war eine Gewitternacht, dass sich selbst alle Unholde, die im Mattiswald hausten, erschrocken verkrochen\u2026&#8220;<\/p>\n<p>Mitten im Wald, zwischen R\u00e4ubern, Graugnomen und Wilddruden, w\u00e4chst Ronja, die Tochter des R\u00e4uberhauptmanns Mattis, auf. Eines Tages trifft sie auf ihren Streifz\u00fcgen Birk, den R\u00e4ubersohn aus der verfeindeten Sippe von Borka. Und als die Eltern den beiden verbieten, Freunde zu sein, fliehen Ronja und Birk in die W\u00e4lder&#8230;<\/p>\n<p>Gebundene Ausgabe, 240 Seiten<\/p>\n","protected":false},"excerpt":{"rendered":"<p>Geb<\/p>\n","protected":false},"featured_media":4046,"template":"","meta":[],"product_brand":[],"product_cat":[197,185],"product_tag":[252,236,395],"class_list":{"0":"post-3099","1":"product","2":"type-product","3":"status-publish","4":"has-post-thumbnail","6":"product_cat-kinderbuecher","7":"product_cat-literatur","8":"product_tag-kinder","9":"product_tag-mittelalter","10":"product_tag-raeuber","11":"product_shipping_class-paket","13":"first","14":"instock","15":"taxable","16":"shipping-taxable","17":"purchasable","18":"product-type-simple"},"_links":{"self":[{"href":"https:\/\/shop.mittgard.de\/index.php?rest_route=\/wp\/v2\/product\/3099","targetHints":{"allow":["GET"]}}],"collection":[{"href":"https:\/\/shop.mittgard.de\/index.php?rest_route=\/wp\/v2\/product"}],"about":[{"href":"https:\/\/shop.mittgard.de\/index.php?rest_route=\/wp\/v2\/types\/product"}],"wp:featuredmedia":[{"embeddable":true,"href":"https:\/\/shop.mittgard.de\/index.php?rest_route=\/wp\/v2\/media\/4046"}],"wp:attachment":[{"href":"https:\/\/shop.mittgard.de\/index.php?rest_route=%2Fwp%2Fv2%2Fmedia&parent=3099"}],"wp:term":[{"taxonomy":"product_brand","embeddable":true,"href":"https:\/\/shop.mittgard.de\/index.php?rest_route=%2Fwp%2Fv2%2Fproduct_brand&post=3099"},{"taxonomy":"product_cat","embeddable":true,"href":"https:\/\/shop.mittgard.de\/index.php?rest_route=%2Fwp%2Fv2%2Fproduct_cat&post=3099"},{"taxonomy":"product_tag","embeddable":true,"href":"https:\/\/shop.mittgard.de\/index.php?rest_route=%2Fwp%2Fv2%2Fproduct_tag&post=3099"}],"curies":[{"name":"wp","href":"https:\/\/api.w.org\/{rel}","templated":true}]}}