{"id":3103,"date":"2018-06-22T21:11:37","date_gmt":"2018-06-22T19:11:37","guid":{"rendered":"http:\/\/shop.mittgard.de\/?product=import-placeholder-for-3427"},"modified":"2024-12-16T10:14:08","modified_gmt":"2024-12-16T09:14:08","slug":"lindgren-astrid-weihnachten-mit-astrid-lindgren","status":"publish","type":"product","link":"https:\/\/shop.mittgard.de\/?product=lindgren-astrid-weihnachten-mit-astrid-lindgren","title":{"rendered":"Lindgren, Astrid &#8222;Weihnachten mit Astrid Lindgren&#8220;"},"content":{"rendered":"<p>Die sch\u00f6nsten Geschichten von Pippi Langstrumpf, Michel, Madita, den Kindern aus Bullerb\u00fc u.a.<\/p>\n<p>&#8222;Oh, wie ist es sch\u00f6n, wenn Weihnachten ist! Ich w\u00fcnschte nur, dass ein wenig \u00f6fter Weihnachten w\u00e4re.&#8220; Weihnachten in Bullerb\u00fc<\/p>\n<p>Schlittenfahrten, Schneeballschlachten und gro\u00dfe Festschm\u00e4use &#8211; Die Weihnachtszeit steckt voller \u00dcberraschungen und kleiner Wunder. Der Wichtel Tomte Tummetott schleicht auf leisen Sohlen \u00fcber den Hof, die Kinder aus Bullerb\u00fc tanzen um den Weihnachtsbaum, und Madita und Lisabet begegnen doch tats\u00e4chlich dem Weihnachtsmann. Und Pippi Langstrumpf und Michel? Die feiern das Fest nat\u00fcrlich auf ihre ganz besondere Art.<\/p>\n<p>Die sch\u00f6nsten Winter- und Weihnachtsgeschichten von Astrid Lindgren f\u00fcr die ganze Familie &#8211; zum Vorlesen und Selberlesen.<\/p>\n<p>Gebundene Ausgabe, 256 Seiten<\/p>\n","protected":false},"excerpt":{"rendered":"<p>Geb<\/p>\n","protected":false},"featured_media":5827,"template":"","meta":[],"product_brand":[],"product_cat":[197,185],"product_tag":[252,394,396],"class_list":{"0":"post-3103","1":"product","2":"type-product","3":"status-publish","4":"has-post-thumbnail","6":"product_cat-kinderbuecher","7":"product_cat-literatur","8":"product_tag-kinder","9":"product_tag-schweden","10":"product_tag-weihnachten","11":"product_shipping_class-paket","13":"first","14":"onbackorder","15":"taxable","16":"shipping-taxable","17":"purchasable","18":"product-type-simple"},"_links":{"self":[{"href":"https:\/\/shop.mittgard.de\/index.php?rest_route=\/wp\/v2\/product\/3103","targetHints":{"allow":["GET"]}}],"collection":[{"href":"https:\/\/shop.mittgard.de\/index.php?rest_route=\/wp\/v2\/product"}],"about":[{"href":"https:\/\/shop.mittgard.de\/index.php?rest_route=\/wp\/v2\/types\/product"}],"wp:featuredmedia":[{"embeddable":true,"href":"https:\/\/shop.mittgard.de\/index.php?rest_route=\/wp\/v2\/media\/5827"}],"wp:attachment":[{"href":"https:\/\/shop.mittgard.de\/index.php?rest_route=%2Fwp%2Fv2%2Fmedia&parent=3103"}],"wp:term":[{"taxonomy":"product_brand","embeddable":true,"href":"https:\/\/shop.mittgard.de\/index.php?rest_route=%2Fwp%2Fv2%2Fproduct_brand&post=3103"},{"taxonomy":"product_cat","embeddable":true,"href":"https:\/\/shop.mittgard.de\/index.php?rest_route=%2Fwp%2Fv2%2Fproduct_cat&post=3103"},{"taxonomy":"product_tag","embeddable":true,"href":"https:\/\/shop.mittgard.de\/index.php?rest_route=%2Fwp%2Fv2%2Fproduct_tag&post=3103"}],"curies":[{"name":"wp","href":"https:\/\/api.w.org\/{rel}","templated":true}]}}