{"id":3108,"date":"2018-06-22T21:11:38","date_gmt":"2018-06-22T19:11:38","guid":{"rendered":"http:\/\/shop.mittgard.de\/?product=import-placeholder-for-3432"},"modified":"2025-10-06T13:09:33","modified_gmt":"2025-10-06T11:09:33","slug":"muhr-gisela-germanische-spiele","status":"publish","type":"product","link":"https:\/\/shop.mittgard.de\/?product=muhr-gisela-germanische-spiele","title":{"rendered":"Muhr, Gisela &#8222;Germanische Spiele&#8220;"},"content":{"rendered":"<p>So spielten die Wikinger und Germanen<\/p>\n<p>Brett- und W\u00fcrfelspiele, Ball- und Wettkampfspiele&#8230; Spiele und andere Formen der Freizeitbesch\u00e4ftigung werfen einen Blick auf die Kultur einer Gesellschaft, die manchmal mehr aussagt als trockene Geschichtsdaten. Vor allem aber machen sie eine Kultur erlebbar, wenn man sie nachspielt.<\/p>\n<p>Spiele wie Tablut, Hnefatafl, Halatafl, W\u00fcrfelkampf, Kubb oder Steckenpferdrennen sind spannend, manchmal recht anspruchsvoll, manchmal fr\u00f6hlich-derb &#8211; doch stets garantieren sie auch heute vergn\u00fcgliche Nachmittage und Abende. Man mu\u00df ja nicht gleich Haus und Hof verspielen, wie es manchmal bei den Germanen tats\u00e4chlich vorkam&#8230;<\/p>\n<p>Gebundene Ausgabe, 128 Seiten<\/p>\n","protected":false},"excerpt":{"rendered":"<p>HC<\/p>\n","protected":false},"featured_media":10286,"template":"","meta":[],"product_brand":[],"product_cat":[197,185],"product_tag":[336,252,392,311],"class_list":{"0":"post-3108","1":"product","2":"type-product","3":"status-publish","4":"has-post-thumbnail","6":"product_cat-kinderbuecher","7":"product_cat-literatur","8":"product_tag-germanen","9":"product_tag-kinder","10":"product_tag-spiele","11":"product_tag-wikinger","12":"product_shipping_class-paket","14":"first","15":"instock","16":"taxable","17":"shipping-taxable","18":"purchasable","19":"product-type-simple"},"_links":{"self":[{"href":"https:\/\/shop.mittgard.de\/index.php?rest_route=\/wp\/v2\/product\/3108","targetHints":{"allow":["GET"]}}],"collection":[{"href":"https:\/\/shop.mittgard.de\/index.php?rest_route=\/wp\/v2\/product"}],"about":[{"href":"https:\/\/shop.mittgard.de\/index.php?rest_route=\/wp\/v2\/types\/product"}],"wp:featuredmedia":[{"embeddable":true,"href":"https:\/\/shop.mittgard.de\/index.php?rest_route=\/wp\/v2\/media\/10286"}],"wp:attachment":[{"href":"https:\/\/shop.mittgard.de\/index.php?rest_route=%2Fwp%2Fv2%2Fmedia&parent=3108"}],"wp:term":[{"taxonomy":"product_brand","embeddable":true,"href":"https:\/\/shop.mittgard.de\/index.php?rest_route=%2Fwp%2Fv2%2Fproduct_brand&post=3108"},{"taxonomy":"product_cat","embeddable":true,"href":"https:\/\/shop.mittgard.de\/index.php?rest_route=%2Fwp%2Fv2%2Fproduct_cat&post=3108"},{"taxonomy":"product_tag","embeddable":true,"href":"https:\/\/shop.mittgard.de\/index.php?rest_route=%2Fwp%2Fv2%2Fproduct_tag&post=3108"}],"curies":[{"name":"wp","href":"https:\/\/api.w.org\/{rel}","templated":true}]}}