{"id":3127,"date":"2018-06-22T21:11:45","date_gmt":"2018-06-22T19:11:45","guid":{"rendered":"http:\/\/shop.mittgard.de\/?product=import-placeholder-for-3451"},"modified":"2024-12-16T10:33:47","modified_gmt":"2024-12-16T09:33:47","slug":"ascher-ulrike-die-magie-der-elemente-band-2-feuer","status":"publish","type":"product","link":"https:\/\/shop.mittgard.de\/?product=ascher-ulrike-die-magie-der-elemente-band-2-feuer","title":{"rendered":"Ascher, Ulrike &#8222;Die Magie der Elemente &#8211; Band 2: Feuer&#8220;"},"content":{"rendered":"<p>magische Arbeit mit dem Feuerelement &#8211; Kerzenzauber, K\u00fcchenzauber, Magie f\u00fcr Liebe &amp; Freundschaft.<\/p>\n<p>Nach dem gro\u00dfen Erfolg des ersten Bandes &#8222;Erde&#8220; legt Ulrike Ascher nun Buch 2 der Reihe vor: Feuer. Wie schon Band 1 ist auch diese Buch wieder fulminant bebildert mit Fotos herausragender Fotok\u00fcnstler. Man darf also gespannt sein!<\/p>\n<p>Inhaltlich tauchen wir ein in die Bedeutung und magische Verwendung des Feuers. Da ist zuerst der Lebensfunke: Kreativit\u00e4t, Initialz\u00fcndung, Idee. Dann darf der Liebeszauber nicht fehlen, denn schlie\u00dflich ist man ja in der Liebe Feuer und Flamme! Aber auch Familienbande, Freundschaft, Eigenliebe und Weltenliebe geh\u00f6ren in diesen Bereich. Schutzzauber f\u00fcr unsere eigene Standfestigkeit und ein bewusstes Leben im Innen und Au\u00dfen werden dem Leser vorgestellt sowie klassische Feuer- und Kerzenzauber.<\/p>\n<p>Neben dem praktischen Teil berichtet Ulrike Ascher von der Tradition des Feuers, vom heimeligen Herd, und stellt im Anhang eine Auswahl an Feuerg\u00f6ttinnen und Feuerg\u00f6ttern vor.<\/p>\n<p>Broschiert, 160 Seiten<\/p>\n","protected":false},"excerpt":{"rendered":"<p>Br<\/p>\n","protected":false},"featured_media":9842,"template":"","meta":[],"product_brand":[],"product_cat":[185,198],"product_tag":[351,376,248],"class_list":{"0":"post-3127","1":"product","2":"type-product","3":"status-publish","4":"has-post-thumbnail","6":"product_cat-literatur","7":"product_cat-magie","8":"product_tag-goetter","9":"product_tag-magie","10":"product_tag-ritual","11":"product_shipping_class-paket","13":"first","14":"onbackorder","15":"taxable","16":"shipping-taxable","17":"purchasable","18":"product-type-simple"},"_links":{"self":[{"href":"https:\/\/shop.mittgard.de\/index.php?rest_route=\/wp\/v2\/product\/3127","targetHints":{"allow":["GET"]}}],"collection":[{"href":"https:\/\/shop.mittgard.de\/index.php?rest_route=\/wp\/v2\/product"}],"about":[{"href":"https:\/\/shop.mittgard.de\/index.php?rest_route=\/wp\/v2\/types\/product"}],"wp:featuredmedia":[{"embeddable":true,"href":"https:\/\/shop.mittgard.de\/index.php?rest_route=\/wp\/v2\/media\/9842"}],"wp:attachment":[{"href":"https:\/\/shop.mittgard.de\/index.php?rest_route=%2Fwp%2Fv2%2Fmedia&parent=3127"}],"wp:term":[{"taxonomy":"product_brand","embeddable":true,"href":"https:\/\/shop.mittgard.de\/index.php?rest_route=%2Fwp%2Fv2%2Fproduct_brand&post=3127"},{"taxonomy":"product_cat","embeddable":true,"href":"https:\/\/shop.mittgard.de\/index.php?rest_route=%2Fwp%2Fv2%2Fproduct_cat&post=3127"},{"taxonomy":"product_tag","embeddable":true,"href":"https:\/\/shop.mittgard.de\/index.php?rest_route=%2Fwp%2Fv2%2Fproduct_tag&post=3127"}],"curies":[{"name":"wp","href":"https:\/\/api.w.org\/{rel}","templated":true}]}}