{"id":3129,"date":"2018-06-22T21:11:46","date_gmt":"2018-06-22T19:11:46","guid":{"rendered":"http:\/\/shop.mittgard.de\/?product=import-placeholder-for-3453"},"modified":"2024-12-16T10:34:06","modified_gmt":"2024-12-16T09:34:06","slug":"ascher-ulrike-die-magie-der-elemente-spirit","status":"publish","type":"product","link":"https:\/\/shop.mittgard.de\/?product=ascher-ulrike-die-magie-der-elemente-spirit","title":{"rendered":"Ascher, Ulrike &#8222;Die Magie der Elemente &#8211; Spirit&#8220;"},"content":{"rendered":"<p>magische Arbeit mit dem Geistelement: Chakren, Jahreskreisfeste, Sonne &amp; Mond, Visionssuche, Lebensfeste<\/p>\n<p>Im Band Spirit finden Sie das, was die Elemente Erde, Feuer, Wasser und Luft zusammenh\u00e4lt und verbindet. Hier schlie\u00dft sich der Kreis und f\u00fchrt in die Meisterschaft der Elemente.<\/p>\n<p>Spirit bringt eine F\u00fclle von Bedeutungen: Ahnen, Geist, Seele, Eingebung, Lebensfunke, Mut, Elan, Temperament. Er schlie\u00dft Vieles ein und bleibt dennoch schwer zu fassen, genau wie die Energie, die er umschreibt. Gerade aber hier finden wir den Mittelpunkt des Kreises und die Weite der Au\u00dfenwelt, den Kern und das Universum. Ulrike Ascher gliedert das Buch daher in die drei Hauptbereiche Ich-Magie, Wir-Magie und Welt-Magie &#8211; mit Ausf\u00fchrungen zu den Chakren, Kraftpl\u00e4tzen, Andersweltreisen und Krafttiersuche, Visionsssuche sowie der magischen Welt des Jahres- und Lebenskreises. Viele praxisnahe Vorschl\u00e4ge f\u00fcr Rituale, \u00dcbungen und Meditationen runden die Kapitel ab.<\/p>\n<p>Daneben bietet das Buch einen Hort an Informationen \u00fcber G\u00f6tter, Tiere, Pflanzen und Steine und schafft damit eine solide Basis f\u00fcr eigene Ritualideen. Ein farbenpr\u00e4chtiger Bildband zur Elemente-Magie, mit au\u00dfergew\u00f6hnlichen Bildern veredelt!<\/p>\n<p>Broschiert, 160 Seiten<\/p>\n","protected":false},"excerpt":{"rendered":"<p>Br<\/p>\n","protected":false},"featured_media":9838,"template":"","meta":[],"product_brand":[],"product_cat":[185,198],"product_tag":[376,248,375,381],"class_list":{"0":"post-3129","1":"product","2":"type-product","3":"status-publish","4":"has-post-thumbnail","6":"product_cat-literatur","7":"product_cat-magie","8":"product_tag-magie","9":"product_tag-ritual","10":"product_tag-trance","11":"product_tag-visionssuche","12":"product_shipping_class-paket","14":"first","15":"onbackorder","16":"taxable","17":"shipping-taxable","18":"purchasable","19":"product-type-simple"},"_links":{"self":[{"href":"https:\/\/shop.mittgard.de\/index.php?rest_route=\/wp\/v2\/product\/3129","targetHints":{"allow":["GET"]}}],"collection":[{"href":"https:\/\/shop.mittgard.de\/index.php?rest_route=\/wp\/v2\/product"}],"about":[{"href":"https:\/\/shop.mittgard.de\/index.php?rest_route=\/wp\/v2\/types\/product"}],"wp:featuredmedia":[{"embeddable":true,"href":"https:\/\/shop.mittgard.de\/index.php?rest_route=\/wp\/v2\/media\/9838"}],"wp:attachment":[{"href":"https:\/\/shop.mittgard.de\/index.php?rest_route=%2Fwp%2Fv2%2Fmedia&parent=3129"}],"wp:term":[{"taxonomy":"product_brand","embeddable":true,"href":"https:\/\/shop.mittgard.de\/index.php?rest_route=%2Fwp%2Fv2%2Fproduct_brand&post=3129"},{"taxonomy":"product_cat","embeddable":true,"href":"https:\/\/shop.mittgard.de\/index.php?rest_route=%2Fwp%2Fv2%2Fproduct_cat&post=3129"},{"taxonomy":"product_tag","embeddable":true,"href":"https:\/\/shop.mittgard.de\/index.php?rest_route=%2Fwp%2Fv2%2Fproduct_tag&post=3129"}],"curies":[{"name":"wp","href":"https:\/\/api.w.org\/{rel}","templated":true}]}}