{"id":3144,"date":"2018-06-22T21:11:48","date_gmt":"2018-06-22T19:11:48","guid":{"rendered":"http:\/\/shop.mittgard.de\/?product=import-placeholder-for-3468"},"modified":"2024-12-15T12:01:26","modified_gmt":"2024-12-15T11:01:26","slug":"helm-amei-der-erde-eine-stimme-geben","status":"publish","type":"product","link":"https:\/\/shop.mittgard.de\/?product=helm-amei-der-erde-eine-stimme-geben","title":{"rendered":"Helm, Amei &#8222;Der Erde eine Stimme geben&#8220;"},"content":{"rendered":"<p>Das neue Buch mit Musik-CD von Amei Helm unterscheidet sich von den vorherigen rein \u00e4u\u00dferlich durch das gr\u00f6\u00dfere Format und die Vierfarbigkeit. Inhaltlich geht es um Wege und M\u00f6glichkeiten, auf vielf\u00e4ltige Art und Weise zu einer lebendigen liebevollen Beziehung zu unserer Erde zur\u00fcckzufinden und heilende Kr\u00e4fte auszutauschen. Wie eine solche Beziehung entstehen kann, schildert die Autorin nebenbei sehr lebendig am eigenen Beispiel und mit vielen kleinen Geschichten. Die 19 Lieder, zu denen das Buch Texte und teilweise auch Noten enth\u00e4lt sowie T\u00e4nze beschreibt, sind von akustischen Instrumenten begleitet &#8211; tr\u00f6stend, aufmunternd oder meditativ, teilweise verspielt. Sie beschreiben den Weg einer Liebe und wecken gleichzeitig 19 unterschiedliche Seelenkr\u00e4fte. Buch und CD mit den T\u00e4nzen und Liedern eignen sich sehr gut zur Arbeit in Gruppen, aber ebenso f\u00fcr die therapeutische Einzelarbeit und f\u00fcr den eigenen Weg.<\/p>\n<p>Broschiert, 192 Seiten<\/p>\n","protected":false},"excerpt":{"rendered":"<p>Buch+CD<\/p>\n","protected":false},"featured_media":15949,"template":"","meta":[],"product_brand":[],"product_cat":[186,195,185,199],"product_tag":[225,383,364,384],"class_list":{"0":"post-3144","1":"product","2":"type-product","3":"status-publish","4":"has-post-thumbnail","6":"product_cat-alternativ-leben","7":"product_cat-hexentum-schamanismus","8":"product_cat-literatur","9":"product_cat-musik","10":"product_tag-jahreskreis","11":"product_tag-musik","12":"product_tag-spiritualitaet","13":"product_tag-tanz","14":"product_shipping_class-paket","16":"first","17":"instock","18":"taxable","19":"shipping-taxable","20":"purchasable","21":"product-type-simple"},"_links":{"self":[{"href":"https:\/\/shop.mittgard.de\/index.php?rest_route=\/wp\/v2\/product\/3144","targetHints":{"allow":["GET"]}}],"collection":[{"href":"https:\/\/shop.mittgard.de\/index.php?rest_route=\/wp\/v2\/product"}],"about":[{"href":"https:\/\/shop.mittgard.de\/index.php?rest_route=\/wp\/v2\/types\/product"}],"wp:featuredmedia":[{"embeddable":true,"href":"https:\/\/shop.mittgard.de\/index.php?rest_route=\/wp\/v2\/media\/15949"}],"wp:attachment":[{"href":"https:\/\/shop.mittgard.de\/index.php?rest_route=%2Fwp%2Fv2%2Fmedia&parent=3144"}],"wp:term":[{"taxonomy":"product_brand","embeddable":true,"href":"https:\/\/shop.mittgard.de\/index.php?rest_route=%2Fwp%2Fv2%2Fproduct_brand&post=3144"},{"taxonomy":"product_cat","embeddable":true,"href":"https:\/\/shop.mittgard.de\/index.php?rest_route=%2Fwp%2Fv2%2Fproduct_cat&post=3144"},{"taxonomy":"product_tag","embeddable":true,"href":"https:\/\/shop.mittgard.de\/index.php?rest_route=%2Fwp%2Fv2%2Fproduct_tag&post=3144"}],"curies":[{"name":"wp","href":"https:\/\/api.w.org\/{rel}","templated":true}]}}