{"id":3147,"date":"2018-06-22T21:11:48","date_gmt":"2018-06-22T19:11:48","guid":{"rendered":"http:\/\/shop.mittgard.de\/?product=import-placeholder-for-3471"},"modified":"2024-12-16T10:59:03","modified_gmt":"2024-12-16T09:59:03","slug":"maul-ruediger-oriental-rhythm-collection","status":"publish","type":"product","link":"https:\/\/shop.mittgard.de\/?product=maul-ruediger-oriental-rhythm-collection","title":{"rendered":"Maul, R\u00fcdiger &#8222;Oriental Rhythm Collection&#8220;"},"content":{"rendered":"<p>f\u00fcr Percussion-Instrumente &#8211; 112 Rhythmen aus 21 L\u00e4nder, zweisprachig (englisch &amp; deutsch)<\/p>\n<p>Diese Rhythmussammlung bietet mit 112 Rhythmen aus 21 L\u00e4ndern einen \u00fcbergreifenden Einblick in die Welt der orientalischen Percussion. Die differenzierte Notation erm\u00f6glicht sowohl dem Notenkundigen, als auch dem Autodidakten ein sicheres Verstehen der Rhythmen, welche durch die Begleit-CD veranschaulicht werden.<\/p>\n<p>Somit ist dieses Buch f\u00fcr Anf\u00e4nger und versierte Musiker gleicherma\u00dfen geeignet.<\/p>\n<p>Der Aufbau steigert sich durch 9 Kapitel, vom einfachen bis hin zu sehr komplexen ungeraden Takten, wobei g\u00e4ngige Tanzrhythmen, als auch Rhythmen der Sufis ebenso einbezogen sind.<\/p>\n<p>Ein zus\u00e4tzliches &#8222;spezial&#8220;, bietet die DVD, auf welcher die Handhabung und Spieltechniken der wichtigsten orientalischen-, aber auch anderer popul\u00e4rer Percussioninstrumente anschaulich erl\u00e4utert werden: Darabukka, div. Rahmentrommeln wie Mizhar, Tar, Bendir, Duff und Riq, Davul, Bongos, Congas, Djembe und Cajon.<\/p>\n<p>Ensemblekompositionen, als Anregung zum Zusammenspiel sind ebenfalls auf der DVD zu sehen.<\/p>\n<p>Diese Sammlung m\u00f6chte die Phantasie befl\u00fcgeln und der Kreativit\u00e4t neuen Antrieb geben.<\/p>\n<p>Spiralbindung, 60 Seiten &amp; 2 CD&#8217;s<\/p>\n","protected":false},"excerpt":{"rendered":"<p>Buch+CD<\/p>\n","protected":false},"featured_media":4072,"template":"","meta":[],"product_brand":[],"product_cat":[185,199],"product_tag":[403,383,402],"class_list":{"0":"post-3147","1":"product","2":"type-product","3":"status-publish","4":"has-post-thumbnail","6":"product_cat-literatur","7":"product_cat-musik","8":"product_tag-faun","9":"product_tag-musik","10":"product_tag-trommeln","11":"product_shipping_class-paket","13":"first","14":"instock","15":"taxable","16":"shipping-taxable","17":"purchasable","18":"product-type-simple"},"_links":{"self":[{"href":"https:\/\/shop.mittgard.de\/index.php?rest_route=\/wp\/v2\/product\/3147","targetHints":{"allow":["GET"]}}],"collection":[{"href":"https:\/\/shop.mittgard.de\/index.php?rest_route=\/wp\/v2\/product"}],"about":[{"href":"https:\/\/shop.mittgard.de\/index.php?rest_route=\/wp\/v2\/types\/product"}],"wp:featuredmedia":[{"embeddable":true,"href":"https:\/\/shop.mittgard.de\/index.php?rest_route=\/wp\/v2\/media\/4072"}],"wp:attachment":[{"href":"https:\/\/shop.mittgard.de\/index.php?rest_route=%2Fwp%2Fv2%2Fmedia&parent=3147"}],"wp:term":[{"taxonomy":"product_brand","embeddable":true,"href":"https:\/\/shop.mittgard.de\/index.php?rest_route=%2Fwp%2Fv2%2Fproduct_brand&post=3147"},{"taxonomy":"product_cat","embeddable":true,"href":"https:\/\/shop.mittgard.de\/index.php?rest_route=%2Fwp%2Fv2%2Fproduct_cat&post=3147"},{"taxonomy":"product_tag","embeddable":true,"href":"https:\/\/shop.mittgard.de\/index.php?rest_route=%2Fwp%2Fv2%2Fproduct_tag&post=3147"}],"curies":[{"name":"wp","href":"https:\/\/api.w.org\/{rel}","templated":true}]}}