{"id":3158,"date":"2018-06-22T21:11:55","date_gmt":"2018-06-22T19:11:55","guid":{"rendered":"http:\/\/shop.mittgard.de\/?product=import-placeholder-for-3482"},"modified":"2024-12-16T11:01:49","modified_gmt":"2024-12-16T10:01:49","slug":"rulandjeanne-feen-elfengnome","status":"publish","type":"product","link":"https:\/\/shop.mittgard.de\/?product=rulandjeanne-feen-elfengnome","title":{"rendered":"Ruland,Jeanne &#8222;Elfen, Feen, Gnome&#8220;"},"content":{"rendered":"<p>Ein Kitzeln an den Ohren, ein zarter Hauch auf den Wangen oder hohe Kl\u00e4nge \u2026 Vielleicht war es nur der Wind \u2013 wom\u00f6glich war es jedoch eine Begegnung mit einem Luftwesen. Oder wenn es einen manchmal ganz unvermittelt zwickt oder pikst \u2013, dann war wohl ein freches Feuerwesen am Werk!<\/p>\n<p>Naturgeister sind jene Kr\u00e4fte, die die Natur beleben und beseelen. Viele Menschen sp\u00fcren ihre Anwesenheit, sehen ihre Zeichen, wissen jedoch nicht, wie sie mit ihnen Kontakt aufnehmen k\u00f6nnen. Ihnen ist dieses liebevoll gestaltete Nachschlagewerk ebenso eine wertvolle Unterst\u00fctzung wie all jenen, die die Fantasiewelt ihrer Kindheit wiederaufleben lassen wollen. Neben Hintergrundinformationen zur Anderswelt, zu den Elementen und den verschiedenen Reichen unserer Erde und ihren geheimnisvollen Bewohnern gibt Jeanne Ruland praktische Tipps zur Verbindung mit diesen Naturwesen.<\/p>\n<p>Broschiert, 368 Seiten<\/p>\n","protected":false},"excerpt":{"rendered":"<p>TB<\/p>\n","protected":false},"featured_media":11209,"template":"","meta":[],"product_brand":[],"product_cat":[185,200],"product_tag":[323,223,364],"class_list":{"0":"post-3158","1":"product","2":"type-product","3":"status-publish","4":"has-post-thumbnail","6":"product_cat-literatur","7":"product_cat-naturgeister","8":"product_tag-naturgeister","9":"product_tag-naturreligion","10":"product_tag-spiritualitaet","11":"product_shipping_class-paket","13":"first","14":"onbackorder","15":"taxable","16":"shipping-taxable","17":"purchasable","18":"product-type-simple"},"_links":{"self":[{"href":"https:\/\/shop.mittgard.de\/index.php?rest_route=\/wp\/v2\/product\/3158","targetHints":{"allow":["GET"]}}],"collection":[{"href":"https:\/\/shop.mittgard.de\/index.php?rest_route=\/wp\/v2\/product"}],"about":[{"href":"https:\/\/shop.mittgard.de\/index.php?rest_route=\/wp\/v2\/types\/product"}],"wp:featuredmedia":[{"embeddable":true,"href":"https:\/\/shop.mittgard.de\/index.php?rest_route=\/wp\/v2\/media\/11209"}],"wp:attachment":[{"href":"https:\/\/shop.mittgard.de\/index.php?rest_route=%2Fwp%2Fv2%2Fmedia&parent=3158"}],"wp:term":[{"taxonomy":"product_brand","embeddable":true,"href":"https:\/\/shop.mittgard.de\/index.php?rest_route=%2Fwp%2Fv2%2Fproduct_brand&post=3158"},{"taxonomy":"product_cat","embeddable":true,"href":"https:\/\/shop.mittgard.de\/index.php?rest_route=%2Fwp%2Fv2%2Fproduct_cat&post=3158"},{"taxonomy":"product_tag","embeddable":true,"href":"https:\/\/shop.mittgard.de\/index.php?rest_route=%2Fwp%2Fv2%2Fproduct_tag&post=3158"}],"curies":[{"name":"wp","href":"https:\/\/api.w.org\/{rel}","templated":true}]}}