{"id":3165,"date":"2018-06-22T21:11:56","date_gmt":"2018-06-22T19:11:56","guid":{"rendered":"http:\/\/shop.mittgard.de\/?product=import-placeholder-for-3489"},"modified":"2024-12-16T11:02:36","modified_gmt":"2024-12-16T10:02:36","slug":"bickel-gabriele-meine-kraeuterhexengeheimnisse","status":"publish","type":"product","link":"https:\/\/shop.mittgard.de\/?product=bickel-gabriele-meine-kraeuterhexengeheimnisse","title":{"rendered":"Bickel, Gabriele &#8222;Meine Kr\u00e4uterhexengeheimnisse&#8220;"},"content":{"rendered":"<p>Tees &amp; Lik\u00f6re, Wildkr\u00e4uter &amp; Naturheilmittel<\/p>\n<p>Altes Kr\u00e4uterwissen neu entdeckt<\/p>\n<p>Die besten Tipps und Geheimnisse der bekannten Kr\u00e4uterhexe Gabriele Bickel wurden f\u00fcr Sie in diesem B\u00fcchlein zusammengetragen.<\/p>\n<p>Wollen Sie wissen:<\/p>\n<p>&#8211; Wie Sie Ihren Kr\u00e4utergarten winterfest machen k\u00f6nnen?<br \/>\n&#8211; Wie man \u00dcberwinterungsm\u00f6glichkeiten f\u00fcr Kleinstlebewesen schafft?<br \/>\n&#8211; Welche Kr\u00e4uter man auch im Winter ernten kann?<br \/>\n&#8211; Wie man Kr\u00e4uter richtig trocknet, lagert und als Tee zubereitet?<br \/>\n&#8211; Wie die neun wichtigsten Regeln f\u00fcr den Umgang mit Pflanzen lauten?<br \/>\n&#8211; Wie man Elixiere und Tinkturen richtig ansetzt?<br \/>\n&#8211; Welches Elixier und Tinkturen richtig ansetzt?<br \/>\n&#8211; Welches Elixier verdauungsf\u00f6rdernd wirkt?<br \/>\n&#8211; Warum pflanzliche \u00d6le gut f\u00fcr die Gesundheit sind?<br \/>\n&#8211; Wie man Salben und Cremes selber mischt?<br \/>\n&#8211; Von welchem Fu\u00dfbad man warme F\u00fc\u00dfe bekommt?<br \/>\n&#8211; Wie man l\u00e4stigen Husten oder auch Spannungskopfschmerzen los wird?<br \/>\n&#8211; Welche Kr\u00e4uter die Fr\u00fchjahrsm\u00fcdigkeit besiegen?<\/p>\n<p>Ein n\u00fctzlicher und humorvoller Ratgeber f\u00fcr alle, die Heil- und K\u00fcchenkr\u00e4uter sch\u00e4tzen.<\/p>\n<p>Gebundene Ausgabe, 160 Seiten<\/p>\n","protected":false},"excerpt":{"rendered":"<p>HC<\/p>\n","protected":false},"featured_media":4979,"template":"","meta":[],"product_brand":[],"product_cat":[185,201],"product_tag":[230,374,366,406],"class_list":{"0":"post-3165","1":"product","2":"type-product","3":"status-publish","4":"has-post-thumbnail","6":"product_cat-literatur","7":"product_cat-naturheilkunde-kraeuterwissen","8":"product_tag-garten","9":"product_tag-heilkunde","10":"product_tag-kraeuter","11":"product_tag-rezepte","12":"product_shipping_class-paket","14":"first","15":"onbackorder","16":"taxable","17":"shipping-taxable","18":"purchasable","19":"product-type-simple"},"_links":{"self":[{"href":"https:\/\/shop.mittgard.de\/index.php?rest_route=\/wp\/v2\/product\/3165","targetHints":{"allow":["GET"]}}],"collection":[{"href":"https:\/\/shop.mittgard.de\/index.php?rest_route=\/wp\/v2\/product"}],"about":[{"href":"https:\/\/shop.mittgard.de\/index.php?rest_route=\/wp\/v2\/types\/product"}],"wp:featuredmedia":[{"embeddable":true,"href":"https:\/\/shop.mittgard.de\/index.php?rest_route=\/wp\/v2\/media\/4979"}],"wp:attachment":[{"href":"https:\/\/shop.mittgard.de\/index.php?rest_route=%2Fwp%2Fv2%2Fmedia&parent=3165"}],"wp:term":[{"taxonomy":"product_brand","embeddable":true,"href":"https:\/\/shop.mittgard.de\/index.php?rest_route=%2Fwp%2Fv2%2Fproduct_brand&post=3165"},{"taxonomy":"product_cat","embeddable":true,"href":"https:\/\/shop.mittgard.de\/index.php?rest_route=%2Fwp%2Fv2%2Fproduct_cat&post=3165"},{"taxonomy":"product_tag","embeddable":true,"href":"https:\/\/shop.mittgard.de\/index.php?rest_route=%2Fwp%2Fv2%2Fproduct_tag&post=3165"}],"curies":[{"name":"wp","href":"https:\/\/api.w.org\/{rel}","templated":true}]}}