{"id":3170,"date":"2018-06-22T21:11:57","date_gmt":"2018-06-22T19:11:57","guid":{"rendered":"http:\/\/shop.mittgard.de\/?product=import-placeholder-for-3494"},"modified":"2024-12-16T11:03:05","modified_gmt":"2024-12-16T10:03:05","slug":"boehm-pausch-gesundheit-aus-dem-kloster","status":"publish","type":"product","link":"https:\/\/shop.mittgard.de\/?product=boehm-pausch-gesundheit-aus-dem-kloster","title":{"rendered":"B\u00f6hm\/Pausch &#8222;Gesundheit aus dem Kloster&#8220;"},"content":{"rendered":"<p>Altes Heilwissen f\u00fcr K\u00f6rper, Geist und Seele<\/p>\n<p>Klostermedizin ist &#8222;in&#8220;! \u00dcber Jahrhunderte wuchs und bew\u00e4hrte sich in europ\u00e4ischen Klostergemeinschaften ein Heilwissen, das heute wieder als ernstzunehmende Erg\u00e4nzung zur Schulmedizin gilt: Pflanzenheilkunde, spirituelle Seelsorge und Aktivierung der Selbstheilungskr\u00e4fte im Zusammenspiel von K\u00f6rper und Seele sind die Eckpfeiler der besonders im Benediktinerorden gepflegten Klostermedizin. \u00dcberaus anregend berichten der bekannte Benediktinerpater Johannes Pausch und Co-Autor Gert B\u00f6hm von den Wirkungen alter Weisheitslehren und kl\u00f6sterlicher Urheilmittel.<\/p>\n<p>Gebundene Ausgabe, 192 Seiten<\/p>\n","protected":false},"excerpt":{"rendered":"<p>Geb<\/p>\n","protected":false},"featured_media":4938,"template":"","meta":[],"product_brand":[],"product_cat":[185,201],"product_tag":[239,366,236],"class_list":{"0":"post-3170","1":"product","2":"type-product","3":"status-publish","4":"has-post-thumbnail","6":"product_cat-literatur","7":"product_cat-naturheilkunde-kraeuterwissen","8":"product_tag-heilkunst","9":"product_tag-kraeuter","10":"product_tag-mittelalter","11":"product_shipping_class-paket","13":"first","14":"onbackorder","15":"taxable","16":"shipping-taxable","17":"purchasable","18":"product-type-simple"},"_links":{"self":[{"href":"https:\/\/shop.mittgard.de\/index.php?rest_route=\/wp\/v2\/product\/3170","targetHints":{"allow":["GET"]}}],"collection":[{"href":"https:\/\/shop.mittgard.de\/index.php?rest_route=\/wp\/v2\/product"}],"about":[{"href":"https:\/\/shop.mittgard.de\/index.php?rest_route=\/wp\/v2\/types\/product"}],"wp:featuredmedia":[{"embeddable":true,"href":"https:\/\/shop.mittgard.de\/index.php?rest_route=\/wp\/v2\/media\/4938"}],"wp:attachment":[{"href":"https:\/\/shop.mittgard.de\/index.php?rest_route=%2Fwp%2Fv2%2Fmedia&parent=3170"}],"wp:term":[{"taxonomy":"product_brand","embeddable":true,"href":"https:\/\/shop.mittgard.de\/index.php?rest_route=%2Fwp%2Fv2%2Fproduct_brand&post=3170"},{"taxonomy":"product_cat","embeddable":true,"href":"https:\/\/shop.mittgard.de\/index.php?rest_route=%2Fwp%2Fv2%2Fproduct_cat&post=3170"},{"taxonomy":"product_tag","embeddable":true,"href":"https:\/\/shop.mittgard.de\/index.php?rest_route=%2Fwp%2Fv2%2Fproduct_tag&post=3170"}],"curies":[{"name":"wp","href":"https:\/\/api.w.org\/{rel}","templated":true}]}}