{"id":3175,"date":"2018-06-22T21:11:57","date_gmt":"2018-06-22T19:11:57","guid":{"rendered":"http:\/\/shop.mittgard.de\/?product=import-placeholder-for-3499"},"modified":"2024-12-16T11:05:24","modified_gmt":"2024-12-16T10:05:24","slug":"fischer-rizzi-susanne-blaetter-von-baeumen","status":"publish","type":"product","link":"https:\/\/shop.mittgard.de\/?product=fischer-rizzi-susanne-blaetter-von-baeumen","title":{"rendered":"Fischer-Rizzi, Susanne &#8222;Bl\u00e4tter von B\u00e4umen&#8220;"},"content":{"rendered":"<p>Heilanwendung. Rezepte und Mythen unserer B\u00e4ume<\/p>\n<p>Die einheimischen B\u00e4ume in Sagen, Mythen, Heilanwendungen und Rezepten<\/p>\n<p>Der Baum ist eines der \u00e4ltesten Symbole der Menschheit und als Lebensbaum in allen Kulturen zu finden. Genauso alt ist das Wissen um die Heilkraft der B\u00e4ume. Aus Wurzeln, Harz, Trieben und Bl\u00e4ttern wurden seit je wertvolle Heilmittel hergestellt.<\/p>\n<p>Susanne Fischer-Rizzi hat die alten Geschichten, Sagen, Mythen und Br\u00e4uche rund um unsere 34 wichtigsten heimischen B\u00e4ume gesammelt. Aus ihrer langj\u00e4hrigen Erfahrung in der Pflanzenheilkunde beschreibt sie bei jedem Baum zus\u00e4tzlich seine Heilwirkungen und gibt erprobte Rezepte zum Selbermachen von Tees, Salben, Tinkturen, Umschl\u00e4ge usw. Erg\u00e4nzt werden sie durch Rezepte f\u00fcr schmackhafte Spei\u00dfen und Getr\u00e4nke.<\/p>\n<p>In den einf\u00fchlsamen Illustrationen von Peter Ebenhoch kommen die Merkmale der B\u00e4ume deutlich zum Ausdruck.<\/p>\n<p>Ein reiches, stimmungsvolles Buch mit vielf\u00e4ltiger Information. Ein Muss f\u00fcr alle, die B\u00e4ume lieben.<\/p>\n<p>Gebundene Ausgabe, 176 Seiten<\/p>\n","protected":false},"excerpt":{"rendered":"<p>Geb<\/p>\n","protected":false},"featured_media":8153,"template":"","meta":[],"product_brand":[],"product_cat":[185,201],"product_tag":[393,374,241,356,406],"class_list":{"0":"post-3175","1":"product","2":"type-product","3":"status-publish","4":"has-post-thumbnail","6":"product_cat-literatur","7":"product_cat-naturheilkunde-kraeuterwissen","8":"product_tag-baeume","9":"product_tag-heilkunde","10":"product_tag-kueche","11":"product_tag-mythologie","12":"product_tag-rezepte","13":"product_shipping_class-paket","15":"first","16":"onbackorder","17":"taxable","18":"shipping-taxable","19":"purchasable","20":"product-type-simple"},"_links":{"self":[{"href":"https:\/\/shop.mittgard.de\/index.php?rest_route=\/wp\/v2\/product\/3175","targetHints":{"allow":["GET"]}}],"collection":[{"href":"https:\/\/shop.mittgard.de\/index.php?rest_route=\/wp\/v2\/product"}],"about":[{"href":"https:\/\/shop.mittgard.de\/index.php?rest_route=\/wp\/v2\/types\/product"}],"wp:featuredmedia":[{"embeddable":true,"href":"https:\/\/shop.mittgard.de\/index.php?rest_route=\/wp\/v2\/media\/8153"}],"wp:attachment":[{"href":"https:\/\/shop.mittgard.de\/index.php?rest_route=%2Fwp%2Fv2%2Fmedia&parent=3175"}],"wp:term":[{"taxonomy":"product_brand","embeddable":true,"href":"https:\/\/shop.mittgard.de\/index.php?rest_route=%2Fwp%2Fv2%2Fproduct_brand&post=3175"},{"taxonomy":"product_cat","embeddable":true,"href":"https:\/\/shop.mittgard.de\/index.php?rest_route=%2Fwp%2Fv2%2Fproduct_cat&post=3175"},{"taxonomy":"product_tag","embeddable":true,"href":"https:\/\/shop.mittgard.de\/index.php?rest_route=%2Fwp%2Fv2%2Fproduct_tag&post=3175"}],"curies":[{"name":"wp","href":"https:\/\/api.w.org\/{rel}","templated":true}]}}