{"id":3176,"date":"2018-06-22T21:11:57","date_gmt":"2018-06-22T19:11:57","guid":{"rendered":"http:\/\/shop.mittgard.de\/?product=import-placeholder-for-3500"},"modified":"2024-12-16T11:05:52","modified_gmt":"2024-12-16T10:05:52","slug":"fischer-rizzi-susanne-medizin-der-erde","status":"publish","type":"product","link":"https:\/\/shop.mittgard.de\/?product=fischer-rizzi-susanne-medizin-der-erde","title":{"rendered":"Fischer-Rizzi, Susanne &#8222;Medizin der Erde&#8220;"},"content":{"rendered":"<p>Heilanwendung, Rezepte und Mythen unserer Heilpflanzen<\/p>\n<p>Das gro\u00dfe Standardwerk der Heilpflanzenkunde<\/p>\n<p>Mit gro\u00dfer Einf\u00fchlungskraft und einem umfassenden Wissen f\u00fchrt uns die Autorin zu den wichtigsten einheimischen Heilkr\u00e4utern. Wir erfahren alles \u00fcber Vorkommen, Erkennungszeichen zum Sammeln und Anbau, \u00fcber die Zubereitung von Tees, Salben, Tinkturen und Heilanwendungen f\u00fcr Mensch und Tier.<\/p>\n<p>Susanne Fischer-Rizzi leitet uns an, unsere eigene Kr\u00e4utermedizin selbst herzustellen.<\/p>\n<p>W\u00e4hrend die meisten Kr\u00e4uterb\u00fccher rein deskriptiv vorgehen, regt dieses Buch dazu an, durch die eigene Erfahrung ein lebendiges Verh\u00e4ltnis zu den Heilpflanzen herzustellen. Geschichten, Mythologie und die Zeichnungen inspirieren zu einer Begegnung mit der Heilkraft und dem Wesen der Pflanzen.<\/p>\n<p>&#8222;Dieses wundersch\u00f6ne Buch (&#8230;) kann man nur r\u00fchmen. Mit gro\u00dfer Einf\u00fchlungskraft ist die Autorin als wirkliche Kennerin der Heilkr\u00e4uter auf die Pflanzen eingegangen.&#8220; Naturheilpraxis<\/p>\n<p>Gebundene Ausgabe, 216 Seiten<\/p>\n","protected":false},"excerpt":{"rendered":"<p>Geb<\/p>\n","protected":false},"featured_media":4998,"template":"","meta":[],"product_brand":[],"product_cat":[185,201],"product_tag":[239,366,356,406],"class_list":{"0":"post-3176","1":"product","2":"type-product","3":"status-publish","4":"has-post-thumbnail","6":"product_cat-literatur","7":"product_cat-naturheilkunde-kraeuterwissen","8":"product_tag-heilkunst","9":"product_tag-kraeuter","10":"product_tag-mythologie","11":"product_tag-rezepte","12":"product_shipping_class-paket","14":"first","15":"onbackorder","16":"taxable","17":"shipping-taxable","18":"purchasable","19":"product-type-simple"},"_links":{"self":[{"href":"https:\/\/shop.mittgard.de\/index.php?rest_route=\/wp\/v2\/product\/3176","targetHints":{"allow":["GET"]}}],"collection":[{"href":"https:\/\/shop.mittgard.de\/index.php?rest_route=\/wp\/v2\/product"}],"about":[{"href":"https:\/\/shop.mittgard.de\/index.php?rest_route=\/wp\/v2\/types\/product"}],"wp:featuredmedia":[{"embeddable":true,"href":"https:\/\/shop.mittgard.de\/index.php?rest_route=\/wp\/v2\/media\/4998"}],"wp:attachment":[{"href":"https:\/\/shop.mittgard.de\/index.php?rest_route=%2Fwp%2Fv2%2Fmedia&parent=3176"}],"wp:term":[{"taxonomy":"product_brand","embeddable":true,"href":"https:\/\/shop.mittgard.de\/index.php?rest_route=%2Fwp%2Fv2%2Fproduct_brand&post=3176"},{"taxonomy":"product_cat","embeddable":true,"href":"https:\/\/shop.mittgard.de\/index.php?rest_route=%2Fwp%2Fv2%2Fproduct_cat&post=3176"},{"taxonomy":"product_tag","embeddable":true,"href":"https:\/\/shop.mittgard.de\/index.php?rest_route=%2Fwp%2Fv2%2Fproduct_tag&post=3176"}],"curies":[{"name":"wp","href":"https:\/\/api.w.org\/{rel}","templated":true}]}}