{"id":3178,"date":"2018-06-22T21:11:58","date_gmt":"2018-06-22T19:11:58","guid":{"rendered":"http:\/\/shop.mittgard.de\/?product=import-placeholder-for-3502"},"modified":"2024-12-16T11:06:52","modified_gmt":"2024-12-16T10:06:52","slug":"griebl-norbert-die-heiligen-pflanzen-unserer-ahnen","status":"publish","type":"product","link":"https:\/\/shop.mittgard.de\/?product=griebl-norbert-die-heiligen-pflanzen-unserer-ahnen","title":{"rendered":"Griebl, Norbert &#8222;Die Heiligen Pflanzen unserer Ahnen&#8220;"},"content":{"rendered":"<p>Volksmedizin &#8211; Pflanzenzauber &#8211; Praktische Anwendung<\/p>\n<p>In B\u00e4umen und Blumen sieht Norbert Griebl beseelte Wesen mit vielen uns noch weitgehend verborgenen F\u00e4higkeiten. Schon jetzt hat die Wissenschaft erwiesen, da\u00df sie auf Gefahren reagieren, einander warnen, Hilfe gegen Schadinsekten herbeirufen und offenbar sogar h\u00f6ren k\u00f6nnen. Dieses Buch nimmt uns mit in die Welt der beseelten Pflanzen und zeigt uns deren Wesen.<br \/>\nNicht nur stattliche B\u00e4ume auch eine Vielzahl von Blumen waren unseren germanischen und keltischen Vorfahren heilig oder galten als beseelt. Mehr als 90 Pflanzen stellt dieses mit zahlreichen stimmungsvollen Bildern und Makroaufnahmen ausgestattete Buch vor, ihre Rolle in Mythologie und Brauchtum sowie ihre Bedeutung f\u00fcr die Volksmedizin, f\u00fcr Naturkosmetik und in der K\u00fcche.<br \/>\nBei manchen Pflanzen verweisen die Volksnamen immer noch auf die urspr\u00fcngliche Bedeutung, etwa beim Alant, einer pr\u00e4chtigen Gartenstaude, die \u201eOdinskopf\u201c oder \u201eElfenampfer\u201c genannt und bis heute zum R\u00e4uchern verwendet wird. Oder bei der Hauswurz, die vielerorts \u201eDonnersbart\u201c hei\u00dft, also nach dem Gott Thor\/Donar benannt ist und deren Saft wie Aloe vera zur Hautpflege verwendet werden kann. Die Bedeutung der Pflanzen in der vorchristlichen Glaubenswelt zeigt sich auch in manchem Brauchtum \u2013 dem Maibaum und der Neun-Kr\u00e4utersuppe etwa \u2013, ja sogar in christlichen Riten wie der Kr\u00e4uterweihe.<br \/>\nInteressante Rezepte erg\u00e4nzen die Pflanzenportr\u00e4ts: Veilchenessig, Leimkraut-Nudeln, Eschen-Verj\u00fcngungstee und Felsbirnen-Lik\u00f6r, Wacholder-Massage\u00f6l, kandierte Taubnesselbl\u00fcten, Kopfwehsirup aus M\u00e4des\u00fc\u00df und Brennnessel-Bier laden zum Selbermachen ein!<\/p>\n<p>Gebundene Ausgabe, 288 Seiten<\/p>\n<p>&nbsp;<\/p>\n","protected":false},"excerpt":{"rendered":"<p>HC<\/p>\n","protected":false},"featured_media":15822,"template":"","meta":[],"product_brand":[],"product_cat":[185,201],"product_tag":[239,366,376,356],"class_list":{"0":"post-3178","1":"product","2":"type-product","3":"status-publish","4":"has-post-thumbnail","6":"product_cat-literatur","7":"product_cat-naturheilkunde-kraeuterwissen","8":"product_tag-heilkunst","9":"product_tag-kraeuter","10":"product_tag-magie","11":"product_tag-mythologie","12":"product_shipping_class-paket","14":"first","15":"onbackorder","16":"taxable","17":"shipping-taxable","18":"purchasable","19":"product-type-simple"},"_links":{"self":[{"href":"https:\/\/shop.mittgard.de\/index.php?rest_route=\/wp\/v2\/product\/3178","targetHints":{"allow":["GET"]}}],"collection":[{"href":"https:\/\/shop.mittgard.de\/index.php?rest_route=\/wp\/v2\/product"}],"about":[{"href":"https:\/\/shop.mittgard.de\/index.php?rest_route=\/wp\/v2\/types\/product"}],"wp:featuredmedia":[{"embeddable":true,"href":"https:\/\/shop.mittgard.de\/index.php?rest_route=\/wp\/v2\/media\/15822"}],"wp:attachment":[{"href":"https:\/\/shop.mittgard.de\/index.php?rest_route=%2Fwp%2Fv2%2Fmedia&parent=3178"}],"wp:term":[{"taxonomy":"product_brand","embeddable":true,"href":"https:\/\/shop.mittgard.de\/index.php?rest_route=%2Fwp%2Fv2%2Fproduct_brand&post=3178"},{"taxonomy":"product_cat","embeddable":true,"href":"https:\/\/shop.mittgard.de\/index.php?rest_route=%2Fwp%2Fv2%2Fproduct_cat&post=3178"},{"taxonomy":"product_tag","embeddable":true,"href":"https:\/\/shop.mittgard.de\/index.php?rest_route=%2Fwp%2Fv2%2Fproduct_tag&post=3178"}],"curies":[{"name":"wp","href":"https:\/\/api.w.org\/{rel}","templated":true}]}}