{"id":3187,"date":"2018-06-22T21:12:04","date_gmt":"2018-06-22T19:12:04","guid":{"rendered":"http:\/\/shop.mittgard.de\/?product=import-placeholder-for-3511"},"modified":"2025-07-07T13:51:09","modified_gmt":"2025-07-07T11:51:09","slug":"kuenzle-johann-chrut-und-uchrut","status":"publish","type":"product","link":"https:\/\/shop.mittgard.de\/?product=kuenzle-johann-chrut-und-uchrut","title":{"rendered":"K\u00fcnzle, Johann &#8222;Chrut und Uchrut&#8220;"},"content":{"rendered":"<p>Der Klassiker der Kr\u00e4uterheilkunde vom Kr\u00e4uterpfarrer K\u00fcnzle aktualisiert &amp; erweitert von Peter Oppliger<\/p>\n<p>Die Neuausgabe eines Klassikers der Pflanzenheilkunde<\/p>\n<p>Generationen von Menschen war das 1911 erstmals erschienene und seither in mehrere Sprachen \u00fcbersetzte und in \u00fcber zwei Millionen Exemplaren verbreitete &#8222;Chrut und Uchrut&#8220; ein zuverl\u00e4ssiger Begleiter.<\/p>\n<p>Auf der Grundlage seiner tiefen Naturverbundenheit_ seines gro\u00dfen Pflanzenwissens und seiner langj\u00e4hrigen heilkundlichen Erfahrung gibt der legend\u00e4re Kr\u00e4uterpfarrer Johann K\u00fcnzle darin sein Wissen \u00fcber die bew\u00e4hrtesten Heilpflanzen und ihre Anwendung wieder.<\/p>\n<p>Diese Neuausgabe eines Klassikers der Pflanzenheilkunde vermittelt Laien wie Fachleuten eine fundierte Einf\u00fchrung in die einheimischen Heilpflanzen und deren Anwendung. Eine wertvolle Erg\u00e4nzung zur modernen Naturheilkunde.<\/p>\n<p>Broschiert, 136 Seiten<\/p>\n","protected":false},"excerpt":{"rendered":"<p>Br<\/p>\n","protected":false},"featured_media":9901,"template":"","meta":[],"product_brand":[],"product_cat":[185,201],"product_tag":[374,366,406],"class_list":{"0":"post-3187","1":"product","2":"type-product","3":"status-publish","4":"has-post-thumbnail","6":"product_cat-literatur","7":"product_cat-naturheilkunde-kraeuterwissen","8":"product_tag-heilkunde","9":"product_tag-kraeuter","10":"product_tag-rezepte","11":"product_shipping_class-paket","13":"first","14":"onbackorder","15":"taxable","16":"shipping-taxable","17":"purchasable","18":"product-type-simple"},"_links":{"self":[{"href":"https:\/\/shop.mittgard.de\/index.php?rest_route=\/wp\/v2\/product\/3187","targetHints":{"allow":["GET"]}}],"collection":[{"href":"https:\/\/shop.mittgard.de\/index.php?rest_route=\/wp\/v2\/product"}],"about":[{"href":"https:\/\/shop.mittgard.de\/index.php?rest_route=\/wp\/v2\/types\/product"}],"wp:featuredmedia":[{"embeddable":true,"href":"https:\/\/shop.mittgard.de\/index.php?rest_route=\/wp\/v2\/media\/9901"}],"wp:attachment":[{"href":"https:\/\/shop.mittgard.de\/index.php?rest_route=%2Fwp%2Fv2%2Fmedia&parent=3187"}],"wp:term":[{"taxonomy":"product_brand","embeddable":true,"href":"https:\/\/shop.mittgard.de\/index.php?rest_route=%2Fwp%2Fv2%2Fproduct_brand&post=3187"},{"taxonomy":"product_cat","embeddable":true,"href":"https:\/\/shop.mittgard.de\/index.php?rest_route=%2Fwp%2Fv2%2Fproduct_cat&post=3187"},{"taxonomy":"product_tag","embeddable":true,"href":"https:\/\/shop.mittgard.de\/index.php?rest_route=%2Fwp%2Fv2%2Fproduct_tag&post=3187"}],"curies":[{"name":"wp","href":"https:\/\/api.w.org\/{rel}","templated":true}]}}