{"id":3199,"date":"2018-06-22T21:12:05","date_gmt":"2018-06-22T19:12:05","guid":{"rendered":"http:\/\/shop.mittgard.de\/?product=import-placeholder-for-3523"},"modified":"2024-12-16T11:10:52","modified_gmt":"2024-12-16T10:10:52","slug":"raetsch-mueller-ebeling-hexenmedizin","status":"publish","type":"product","link":"https:\/\/shop.mittgard.de\/?product=raetsch-mueller-ebeling-hexenmedizin","title":{"rendered":"R\u00e4tsch\/ M\u00fcller-Ebeling &#8222;Hexenmedizin&#8220;"},"content":{"rendered":"<p>Die Wiederentdeckung einer verbotenen Heilkunst &#8211; schamanische Traditionen in Europa<\/p>\n<p>Das vorliegende Buch er\u00f6ffnet einen erstaunlichen Zugang zu einem faszinierenden Bereich unserer Kultur- und Medizingeschichte: zur Heilkunst der Hexen, der verbotenen, ge\u00e4chteten, staatlich und kirchlich unterdr\u00fcckten &#8222;alternativen&#8220; Medizin.<\/p>\n<p>Hexenmedizin ist wilde Medizin, sie ist unkontrollierbar und entzieht sich der herrschenden Ordnung. Sie macht Angst, denn sie entscheidet \u00fcber Leben und Tod. Hexenmedizin ist Kult &#8211; schamanischer Heilkult um heilige, das hei\u00dft wirkungsvolle Pflanzen. Sie macht mehr als nur gesund: sie bringt Lust und Erkenntnis, Rausch und mystische Einsicht.<\/p>\n<p>Die Autoren nehmen uns auf eine Erkundungsreise mit, die zum Ursprung der Heilkunst, durch die antike Mythologie zur kirchenamtlich best\u00e4tigten Heilerin der Menschheit und von dort weiter zur Verk\u00f6rperung der Sinnlichkeit und schlie\u00dflich zur Giftmischerin und Heilerin f\u00fchrt.<\/p>\n<p>Das Buch \u00f6ffnet die T\u00fcr zum verdr\u00e4ngten, unterdr\u00fcckten Wissen der Hexenmedizin und zeigt Wege, wie die heiligen Pflanzen unserer Ahnen wieder genutzt werden k\u00f6nnen.<\/p>\n<p>Gebundene Ausgabe, 272 Seiten<\/p>\n","protected":false},"excerpt":{"rendered":"<p>Geb<\/p>\n","protected":false},"featured_media":9324,"template":"","meta":[],"product_brand":[],"product_cat":[195,185,198,201],"product_tag":[374,320,366,376,405],"class_list":{"0":"post-3199","1":"product","2":"type-product","3":"status-publish","4":"has-post-thumbnail","6":"product_cat-hexentum-schamanismus","7":"product_cat-literatur","8":"product_cat-magie","9":"product_cat-naturheilkunde-kraeuterwissen","10":"product_tag-heilkunde","11":"product_tag-hexen","12":"product_tag-kraeuter","13":"product_tag-magie","14":"product_tag-psychoaktiv","15":"product_shipping_class-paket","17":"first","18":"onbackorder","19":"taxable","20":"shipping-taxable","21":"purchasable","22":"product-type-simple"},"_links":{"self":[{"href":"https:\/\/shop.mittgard.de\/index.php?rest_route=\/wp\/v2\/product\/3199","targetHints":{"allow":["GET"]}}],"collection":[{"href":"https:\/\/shop.mittgard.de\/index.php?rest_route=\/wp\/v2\/product"}],"about":[{"href":"https:\/\/shop.mittgard.de\/index.php?rest_route=\/wp\/v2\/types\/product"}],"wp:featuredmedia":[{"embeddable":true,"href":"https:\/\/shop.mittgard.de\/index.php?rest_route=\/wp\/v2\/media\/9324"}],"wp:attachment":[{"href":"https:\/\/shop.mittgard.de\/index.php?rest_route=%2Fwp%2Fv2%2Fmedia&parent=3199"}],"wp:term":[{"taxonomy":"product_brand","embeddable":true,"href":"https:\/\/shop.mittgard.de\/index.php?rest_route=%2Fwp%2Fv2%2Fproduct_brand&post=3199"},{"taxonomy":"product_cat","embeddable":true,"href":"https:\/\/shop.mittgard.de\/index.php?rest_route=%2Fwp%2Fv2%2Fproduct_cat&post=3199"},{"taxonomy":"product_tag","embeddable":true,"href":"https:\/\/shop.mittgard.de\/index.php?rest_route=%2Fwp%2Fv2%2Fproduct_tag&post=3199"}],"curies":[{"name":"wp","href":"https:\/\/api.w.org\/{rel}","templated":true}]}}