{"id":3202,"date":"2018-06-22T21:12:06","date_gmt":"2018-06-22T19:12:06","guid":{"rendered":"http:\/\/shop.mittgard.de\/?product=import-placeholder-for-3526"},"modified":"2024-12-16T11:14:12","modified_gmt":"2024-12-16T10:14:12","slug":"schoenfelder-der-kosmos-heilpflanzenfuehrer","status":"publish","type":"product","link":"https:\/\/shop.mittgard.de\/?product=schoenfelder-der-kosmos-heilpflanzenfuehrer","title":{"rendered":"Sch\u00f6nfelder &#8222;Der Kosmos Heilpflanzenf\u00fchrer&#8220;"},"content":{"rendered":"<p>\u00dcber 600 Heil- und Giftpflanzen Europas auf 448 Seiten und 850 Farbfotos<\/p>\n<p>Das Standardwerk der Heilpflanzen!<\/p>\n<p>Beschreibung von mehr als 600 in Europa heimische und kultivierte Heilpflanzen und Giftpflanzen, auch die in der Hom\u00f6opathie verwendeten Arten.<\/p>\n<p>&#8211; Botanik, Drogen, wichtige Inhaltsstoffe, Wirkungen, Anwendungen und Fertigpr\u00e4parate<br \/>\n&#8211; \u00fcber 700 Farbfotos mit den wichtigen Merkmale der Pflanzen<br \/>\n&#8211; weitere 150 Farbfotos der Arzneidrogen in 2facher Vergr\u00f6\u00dferung<br \/>\n&#8211; Extra: Heilpflanzen anwenden<\/p>\n<p>F\u00fcr die pharmazeutische und botanische Kompetenz ist das Autorenteam &#8211; die Apothekerin Ingrid Sch\u00f6nfelder und ihr Mann, der Botaniker Prof. Dr. Peter Sch\u00f6nfelder &#8211; bekannt.<\/p>\n<p>Broschiert, 480 Seiten<\/p>\n","protected":false},"excerpt":{"rendered":"<p>Br<\/p>\n","protected":false},"featured_media":5081,"template":"","meta":[],"product_brand":[],"product_cat":[185,201],"product_tag":[409,374,366,406],"class_list":{"0":"post-3202","1":"product","2":"type-product","3":"status-publish","4":"has-post-thumbnail","6":"product_cat-literatur","7":"product_cat-naturheilkunde-kraeuterwissen","8":"product_tag-bestimmungsbuch","9":"product_tag-heilkunde","10":"product_tag-kraeuter","11":"product_tag-rezepte","12":"product_shipping_class-paket","14":"first","15":"onbackorder","16":"taxable","17":"shipping-taxable","18":"purchasable","19":"product-type-simple"},"_links":{"self":[{"href":"https:\/\/shop.mittgard.de\/index.php?rest_route=\/wp\/v2\/product\/3202","targetHints":{"allow":["GET"]}}],"collection":[{"href":"https:\/\/shop.mittgard.de\/index.php?rest_route=\/wp\/v2\/product"}],"about":[{"href":"https:\/\/shop.mittgard.de\/index.php?rest_route=\/wp\/v2\/types\/product"}],"wp:featuredmedia":[{"embeddable":true,"href":"https:\/\/shop.mittgard.de\/index.php?rest_route=\/wp\/v2\/media\/5081"}],"wp:attachment":[{"href":"https:\/\/shop.mittgard.de\/index.php?rest_route=%2Fwp%2Fv2%2Fmedia&parent=3202"}],"wp:term":[{"taxonomy":"product_brand","embeddable":true,"href":"https:\/\/shop.mittgard.de\/index.php?rest_route=%2Fwp%2Fv2%2Fproduct_brand&post=3202"},{"taxonomy":"product_cat","embeddable":true,"href":"https:\/\/shop.mittgard.de\/index.php?rest_route=%2Fwp%2Fv2%2Fproduct_cat&post=3202"},{"taxonomy":"product_tag","embeddable":true,"href":"https:\/\/shop.mittgard.de\/index.php?rest_route=%2Fwp%2Fv2%2Fproduct_tag&post=3202"}],"curies":[{"name":"wp","href":"https:\/\/api.w.org\/{rel}","templated":true}]}}