{"id":3204,"date":"2018-06-22T21:12:06","date_gmt":"2018-06-22T19:12:06","guid":{"rendered":"http:\/\/shop.mittgard.de\/?product=import-placeholder-for-3528"},"modified":"2024-12-16T11:16:40","modified_gmt":"2024-12-16T10:16:40","slug":"storl-wolf-dieter-heilkraeuter-und-zauberpflanzen-zwischen-haustuer-und-gartentor","status":"publish","type":"product","link":"https:\/\/shop.mittgard.de\/?product=storl-wolf-dieter-heilkraeuter-und-zauberpflanzen-zwischen-haustuer-und-gartentor","title":{"rendered":"Storl, Wolf-Dieter &#8222;Heilkr\u00e4uter und Zauberpflanzen zwischen Haust\u00fcr und Gartentor&#8220;"},"content":{"rendered":"<p>Seit alter Zeit wu\u00dften die wahren Kr\u00e4uterkundigen, da\u00df selbst die einfachsten, gew\u00f6hnlichsten Kr\u00e4uter ihren Wert haben und da\u00df schon eine Hand voll davon gen\u00fcgt, um s\u00e4mtliche Leiden zu heilen. Wesentlich ist dabei, die Pflanze durch und durch zu kennen, sie nicht nur als Beh\u00e4lter chemischer Wirkstoffe zu betrachten, sondern als Pers\u00f6nlichkeiten mit eigenem Wesen und einer eigenen langen Geschichten.<\/p>\n<p>Neun ganz gew\u00f6hnliche Wildkr\u00e4uter, die &#8211; meist wohl ungeliebt und gewiss unbeachtet &#8211; \u00fcberall zwischen Haust\u00fcr und Gartentor wachsen, greift der Autor heraus: Brennessel, Beifu\u00df, Gundermann, Geissfu\u00df, Wegerich, Schachtelhalm, G\u00e4nsebl\u00fcmchen, Vogelmiere und L\u00f6wenzahn. Er beschreibt ihre Eigenschaften und ihre Heilkr\u00e4fte, ihre Bedeutung in der Volksmedizin, ihre Rolle in Sage, M\u00e4rchen und Aberglaube und ihre planetarischen Bez\u00fcge.<\/p>\n<p>Gebundene Ausgabe, 192 Seiten<\/p>\n","protected":false},"excerpt":{"rendered":"<p>Geb<\/p>\n","protected":false},"featured_media":8145,"template":"","meta":[],"product_brand":[],"product_cat":[185,201],"product_tag":[374,366,356,406],"class_list":{"0":"post-3204","1":"product","2":"type-product","3":"status-publish","4":"has-post-thumbnail","6":"product_cat-literatur","7":"product_cat-naturheilkunde-kraeuterwissen","8":"product_tag-heilkunde","9":"product_tag-kraeuter","10":"product_tag-mythologie","11":"product_tag-rezepte","12":"product_shipping_class-paket","14":"first","15":"onbackorder","16":"taxable","17":"shipping-taxable","18":"purchasable","19":"product-type-simple"},"_links":{"self":[{"href":"https:\/\/shop.mittgard.de\/index.php?rest_route=\/wp\/v2\/product\/3204","targetHints":{"allow":["GET"]}}],"collection":[{"href":"https:\/\/shop.mittgard.de\/index.php?rest_route=\/wp\/v2\/product"}],"about":[{"href":"https:\/\/shop.mittgard.de\/index.php?rest_route=\/wp\/v2\/types\/product"}],"wp:featuredmedia":[{"embeddable":true,"href":"https:\/\/shop.mittgard.de\/index.php?rest_route=\/wp\/v2\/media\/8145"}],"wp:attachment":[{"href":"https:\/\/shop.mittgard.de\/index.php?rest_route=%2Fwp%2Fv2%2Fmedia&parent=3204"}],"wp:term":[{"taxonomy":"product_brand","embeddable":true,"href":"https:\/\/shop.mittgard.de\/index.php?rest_route=%2Fwp%2Fv2%2Fproduct_brand&post=3204"},{"taxonomy":"product_cat","embeddable":true,"href":"https:\/\/shop.mittgard.de\/index.php?rest_route=%2Fwp%2Fv2%2Fproduct_cat&post=3204"},{"taxonomy":"product_tag","embeddable":true,"href":"https:\/\/shop.mittgard.de\/index.php?rest_route=%2Fwp%2Fv2%2Fproduct_tag&post=3204"}],"curies":[{"name":"wp","href":"https:\/\/api.w.org\/{rel}","templated":true}]}}