{"id":3212,"date":"2018-06-22T21:12:07","date_gmt":"2018-06-22T19:12:07","guid":{"rendered":"http:\/\/shop.mittgard.de\/?product=import-placeholder-for-3536"},"modified":"2024-12-16T11:18:39","modified_gmt":"2024-12-16T10:18:39","slug":"treml-franz-xaver-kraeuter-aus-dem-garten","status":"publish","type":"product","link":"https:\/\/shop.mittgard.de\/?product=treml-franz-xaver-kraeuter-aus-dem-garten","title":{"rendered":"Treml, Franz-Xaver &#8222;Kr\u00e4uter aus dem Garten&#8220;"},"content":{"rendered":"<p>500 K\u00fcchen- und Heilkr\u00e4uter, Pflege, Sorten, Verwendung<\/p>\n<p>Kr\u00e4uter aus dem Garten<\/p>\n<p>Ausf\u00fchrliche Beschreibungen und 450 Fotos unserer K\u00fcchen-, Heil- und Wildkr\u00e4uter sowie vieler exotischer Kr\u00e4uter. Dazu alles \u00fcber Standort, Pflege und Sortenwahl, Bl\u00fcte- und Erntezeiten auf einen Blick.<\/p>\n<p>Kr\u00e4uter-Auswahl:<\/p>\n<p>&#8211; 195 Kr\u00e4uter &amp; Gew\u00fcrze<br \/>\n&#8211; 50 Heilkr\u00e4uter<br \/>\n&#8211; 50 asiatische Kr\u00e4uter<br \/>\n&#8211; 90 Kr\u00e4uter-Rarit\u00e4ten<br \/>\n&#8211; 55 Wildkr\u00e4uter<\/p>\n<p>Franz-Xaver Treml &#8211; Seit \u00fcber 30 Jahren betreibt der bekannte Kr\u00e4uterexperte eine erfolgreiche G\u00e4rtnerei mit mehr als 3000 Kr\u00e4utern und Heilpflanzen.<\/p>\n<p>Ein umfassendes Nachschlagewerk f\u00fcr alle Kr\u00e4uterliebhaber.<\/p>\n<p>Broschiert, 320 Seiten<\/p>\n","protected":false},"excerpt":{"rendered":"<p>Br<\/p>\n","protected":false},"featured_media":4967,"template":"","meta":[],"product_brand":[],"product_cat":[185,201],"product_tag":[230,374,366,241],"class_list":{"0":"post-3212","1":"product","2":"type-product","3":"status-publish","4":"has-post-thumbnail","6":"product_cat-literatur","7":"product_cat-naturheilkunde-kraeuterwissen","8":"product_tag-garten","9":"product_tag-heilkunde","10":"product_tag-kraeuter","11":"product_tag-kueche","12":"product_shipping_class-paket","14":"first","15":"onbackorder","16":"taxable","17":"shipping-taxable","18":"purchasable","19":"product-type-simple"},"_links":{"self":[{"href":"https:\/\/shop.mittgard.de\/index.php?rest_route=\/wp\/v2\/product\/3212","targetHints":{"allow":["GET"]}}],"collection":[{"href":"https:\/\/shop.mittgard.de\/index.php?rest_route=\/wp\/v2\/product"}],"about":[{"href":"https:\/\/shop.mittgard.de\/index.php?rest_route=\/wp\/v2\/types\/product"}],"wp:featuredmedia":[{"embeddable":true,"href":"https:\/\/shop.mittgard.de\/index.php?rest_route=\/wp\/v2\/media\/4967"}],"wp:attachment":[{"href":"https:\/\/shop.mittgard.de\/index.php?rest_route=%2Fwp%2Fv2%2Fmedia&parent=3212"}],"wp:term":[{"taxonomy":"product_brand","embeddable":true,"href":"https:\/\/shop.mittgard.de\/index.php?rest_route=%2Fwp%2Fv2%2Fproduct_brand&post=3212"},{"taxonomy":"product_cat","embeddable":true,"href":"https:\/\/shop.mittgard.de\/index.php?rest_route=%2Fwp%2Fv2%2Fproduct_cat&post=3212"},{"taxonomy":"product_tag","embeddable":true,"href":"https:\/\/shop.mittgard.de\/index.php?rest_route=%2Fwp%2Fv2%2Fproduct_tag&post=3212"}],"curies":[{"name":"wp","href":"https:\/\/api.w.org\/{rel}","templated":true}]}}