{"id":3213,"date":"2018-06-22T21:12:08","date_gmt":"2018-06-22T19:12:08","guid":{"rendered":"http:\/\/shop.mittgard.de\/?product=import-placeholder-for-3537"},"modified":"2024-12-16T11:19:12","modified_gmt":"2024-12-16T10:19:12","slug":"veit-myriam-heilkosmetik-aus-der-natur","status":"publish","type":"product","link":"https:\/\/shop.mittgard.de\/?product=veit-myriam-heilkosmetik-aus-der-natur","title":{"rendered":"Veit, Myriam &#8222;Heilkosmetik aus der Natur&#8220;"},"content":{"rendered":"<p>Pflegende Salben, \u00d6le und Essenzen selber machen<\/p>\n<p>Heilsame Pflege f\u00fcr Gesundheit und sch\u00f6nes Aussehen<\/p>\n<p>Gr\u00fcne Kosmetik hat sich etabliert &#8211; wenn auch das Werben mit &#8222;Bio&#8220; bei manchen Produkten nicht h\u00e4lt, was es verspricht. Gerade Menschen mit empfindsamer Haut, Allergien oder Neurodermitis brauchen eine hochwertige und garantiert nat\u00fcrliche Pflege.<\/p>\n<ul>\n<li>Das 1&#215;1 der Heilkosmetik: die vitalisierende Kraft der Wildpflanzen, naturreine Rohstoffe und die besten Basis-\u00d6le<\/li>\n<li>Heilkraft f\u00fcr individuelle Bed\u00fcrfnisse nutzen: 40 heimische Kr\u00e4uter sicher erkennen und richtig sammeln<\/li>\n<li>Wirkstoffe gezielt einsetzen: 32 \u00e4therische \u00d6le und 36 feinstoffliche Essenzen<\/li>\n<li>Gesunde Natur-Kosmetika selbst herstellen: 50 Rezepte f\u00fcr die t\u00e4gliche Pflege<\/li>\n<li>Salben und Cremes, Balsame, Parf\u00fcme und vieles mehr<\/li>\n<\/ul>\n<p>Broschiert, 200 Seiten<\/p>\n","protected":false},"excerpt":{"rendered":"<p>PB<\/p>\n","protected":false},"featured_media":11427,"template":"","meta":[],"product_brand":[],"product_cat":[185,201],"product_tag":[374,366,406],"class_list":{"0":"post-3213","1":"product","2":"type-product","3":"status-publish","4":"has-post-thumbnail","6":"product_cat-literatur","7":"product_cat-naturheilkunde-kraeuterwissen","8":"product_tag-heilkunde","9":"product_tag-kraeuter","10":"product_tag-rezepte","11":"product_shipping_class-paket","13":"first","14":"onbackorder","15":"taxable","16":"shipping-taxable","17":"purchasable","18":"product-type-simple"},"_links":{"self":[{"href":"https:\/\/shop.mittgard.de\/index.php?rest_route=\/wp\/v2\/product\/3213","targetHints":{"allow":["GET"]}}],"collection":[{"href":"https:\/\/shop.mittgard.de\/index.php?rest_route=\/wp\/v2\/product"}],"about":[{"href":"https:\/\/shop.mittgard.de\/index.php?rest_route=\/wp\/v2\/types\/product"}],"wp:featuredmedia":[{"embeddable":true,"href":"https:\/\/shop.mittgard.de\/index.php?rest_route=\/wp\/v2\/media\/11427"}],"wp:attachment":[{"href":"https:\/\/shop.mittgard.de\/index.php?rest_route=%2Fwp%2Fv2%2Fmedia&parent=3213"}],"wp:term":[{"taxonomy":"product_brand","embeddable":true,"href":"https:\/\/shop.mittgard.de\/index.php?rest_route=%2Fwp%2Fv2%2Fproduct_brand&post=3213"},{"taxonomy":"product_cat","embeddable":true,"href":"https:\/\/shop.mittgard.de\/index.php?rest_route=%2Fwp%2Fv2%2Fproduct_cat&post=3213"},{"taxonomy":"product_tag","embeddable":true,"href":"https:\/\/shop.mittgard.de\/index.php?rest_route=%2Fwp%2Fv2%2Fproduct_tag&post=3213"}],"curies":[{"name":"wp","href":"https:\/\/api.w.org\/{rel}","templated":true}]}}