{"id":3233,"date":"2018-07-12T10:09:00","date_gmt":"2018-07-12T08:09:00","guid":{"rendered":"http:\/\/shop.mittgard.de\/?post_type=product&#038;p=3233"},"modified":"2024-12-14T13:19:02","modified_gmt":"2024-12-14T12:19:02","slug":"einsteigerset-mit-schalemystery","status":"publish","type":"product","link":"https:\/\/shop.mittgard.de\/?product=einsteigerset-mit-schalemystery","title":{"rendered":"Einsteigerset mit Schale &#8222;Mystery&#8220;"},"content":{"rendered":"<p>1 kleine R\u00e4ucherschale, 1 Rolle R\u00e4ucherkohle, \u2205 3cm, 1 Weihrauch &#8211; Probiert\u00fcte &#8222;Mystery&#8220;, 1 P\u00e4ckchen Nag Champa<\/p>\n<p>Die Probiert\u00fcte beinhaltet: Kampfer, Copal, Damiana, Kalmus und Zimt<\/p>\n","protected":false},"excerpt":{"rendered":"<p>1 kleine R\u00e4ucherschale, 1 Rolle R\u00e4ucherkohle, \u2205 3cm, 1 Weihrauch &#8211; Probiert\u00fcte &#8222;Mystery&#8220;, 1 P\u00e4ckchen Nag Champa Die Probiert\u00fcte beinhaltet: Kampfer, Copal, Damiana, Kalmus und Zimt<\/p>\n","protected":false},"featured_media":23620,"template":"","meta":[],"product_brand":[],"product_cat":[128,110],"product_tag":[100,203,129],"class_list":{"0":"post-3233","1":"product","2":"type-product","3":"status-publish","4":"has-post-thumbnail","6":"product_cat-einsteigerset","7":"product_cat-raeucherwerk","8":"product_tag-erfrischend","9":"product_tag-geheimnisvoll","10":"product_tag-suesslich","11":"product_shipping_class-paket","13":"first","14":"instock","15":"taxable","16":"shipping-taxable","17":"purchasable","18":"product-type-simple"},"_links":{"self":[{"href":"https:\/\/shop.mittgard.de\/index.php?rest_route=\/wp\/v2\/product\/3233","targetHints":{"allow":["GET"]}}],"collection":[{"href":"https:\/\/shop.mittgard.de\/index.php?rest_route=\/wp\/v2\/product"}],"about":[{"href":"https:\/\/shop.mittgard.de\/index.php?rest_route=\/wp\/v2\/types\/product"}],"wp:featuredmedia":[{"embeddable":true,"href":"https:\/\/shop.mittgard.de\/index.php?rest_route=\/wp\/v2\/media\/23620"}],"wp:attachment":[{"href":"https:\/\/shop.mittgard.de\/index.php?rest_route=%2Fwp%2Fv2%2Fmedia&parent=3233"}],"wp:term":[{"taxonomy":"product_brand","embeddable":true,"href":"https:\/\/shop.mittgard.de\/index.php?rest_route=%2Fwp%2Fv2%2Fproduct_brand&post=3233"},{"taxonomy":"product_cat","embeddable":true,"href":"https:\/\/shop.mittgard.de\/index.php?rest_route=%2Fwp%2Fv2%2Fproduct_cat&post=3233"},{"taxonomy":"product_tag","embeddable":true,"href":"https:\/\/shop.mittgard.de\/index.php?rest_route=%2Fwp%2Fv2%2Fproduct_tag&post=3233"}],"curies":[{"name":"wp","href":"https:\/\/api.w.org\/{rel}","templated":true}]}}