{"id":3239,"date":"2018-07-14T12:15:07","date_gmt":"2018-07-14T10:15:07","guid":{"rendered":"http:\/\/shop.mittgard.de\/?product=import-placeholder-for-3301"},"modified":"2024-12-15T14:50:29","modified_gmt":"2024-12-15T13:50:29","slug":"bross-burkhardt-duftstoffe-in-der-naturkosmetik","status":"publish","type":"product","link":"https:\/\/shop.mittgard.de\/?product=bross-burkhardt-duftstoffe-in-der-naturkosmetik","title":{"rendered":"Bross-Burkhardt &#8222;Duftstoffe in der Naturkosmetik&#8220;"},"content":{"rendered":"<p>Heilkunde, K\u00f6rperpflege, K\u00fcche &amp; Haushalt<\/p>\n<p>Fl\u00fcchtig und verg\u00e4nglich ist der Duft der Pflanzen &#8211; und doch kann man ihn konservieren. Die \u00e4therischen \u00d6le, die intensiv riechenden Pflanzen wie Rosen, Lavendel &amp; Co ihren charakteristischen Duft verleihen, lassen sich n\u00e4mlich gewinnen.<\/p>\n<p>Brunhilde Bross-Burkhardt f\u00fchr in diesem Buch in die Welt des nat\u00fcrlichen Wohlgeruchs ein. Sie erkl\u00e4rt, wie man \u00e4therische \u00d6le den Pflanzen durch Expression, Extraktion oder Destillation entziehen kann. Sie er\u00f6rtert deren Wirkungsweise f\u00fcr medizinische Anwendungen, aber auch f\u00fcr die Verfeinerung selbst hergestellter Parf\u00fcms, Deodorants, K\u00f6rper\u00f6le und Badezus\u00e4tze. Insgesamt stellt die Autorin rund 70 Duftpflanzen in ausf\u00fchrlichen Portr\u00e4ts vor, angefangen von deren Auspflanzung im Garten bis hin zur Verwendung ihrer \u00e4therischen \u00d6le, beispielsweise Citronell\u00f6l f\u00fcr die romantische Duftlampe, Rosen\u00f6l zur entspannenden Massage, Pfefferminz\u00f6l f\u00fcr eine heilende Einreibung oder Zitrus\u00f6l f\u00fcr ein erfrischendes Bad.<\/p>\n<p>Aus dem Inhalt:<\/p>\n<ul>\n<li>Kulturgeschichte des Duftes<\/li>\n<li>Sachkunde rund um die Pflanzend\u00fcfte<\/li>\n<li>\u00c4therische \u00d6le f\u00fcr Gesundheit und Wohlbefinden<\/li>\n<li>\u00c4therische \u00d6le in der Kosmetik<\/li>\n<li>\u00c4therische \u00d6le im Haushalt<\/li>\n<li>Duftpflanzenportr\u00e4ts<\/li>\n<\/ul>\n<p>Gebundene Ausgabe, 143 Seiten<\/p>\n","protected":false},"excerpt":{"rendered":"<p>HC<\/p>\n","protected":false},"featured_media":9054,"template":"","meta":[],"product_brand":[],"product_cat":[204,185],"product_tag":[374,241,406,220],"class_list":{"0":"post-3239","1":"product","2":"type-product","3":"status-publish","4":"has-post-thumbnail","6":"product_cat-aromatherapie","7":"product_cat-literatur","8":"product_tag-heilkunde","9":"product_tag-kueche","10":"product_tag-rezepte","11":"product_tag-selbstversorger","12":"product_shipping_class-paket","14":"first","15":"instock","16":"taxable","17":"shipping-taxable","18":"purchasable","19":"product-type-simple"},"_links":{"self":[{"href":"https:\/\/shop.mittgard.de\/index.php?rest_route=\/wp\/v2\/product\/3239","targetHints":{"allow":["GET"]}}],"collection":[{"href":"https:\/\/shop.mittgard.de\/index.php?rest_route=\/wp\/v2\/product"}],"about":[{"href":"https:\/\/shop.mittgard.de\/index.php?rest_route=\/wp\/v2\/types\/product"}],"wp:featuredmedia":[{"embeddable":true,"href":"https:\/\/shop.mittgard.de\/index.php?rest_route=\/wp\/v2\/media\/9054"}],"wp:attachment":[{"href":"https:\/\/shop.mittgard.de\/index.php?rest_route=%2Fwp%2Fv2%2Fmedia&parent=3239"}],"wp:term":[{"taxonomy":"product_brand","embeddable":true,"href":"https:\/\/shop.mittgard.de\/index.php?rest_route=%2Fwp%2Fv2%2Fproduct_brand&post=3239"},{"taxonomy":"product_cat","embeddable":true,"href":"https:\/\/shop.mittgard.de\/index.php?rest_route=%2Fwp%2Fv2%2Fproduct_cat&post=3239"},{"taxonomy":"product_tag","embeddable":true,"href":"https:\/\/shop.mittgard.de\/index.php?rest_route=%2Fwp%2Fv2%2Fproduct_tag&post=3239"}],"curies":[{"name":"wp","href":"https:\/\/api.w.org\/{rel}","templated":true}]}}