{"id":3250,"date":"2018-07-14T12:15:09","date_gmt":"2018-07-14T10:15:09","guid":{"rendered":"http:\/\/shop.mittgard.de\/?product=import-placeholder-for-3312"},"modified":"2025-06-02T13:33:36","modified_gmt":"2025-06-02T11:33:36","slug":"gienger-michael-reinigen-aufladen-schuetzen","status":"publish","type":"product","link":"https:\/\/shop.mittgard.de\/?product=gienger-michael-reinigen-aufladen-schuetzen","title":{"rendered":"Gienger, Michael &#8222;Reinigen &#8211; Aufladen &#8211; Sch\u00fctzen&#8220;"},"content":{"rendered":"<p>Wie wir Heilsteine richtig zur Wirkung bringen<\/p>\n<p>Steine k\u00f6nnen heilen. Aber sie k\u00f6nnen auch krankmachen: Ein Stein, der heilt, kann die Information der Krankheit aufnehmen und an den n\u00e4chsten Anwender weitergeben. Daher m\u00fcssen Steine, die f\u00fcr die Heilung eingesetzt oder l\u00e4ngere Zeit getragen werde, immer wieder gereinigt werden.<\/p>\n<p>Steine k\u00f6nnen Kraft geben. Aber sie k\u00f6nnen auch Kraft verlieren. Daher m\u00fcssen sie immer wieder einmal aufgeladen werden.<\/p>\n<p>Steine k\u00f6nnen nicht nur K\u00f6rper und Bewu\u00dftsein des Menschen, sondern auch Orte und R\u00e4ume kl\u00e4ren und sch\u00fctzen.<\/p>\n<p>Wie das alles wirksam funktioniert, dazu sind viele Theorien im Umlauf, die nicht alle einer Nachpr\u00fcfung standhalten. In diesem kleinen praktischen Ratgeber hat der Heilstein-Experte Michael Gienger alle von ihm und seinen zahlreichen Helfern vielfach erprobten Methoden zur Reinigung, Entladung und Aufladung von Heilsteinen zusammengestellt.<\/p>\n<p>Broschiert, 64 Seiten<\/p>\n","protected":false},"excerpt":{"rendered":"<p>PB<\/p>\n","protected":false},"featured_media":4115,"template":"","meta":[],"product_brand":[],"product_cat":[185,205],"product_tag":[374,412],"class_list":{"0":"post-3250","1":"product","2":"type-product","3":"status-publish","4":"has-post-thumbnail","6":"product_cat-literatur","7":"product_cat-steinheilkunde","8":"product_tag-heilkunde","9":"product_tag-steine","10":"product_shipping_class-paket","12":"first","13":"onbackorder","14":"taxable","15":"shipping-taxable","16":"purchasable","17":"product-type-simple"},"_links":{"self":[{"href":"https:\/\/shop.mittgard.de\/index.php?rest_route=\/wp\/v2\/product\/3250","targetHints":{"allow":["GET"]}}],"collection":[{"href":"https:\/\/shop.mittgard.de\/index.php?rest_route=\/wp\/v2\/product"}],"about":[{"href":"https:\/\/shop.mittgard.de\/index.php?rest_route=\/wp\/v2\/types\/product"}],"wp:featuredmedia":[{"embeddable":true,"href":"https:\/\/shop.mittgard.de\/index.php?rest_route=\/wp\/v2\/media\/4115"}],"wp:attachment":[{"href":"https:\/\/shop.mittgard.de\/index.php?rest_route=%2Fwp%2Fv2%2Fmedia&parent=3250"}],"wp:term":[{"taxonomy":"product_brand","embeddable":true,"href":"https:\/\/shop.mittgard.de\/index.php?rest_route=%2Fwp%2Fv2%2Fproduct_brand&post=3250"},{"taxonomy":"product_cat","embeddable":true,"href":"https:\/\/shop.mittgard.de\/index.php?rest_route=%2Fwp%2Fv2%2Fproduct_cat&post=3250"},{"taxonomy":"product_tag","embeddable":true,"href":"https:\/\/shop.mittgard.de\/index.php?rest_route=%2Fwp%2Fv2%2Fproduct_tag&post=3250"}],"curies":[{"name":"wp","href":"https:\/\/api.w.org\/{rel}","templated":true}]}}