{"id":3260,"date":"2018-07-14T12:15:11","date_gmt":"2018-07-14T10:15:11","guid":{"rendered":"http:\/\/shop.mittgard.de\/?product=import-placeholder-for-3322"},"modified":"2024-12-16T11:26:58","modified_gmt":"2024-12-16T10:26:58","slug":"beiser-essbare-wildkraeuter-und-wildbeeren-fuer-unterwegs","status":"publish","type":"product","link":"https:\/\/shop.mittgard.de\/?product=beiser-essbare-wildkraeuter-und-wildbeeren-fuer-unterwegs","title":{"rendered":"Beiser &#8222;Essbare Wildkr\u00e4uter und Wildbeeren f\u00fcr unterwegs&#8220;"},"content":{"rendered":"<p>Essbare Wildkr\u00e4uter und Wildbeeren erkennen und genie\u00dfen<\/p>\n<p>Einfaches Bestimmen durch klare Gliederung nach Lebensr\u00e4umen: Wald, Wiese, Gew\u00e4sser und Feld<\/p>\n<p>&#8211; Portr\u00e4ts von 140 heimischen Wildkr\u00e4utern und Verwechslungsarten<br \/>\n&#8211; \u00fcber 300 Fotos und Farbzeichnungen<br \/>\n&#8211; Tipps f\u00fcr unterwegs zum sicheren Erkennen und Sammeln jeder Pflanze<br \/>\n&#8211; Extra Rezepte mit Wildkr\u00e4utern<\/p>\n<p>Mit wetterfester Plastikh\u00fclle!<\/p>\n<p>Broschiert, 176 Seiten<\/p>\n","protected":false},"excerpt":{"rendered":"<p>Br<\/p>\n","protected":false},"featured_media":11348,"template":"","meta":[],"product_brand":[],"product_cat":[185,206],"product_tag":[408,243,406,415],"class_list":{"0":"post-3260","1":"product","2":"type-product","3":"status-publish","4":"has-post-thumbnail","6":"product_cat-literatur","7":"product_cat-naturkost","8":"product_tag-bestimmen","9":"product_tag-natur","10":"product_tag-rezepte","11":"product_tag-sammeln","12":"product_shipping_class-paket","14":"first","15":"onbackorder","16":"taxable","17":"shipping-taxable","18":"purchasable","19":"product-type-simple"},"_links":{"self":[{"href":"https:\/\/shop.mittgard.de\/index.php?rest_route=\/wp\/v2\/product\/3260","targetHints":{"allow":["GET"]}}],"collection":[{"href":"https:\/\/shop.mittgard.de\/index.php?rest_route=\/wp\/v2\/product"}],"about":[{"href":"https:\/\/shop.mittgard.de\/index.php?rest_route=\/wp\/v2\/types\/product"}],"wp:featuredmedia":[{"embeddable":true,"href":"https:\/\/shop.mittgard.de\/index.php?rest_route=\/wp\/v2\/media\/11348"}],"wp:attachment":[{"href":"https:\/\/shop.mittgard.de\/index.php?rest_route=%2Fwp%2Fv2%2Fmedia&parent=3260"}],"wp:term":[{"taxonomy":"product_brand","embeddable":true,"href":"https:\/\/shop.mittgard.de\/index.php?rest_route=%2Fwp%2Fv2%2Fproduct_brand&post=3260"},{"taxonomy":"product_cat","embeddable":true,"href":"https:\/\/shop.mittgard.de\/index.php?rest_route=%2Fwp%2Fv2%2Fproduct_cat&post=3260"},{"taxonomy":"product_tag","embeddable":true,"href":"https:\/\/shop.mittgard.de\/index.php?rest_route=%2Fwp%2Fv2%2Fproduct_tag&post=3260"}],"curies":[{"name":"wp","href":"https:\/\/api.w.org\/{rel}","templated":true}]}}