{"id":3270,"date":"2018-07-14T12:15:17","date_gmt":"2018-07-14T10:15:17","guid":{"rendered":"http:\/\/shop.mittgard.de\/?product=import-placeholder-for-3332"},"modified":"2024-12-16T10:59:30","modified_gmt":"2024-12-16T09:59:30","slug":"dengel-ruland-holzschuster-lecker-kochen-mit-den-naturgeistern","status":"publish","type":"product","link":"https:\/\/shop.mittgard.de\/?product=dengel-ruland-holzschuster-lecker-kochen-mit-den-naturgeistern","title":{"rendered":"Dengel\/Ruland\/Holzschuster &#8222;Lecker kochen mit den Naturgeistern&#8220;"},"content":{"rendered":"<p>Kochen im Einklang mit der Natur<\/p>\n<p>\u00bbWir sollten zur Essenz zur\u00fcckkehren \u2015 die Essenz ist die Natur.<br \/>\nAlles, was nat\u00fcrlich ist, unterst\u00fctzt den Menschen<br \/>\nund schlie\u00dft ihn wieder in den ewigen Kreislauf des Lebens ein,<br \/>\nbringt ihn in Einklang mit der Natur.\u00ab<\/p>\n<p>Willkommen in der K\u00fcche der Naturgeister! Hier tanzen Feuergeister unter den T\u00f6pfen, Wassergeister lassen es brauen und brodeln, und Feen und Elfen verfeinern die Speisen mit zartem Bl\u00fctenstaub. Von Holunderbl\u00fctenpfannkuchen \u00fcber Feuersugo bis Trollkn\u00f6del an buntem Wildgem\u00fcse \u2013 Jeanne Ruland, Sabrina Dengel und Diana Holzschuster haben f\u00fcr Sie fantasievolle und schmackhafte Rezepte zusammengestellt, die Sie durch das Jahr und seine Feste f\u00fchren.<\/p>\n<p>Erfahren Sie, was die jeweilige Jahreszeit an Kulinarischem, Traditionellem und Dekorativem zu bieten hat. Im Einklang mit der Natur und ihren zauberhaften Geistwesen hei\u00dft es so von Januar bis Dezember: gen\u00fcsslich zur\u00fcck zu den Urspr\u00fcngen!<\/p>\n<p>Broschiert, 216 Seiten<\/p>\n<p>&nbsp;<\/p>\n","protected":false},"excerpt":{"rendered":"<p>Br<\/p>\n","protected":false},"featured_media":9329,"template":"","meta":[],"product_brand":[],"product_cat":[185,200,206],"product_tag":[252,398,366,243,323],"class_list":{"0":"post-3270","1":"product","2":"type-product","3":"status-publish","4":"has-post-thumbnail","6":"product_cat-literatur","7":"product_cat-naturgeister","8":"product_cat-naturkost","9":"product_tag-kinder","10":"product_tag-kochen","11":"product_tag-kraeuter","12":"product_tag-natur","13":"product_tag-naturgeister","14":"product_shipping_class-paket","16":"first","17":"onbackorder","18":"taxable","19":"shipping-taxable","20":"purchasable","21":"product-type-simple"},"_links":{"self":[{"href":"https:\/\/shop.mittgard.de\/index.php?rest_route=\/wp\/v2\/product\/3270","targetHints":{"allow":["GET"]}}],"collection":[{"href":"https:\/\/shop.mittgard.de\/index.php?rest_route=\/wp\/v2\/product"}],"about":[{"href":"https:\/\/shop.mittgard.de\/index.php?rest_route=\/wp\/v2\/types\/product"}],"wp:featuredmedia":[{"embeddable":true,"href":"https:\/\/shop.mittgard.de\/index.php?rest_route=\/wp\/v2\/media\/9329"}],"wp:attachment":[{"href":"https:\/\/shop.mittgard.de\/index.php?rest_route=%2Fwp%2Fv2%2Fmedia&parent=3270"}],"wp:term":[{"taxonomy":"product_brand","embeddable":true,"href":"https:\/\/shop.mittgard.de\/index.php?rest_route=%2Fwp%2Fv2%2Fproduct_brand&post=3270"},{"taxonomy":"product_cat","embeddable":true,"href":"https:\/\/shop.mittgard.de\/index.php?rest_route=%2Fwp%2Fv2%2Fproduct_cat&post=3270"},{"taxonomy":"product_tag","embeddable":true,"href":"https:\/\/shop.mittgard.de\/index.php?rest_route=%2Fwp%2Fv2%2Fproduct_tag&post=3270"}],"curies":[{"name":"wp","href":"https:\/\/api.w.org\/{rel}","templated":true}]}}