{"id":3281,"date":"2018-07-14T12:15:19","date_gmt":"2018-07-14T10:15:19","guid":{"rendered":"http:\/\/shop.mittgard.de\/?product=import-placeholder-for-3343"},"modified":"2025-09-15T13:42:53","modified_gmt":"2025-09-15T11:42:53","slug":"diewald-mayer-die-besten-wildfrucht-rezepte","status":"publish","type":"product","link":"https:\/\/shop.mittgard.de\/?product=diewald-mayer-die-besten-wildfrucht-rezepte","title":{"rendered":"Diewald\/Mayer &#8222;Die besten Wildfrucht-Rezepte&#8220;"},"content":{"rendered":"<p>S\u00fc\u00df &amp; pikant<\/p>\n<p>Wildfr\u00fcchte sind vielf\u00e4ltig in Aroma, Fruchtform und -farbe, reich an Gesundheits- und Vitalstoffen und das ganze Jahr \u00fcber in den G\u00e4rten und der freien Natur zu finden.<\/p>\n<p>Wie man die aromatischsten Wildfr\u00fcchte erkennt, erntet und zu hausgemachten Delikatessen verarbeitet, verr\u00e4t Elisabeth Mayer in diesem Buch.<\/p>\n<p>Zusammen mit Michael Diewald entstand die vorliegende Sammlung von 180 s\u00fc\u00dfen und pikanten Wildfruchtrezepten, die Ihresgleichen suchen: Rolter-Holler-Chutney, Hagebutten-Mandel-Torte, Orangensorbet mit Rosen-Walderdbeeren, Himbeer-Makis, Rumtopf-Wildkirschen, Holler-Gl\u00fchwein, Verhexte Pilze, Maroni-Parfait und Speierling-Schmarren verlocken zum Nachkochen und Genie\u00dfen.<\/p>\n<p>10 Basisrezepte erleichtern das Konservieren und Zubereiten der Natursch\u00e4tze.<\/p>\n<p>Aus dem Inhalt:<\/p>\n<p>&#8211; 36 Portraits k\u00f6stlicher, h\u00e4ufiger Wildfr\u00fcchte und Pilze im Jahreslauf<br \/>\n&#8211; 180 Rezepte zum Nachkochen: Konfekt selbstgemacht, exquisite Torten und Kuchen, au\u00dfergew\u00f6hnliche Strudel und pikante Teigtaschen, Chutneys und eingelegte K\u00f6stlichkeiten, Parfaits und Terrinen, Marmeladen, Kompotte und Gelees, Lik\u00f6re, Sirupe und Wildfr\u00fcchte-Tees.<br \/>\n&#8211; 10 Basisrezepte f\u00fcr den leichten Umgang mit Wildfr\u00fcchten<br \/>\n&#8211; Wissenswertes aus Volksheilkunde und Botanik<\/p>\n<p>Gebundene Ausgabe, 192 Seiten<\/p>\n","protected":false},"excerpt":{"rendered":"<p>HC<\/p>\n","protected":false},"featured_media":9072,"template":"","meta":[],"product_brand":[],"product_cat":[185,206],"product_tag":[421,241],"class_list":{"0":"post-3281","1":"product","2":"type-product","3":"status-publish","4":"has-post-thumbnail","6":"product_cat-literatur","7":"product_cat-naturkost","8":"product_tag-fruechte","9":"product_tag-kueche","10":"product_shipping_class-paket","12":"first","13":"onbackorder","14":"taxable","15":"shipping-taxable","16":"purchasable","17":"product-type-simple"},"_links":{"self":[{"href":"https:\/\/shop.mittgard.de\/index.php?rest_route=\/wp\/v2\/product\/3281","targetHints":{"allow":["GET"]}}],"collection":[{"href":"https:\/\/shop.mittgard.de\/index.php?rest_route=\/wp\/v2\/product"}],"about":[{"href":"https:\/\/shop.mittgard.de\/index.php?rest_route=\/wp\/v2\/types\/product"}],"wp:featuredmedia":[{"embeddable":true,"href":"https:\/\/shop.mittgard.de\/index.php?rest_route=\/wp\/v2\/media\/9072"}],"wp:attachment":[{"href":"https:\/\/shop.mittgard.de\/index.php?rest_route=%2Fwp%2Fv2%2Fmedia&parent=3281"}],"wp:term":[{"taxonomy":"product_brand","embeddable":true,"href":"https:\/\/shop.mittgard.de\/index.php?rest_route=%2Fwp%2Fv2%2Fproduct_brand&post=3281"},{"taxonomy":"product_cat","embeddable":true,"href":"https:\/\/shop.mittgard.de\/index.php?rest_route=%2Fwp%2Fv2%2Fproduct_cat&post=3281"},{"taxonomy":"product_tag","embeddable":true,"href":"https:\/\/shop.mittgard.de\/index.php?rest_route=%2Fwp%2Fv2%2Fproduct_tag&post=3281"}],"curies":[{"name":"wp","href":"https:\/\/api.w.org\/{rel}","templated":true}]}}